{"id":9765,"date":"2025-12-05T11:10:39","date_gmt":"2025-12-05T09:10:39","guid":{"rendered":"https:\/\/swagykarp.fi\/?post_type=product&#038;p=9765"},"modified":"2026-03-09T19:11:27","modified_gmt":"2026-03-09T17:11:27","slug":"mega-evolution-meowscarada-blister","status":"publish","type":"product","link":"https:\/\/swagykarp.fi\/en\/product\/mega-evolution-meowscarada-blister\/","title":{"rendered":"Prismatic Evolutions Premium Figure Collection"},"content":{"rendered":"<p><strong>Prismatic Evolutions Premium Figure Collection<br \/>\nRelease Date: Delayed New Estimate October 2025<br \/>\nLimited to 1 per customer<\/strong><\/p>\n<p>Espeon &amp; Umbreon shine as stellar Pok\u00e9mon ex<\/p>\n<p>The Sun Pok\u00e9mon and Moonlight Pok\u00e9mon combine powers to bring dazzling Treasures to your collection! Appearing as Stellar Tera Pok\u00e9mon ex, Espeon and Umbreon sparkle brightly with attacks that Disrupt your opponent&#8217;s strategy. These etched foil promo cards are joined by a display-ready figure showing both of these Eevee Evolutions looking focused and fierce, plus a collectible enamel pin and full set of card sleeves for your next deck. Then, get ready to find even more surprises inside booster packs from the special Scarlet &amp; Violet\u2014Prismatic Evolutions expansion!<\/p>\n<p>Prismatic Evolutions &#8211; Premium Figure Collection includes:<\/p>\n<p>11 Pokemon Prismatic evolutions booster packs<br \/>\n1 Espeon promo card<br \/>\n1 Umbreon promo card<br \/>\n1 figure<br \/>\n1 pin<br \/>\n65 sleeves<br \/>\n1 code card for Pok\u00e9mon Trading Card Game Live<\/p>\n<p>&nbsp;<\/p>\n<p>&nbsp;<\/p>","protected":false},"excerpt":{"rendered":"<p>Prismatic Evolutions Premium Figure Collection Release Date: Delayed New Estimate October 2025 Limited to 1 per customer Espeon &amp; Umbreon shine as stellar Pok\u00e9mon ex The Sun Pok\u00e9mon and Moonlight [&hellip;]<\/p>\n","protected":false},"featured_media":9769,"template":"","meta":[],"product_brand":[],"product_cat":[45],"product_tag":[],"class_list":{"0":"post-9765","1":"product","2":"type-product","3":"status-publish","4":"has-post-thumbnail","6":"product_cat-collection-boxit","8":"first","9":"outofstock","10":"taxable","11":"shipping-taxable","12":"purchasable","13":"product-type-simple"},"yoast_head":"<!-- This site is optimized with the Yoast SEO Premium plugin v26.2 (Yoast SEO v27.2) - https:\/\/yoast.com\/product\/yoast-seo-premium-wordpress\/ -->\n<title>Prismatic Evolutions Premium Figure Collection - Swagykarp<\/title>\n<meta name=\"robots\" content=\"index, follow, max-snippet:-1, max-image-preview:large, max-video-preview:-1\" \/>\n<link rel=\"canonical\" href=\"https:\/\/swagykarp.fi\/en\/product\/mega-evolution-meowscarada-blister\/\" \/>\n<meta property=\"og:locale\" content=\"en_GB\" \/>\n<meta property=\"og:type\" content=\"article\" \/>\n<meta property=\"og:title\" content=\"Prismatic Evolutions Premium Figure Collection\" \/>\n<meta property=\"og:description\" content=\"Prismatic Evolutions Premium Figure Collection Release Date: Delayed New Estimate October 2025 Limited to 1 per customer Espeon &amp; Umbreon shine as stellar Pok\u00e9mon ex The Sun Pok\u00e9mon and Moonlight [&hellip;]\" \/>\n<meta property=\"og:url\" content=\"https:\/\/swagykarp.fi\/en\/product\/mega-evolution-meowscarada-blister\/\" \/>\n<meta property=\"og:site_name\" content=\"Swagykarp\" \/>\n<meta property=\"article:publisher\" content=\"https:\/\/www.facebook.com\/swagykarp\" \/>\n<meta property=\"article:modified_time\" content=\"2026-03-09T17:11:27+00:00\" \/>\n<meta property=\"og:image\" content=\"https:\/\/swagykarp.fi\/wp-content\/uploads\/2025\/10\/collection-prismatic-evolutions-figure-scaled-1.webp\" \/>\n\t<meta property=\"og:image:width\" content=\"1920\" \/>\n\t<meta property=\"og:image:height\" content=\"1920\" \/>\n\t<meta property=\"og:image:type\" content=\"image\/webp\" \/>\n<meta name=\"twitter:card\" content=\"summary_large_image\" \/>\n<meta name=\"twitter:site\" content=\"@Swagykarp\" \/>\n<meta name=\"twitter:label1\" content=\"Estimated reading time\" \/>\n\t<meta name=\"twitter:data1\" content=\"2 minutes\" \/>\n<script type=\"application\/ld+json\" class=\"yoast-schema-graph\">{\"@context\":\"https:\/\/schema.org\",\"@graph\":[{\"@type\":\"WebPage\",\"@id\":\"https:\/\/swagykarp.fi\/product\/mega-evolution-meowscarada-blister\/\",\"url\":\"https:\/\/swagykarp.fi\/product\/mega-evolution-meowscarada-blister\/\",\"name\":\"Prismatic Evolutions Premium Figure Collection - Swagykarp\",\"isPartOf\":{\"@id\":\"https:\/\/swagykarp.fi\/en\/#website\"},\"primaryImageOfPage\":{\"@id\":\"https:\/\/swagykarp.fi\/product\/mega-evolution-meowscarada-blister\/#primaryimage\"},\"image\":{\"@id\":\"https:\/\/swagykarp.fi\/product\/mega-evolution-meowscarada-blister\/#primaryimage\"},\"thumbnailUrl\":\"https:\/\/swagykarp.fi\/wp-content\/uploads\/2025\/10\/collection-prismatic-evolutions-figure-scaled-1.webp\",\"datePublished\":\"2025-12-05T09:10:39+00:00\",\"dateModified\":\"2026-03-09T17:11:27+00:00\",\"breadcrumb\":{\"@id\":\"https:\/\/swagykarp.fi\/product\/mega-evolution-meowscarada-blister\/#breadcrumb\"},\"inLanguage\":\"en-GB\",\"potentialAction\":[{\"@type\":\"ReadAction\",\"target\":[\"https:\/\/swagykarp.fi\/product\/mega-evolution-meowscarada-blister\/\"]}]},{\"@type\":\"ImageObject\",\"inLanguage\":\"en-GB\",\"@id\":\"https:\/\/swagykarp.fi\/product\/mega-evolution-meowscarada-blister\/#primaryimage\",\"url\":\"https:\/\/swagykarp.fi\/wp-content\/uploads\/2025\/10\/collection-prismatic-evolutions-figure-scaled-1.webp\",\"contentUrl\":\"https:\/\/swagykarp.fi\/wp-content\/uploads\/2025\/10\/collection-prismatic-evolutions-figure-scaled-1.webp\",\"width\":1920,\"height\":1920},{\"@type\":\"BreadcrumbList\",\"@id\":\"https:\/\/swagykarp.fi\/product\/mega-evolution-meowscarada-blister\/#breadcrumb\",\"itemListElement\":[{\"@type\":\"ListItem\",\"position\":1,\"name\":\"Home\",\"item\":\"https:\/\/swagykarp.fi\/\"},{\"@type\":\"ListItem\",\"position\":2,\"name\":\"Kauppa\",\"item\":\"https:\/\/swagykarp.fi\/kauppa\/\"},{\"@type\":\"ListItem\",\"position\":3,\"name\":\"Prismatic Evolutions Premium Figure Collection\"}]},{\"@type\":\"WebSite\",\"@id\":\"https:\/\/swagykarp.fi\/en\/#website\",\"url\":\"https:\/\/swagykarp.fi\/en\/\",\"name\":\"Swagykarp\",\"description\":\"Pokemon TCG Store\",\"publisher\":{\"@id\":\"https:\/\/swagykarp.fi\/en\/#organization\"},\"potentialAction\":[{\"@type\":\"SearchAction\",\"target\":{\"@type\":\"EntryPoint\",\"urlTemplate\":\"https:\/\/swagykarp.fi\/en\/?s={search_term_string}\"},\"query-input\":{\"@type\":\"PropertyValueSpecification\",\"valueRequired\":true,\"valueName\":\"search_term_string\"}}],\"inLanguage\":\"en-GB\"},{\"@type\":\"Organization\",\"@id\":\"https:\/\/swagykarp.fi\/en\/#organization\",\"name\":\"Swagykarp\",\"url\":\"https:\/\/swagykarp.fi\/en\/\",\"logo\":{\"@type\":\"ImageObject\",\"inLanguage\":\"en-GB\",\"@id\":\"https:\/\/swagykarp.fi\/en\/#\/schema\/logo\/image\/\",\"url\":\"https:\/\/swagykarp.fi\/wp-content\/uploads\/2025\/08\/logo-text.webp\",\"contentUrl\":\"https:\/\/swagykarp.fi\/wp-content\/uploads\/2025\/08\/logo-text.webp\",\"width\":1920,\"height\":1920,\"caption\":\"Swagykarp\"},\"image\":{\"@id\":\"https:\/\/swagykarp.fi\/en\/#\/schema\/logo\/image\/\"},\"sameAs\":[\"https:\/\/www.facebook.com\/swagykarp\",\"https:\/\/x.com\/Swagykarp\",\"https:\/\/www.instagram.com\/swagykarp\"]}]}<\/script>\n<!-- \/ Yoast SEO Premium plugin. -->","yoast_head_json":{"title":"Prismatic Evolutions Premium Figure Collection - Swagykarp","robots":{"index":"index","follow":"follow","max-snippet":"max-snippet:-1","max-image-preview":"max-image-preview:large","max-video-preview":"max-video-preview:-1"},"canonical":"https:\/\/swagykarp.fi\/en\/product\/mega-evolution-meowscarada-blister\/","og_locale":"en_GB","og_type":"article","og_title":"Prismatic Evolutions Premium Figure Collection","og_description":"Prismatic Evolutions Premium Figure Collection Release Date: Delayed New Estimate October 2025 Limited to 1 per customer Espeon &amp; Umbreon shine as stellar Pok\u00e9mon ex The Sun Pok\u00e9mon and Moonlight [&hellip;]","og_url":"https:\/\/swagykarp.fi\/en\/product\/mega-evolution-meowscarada-blister\/","og_site_name":"Swagykarp","article_publisher":"https:\/\/www.facebook.com\/swagykarp","article_modified_time":"2026-03-09T17:11:27+00:00","og_image":[{"width":1920,"height":1920,"url":"https:\/\/swagykarp.fi\/wp-content\/uploads\/2025\/10\/collection-prismatic-evolutions-figure-scaled-1.webp","type":"image\/webp"}],"twitter_card":"summary_large_image","twitter_site":"@Swagykarp","twitter_misc":{"Estimated reading time":"2 minutes"},"schema":{"@context":"https:\/\/schema.org","@graph":[{"@type":"WebPage","@id":"https:\/\/swagykarp.fi\/product\/mega-evolution-meowscarada-blister\/","url":"https:\/\/swagykarp.fi\/product\/mega-evolution-meowscarada-blister\/","name":"Prismatic Evolutions Premium Figure Collection - Swagykarp","isPartOf":{"@id":"https:\/\/swagykarp.fi\/en\/#website"},"primaryImageOfPage":{"@id":"https:\/\/swagykarp.fi\/product\/mega-evolution-meowscarada-blister\/#primaryimage"},"image":{"@id":"https:\/\/swagykarp.fi\/product\/mega-evolution-meowscarada-blister\/#primaryimage"},"thumbnailUrl":"https:\/\/swagykarp.fi\/wp-content\/uploads\/2025\/10\/collection-prismatic-evolutions-figure-scaled-1.webp","datePublished":"2025-12-05T09:10:39+00:00","dateModified":"2026-03-09T17:11:27+00:00","breadcrumb":{"@id":"https:\/\/swagykarp.fi\/product\/mega-evolution-meowscarada-blister\/#breadcrumb"},"inLanguage":"en-GB","potentialAction":[{"@type":"ReadAction","target":["https:\/\/swagykarp.fi\/product\/mega-evolution-meowscarada-blister\/"]}]},{"@type":"ImageObject","inLanguage":"en-GB","@id":"https:\/\/swagykarp.fi\/product\/mega-evolution-meowscarada-blister\/#primaryimage","url":"https:\/\/swagykarp.fi\/wp-content\/uploads\/2025\/10\/collection-prismatic-evolutions-figure-scaled-1.webp","contentUrl":"https:\/\/swagykarp.fi\/wp-content\/uploads\/2025\/10\/collection-prismatic-evolutions-figure-scaled-1.webp","width":1920,"height":1920},{"@type":"BreadcrumbList","@id":"https:\/\/swagykarp.fi\/product\/mega-evolution-meowscarada-blister\/#breadcrumb","itemListElement":[{"@type":"ListItem","position":1,"name":"Home","item":"https:\/\/swagykarp.fi\/"},{"@type":"ListItem","position":2,"name":"Kauppa","item":"https:\/\/swagykarp.fi\/kauppa\/"},{"@type":"ListItem","position":3,"name":"Prismatic Evolutions Premium Figure Collection"}]},{"@type":"WebSite","@id":"https:\/\/swagykarp.fi\/en\/#website","url":"https:\/\/swagykarp.fi\/en\/","name":"Swagykarp","description":"Pokemon TCG Store","publisher":{"@id":"https:\/\/swagykarp.fi\/en\/#organization"},"potentialAction":[{"@type":"SearchAction","target":{"@type":"EntryPoint","urlTemplate":"https:\/\/swagykarp.fi\/en\/?s={search_term_string}"},"query-input":{"@type":"PropertyValueSpecification","valueRequired":true,"valueName":"search_term_string"}}],"inLanguage":"en-GB"},{"@type":"Organization","@id":"https:\/\/swagykarp.fi\/en\/#organization","name":"Swagykarp","url":"https:\/\/swagykarp.fi\/en\/","logo":{"@type":"ImageObject","inLanguage":"en-GB","@id":"https:\/\/swagykarp.fi\/en\/#\/schema\/logo\/image\/","url":"https:\/\/swagykarp.fi\/wp-content\/uploads\/2025\/08\/logo-text.webp","contentUrl":"https:\/\/swagykarp.fi\/wp-content\/uploads\/2025\/08\/logo-text.webp","width":1920,"height":1920,"caption":"Swagykarp"},"image":{"@id":"https:\/\/swagykarp.fi\/en\/#\/schema\/logo\/image\/"},"sameAs":["https:\/\/www.facebook.com\/swagykarp","https:\/\/x.com\/Swagykarp","https:\/\/www.instagram.com\/swagykarp"]}]}},"_links":{"self":[{"href":"https:\/\/swagykarp.fi\/en\/wp-json\/wp\/v2\/product\/9765","targetHints":{"allow":["GET"]}}],"collection":[{"href":"https:\/\/swagykarp.fi\/en\/wp-json\/wp\/v2\/product"}],"about":[{"href":"https:\/\/swagykarp.fi\/en\/wp-json\/wp\/v2\/types\/product"}],"wp:featuredmedia":[{"embeddable":true,"href":"https:\/\/swagykarp.fi\/en\/wp-json\/wp\/v2\/media\/9769"}],"wp:attachment":[{"href":"https:\/\/swagykarp.fi\/en\/wp-json\/wp\/v2\/media?parent=9765"}],"wp:term":[{"taxonomy":"product_brand","embeddable":true,"href":"https:\/\/swagykarp.fi\/en\/wp-json\/wp\/v2\/product_brand?post=9765"},{"taxonomy":"product_cat","embeddable":true,"href":"https:\/\/swagykarp.fi\/en\/wp-json\/wp\/v2\/product_cat?post=9765"},{"taxonomy":"product_tag","embeddable":true,"href":"https:\/\/swagykarp.fi\/en\/wp-json\/wp\/v2\/product_tag?post=9765"}],"curies":[{"name":"wp","href":"https:\/\/api.w.org\/{rel}","templated":true}]}}