{"id":9468,"date":"2025-10-19T11:09:35","date_gmt":"2025-10-19T08:09:35","guid":{"rendered":"https:\/\/swagykarp.fi\/?post_type=product&#038;p=9468"},"modified":"2025-10-30T20:54:37","modified_gmt":"2025-10-30T18:54:37","slug":"pokemon-go-booster-pack","status":"publish","type":"product","link":"https:\/\/swagykarp.fi\/en\/product\/pokemon-go-booster-pack\/","title":{"rendered":"Pok\u00e9mon Go Booster Pack"},"content":{"rendered":"<p><strong>Pok\u00e9mon Go Booster Pack<br \/>\n<\/strong><\/p>\n<ul>\n<li>Each booster pack contains 10 cards and either 1 basic Energy or 1 VSTAR marker. Cards vary by pack.<\/li>\n<\/ul>\n<p><strong>Gear up for battle like never before as Pok\u00e9mon GO meets the Pok\u00e9mon Trading Card Game! <\/strong><br \/>\nDragonite VSTAR and Mewtwo VSTAR show off immense powers, while Melmetal VMAX in its Gigantamax form smashes the competition. Appearing as sought-after Shiny Pok\u00e9mon, Radiant Venusaur, Radiant Charizard, and Radiant Blastoise bring dazzling new strategies to the battlefield. Meanwhile, the leaders of Team Instinct, Team Mystic, and Team Valor are ready to show their support in the Pok\u00e9mon TCG: Pok\u00e9mon GO expansion!<\/p>\n<p>The Pok\u00e9mon TCG: Pok\u00e9mon GO expansion includes:<\/p>\n<p>New Pok\u00e9mon V, Pok\u00e9mon VMAX, and Pok\u00e9mon VSTAR<\/p>\n<p>3 Radiant Pok\u00e9mon<\/p>\n<p>More than 75 cards<\/p>\n<p><strong>\u00a0<\/strong><\/p>","protected":false},"excerpt":{"rendered":"<p>Pok\u00e9mon Go Booster Pack Each booster pack contains 10 cards and either 1 basic Energy or 1 VSTAR marker. Cards vary by pack. Gear up for battle like never before [&hellip;]<\/p>\n","protected":false},"featured_media":9469,"template":"","meta":[],"product_brand":[],"product_cat":[38],"product_tag":[],"class_list":{"0":"post-9468","1":"product","2":"type-product","3":"status-publish","4":"has-post-thumbnail","6":"product_cat-boosterit","8":"first","9":"outofstock","10":"taxable","11":"shipping-taxable","12":"purchasable","13":"product-type-simple"},"yoast_head":"<!-- This site is optimized with the Yoast SEO Premium plugin v26.2 (Yoast SEO v27.2) - https:\/\/yoast.com\/product\/yoast-seo-premium-wordpress\/ -->\n<title>Pok\u00e9mon Go Booster Pack - Swagykarp<\/title>\n<meta name=\"robots\" content=\"index, follow, max-snippet:-1, max-image-preview:large, max-video-preview:-1\" \/>\n<link rel=\"canonical\" href=\"https:\/\/swagykarp.fi\/en\/product\/pokemon-go-booster-pack\/\" \/>\n<meta property=\"og:locale\" content=\"en_GB\" \/>\n<meta property=\"og:type\" content=\"article\" \/>\n<meta property=\"og:title\" content=\"Pok\u00e9mon Go Booster Pack\" \/>\n<meta property=\"og:description\" content=\"Pok\u00e9mon Go Booster Pack Each booster pack contains 10 cards and either 1 basic Energy or 1 VSTAR marker. Cards vary by pack. Gear up for battle like never before [&hellip;]\" \/>\n<meta property=\"og:url\" content=\"https:\/\/swagykarp.fi\/en\/product\/pokemon-go-booster-pack\/\" \/>\n<meta property=\"og:site_name\" content=\"Swagykarp\" \/>\n<meta property=\"article:publisher\" content=\"https:\/\/www.facebook.com\/swagykarp\" \/>\n<meta property=\"article:modified_time\" content=\"2025-10-30T18:54:37+00:00\" \/>\n<meta property=\"og:image\" content=\"https:\/\/swagykarp.fi\/wp-content\/uploads\/2025\/10\/booster-pokemon-go-scaled-1.webp\" \/>\n\t<meta property=\"og:image:width\" content=\"1920\" \/>\n\t<meta property=\"og:image:height\" content=\"1920\" \/>\n\t<meta property=\"og:image:type\" content=\"image\/webp\" \/>\n<meta name=\"twitter:card\" content=\"summary_large_image\" \/>\n<meta name=\"twitter:site\" content=\"@Swagykarp\" \/>\n<meta name=\"twitter:label1\" content=\"Estimated reading time\" \/>\n\t<meta name=\"twitter:data1\" content=\"1 minute\" \/>\n<script type=\"application\/ld+json\" class=\"yoast-schema-graph\">{\"@context\":\"https:\/\/schema.org\",\"@graph\":[{\"@type\":\"WebPage\",\"@id\":\"https:\/\/swagykarp.fi\/product\/pokemon-go-booster-pack\/\",\"url\":\"https:\/\/swagykarp.fi\/product\/pokemon-go-booster-pack\/\",\"name\":\"Pok\u00e9mon Go Booster Pack - Swagykarp\",\"isPartOf\":{\"@id\":\"https:\/\/swagykarp.fi\/en\/#website\"},\"primaryImageOfPage\":{\"@id\":\"https:\/\/swagykarp.fi\/product\/pokemon-go-booster-pack\/#primaryimage\"},\"image\":{\"@id\":\"https:\/\/swagykarp.fi\/product\/pokemon-go-booster-pack\/#primaryimage\"},\"thumbnailUrl\":\"https:\/\/swagykarp.fi\/wp-content\/uploads\/2025\/10\/booster-pokemon-go-scaled-1.webp\",\"datePublished\":\"2025-10-19T08:09:35+00:00\",\"dateModified\":\"2025-10-30T18:54:37+00:00\",\"breadcrumb\":{\"@id\":\"https:\/\/swagykarp.fi\/product\/pokemon-go-booster-pack\/#breadcrumb\"},\"inLanguage\":\"en-GB\",\"potentialAction\":[{\"@type\":\"ReadAction\",\"target\":[\"https:\/\/swagykarp.fi\/product\/pokemon-go-booster-pack\/\"]}]},{\"@type\":\"ImageObject\",\"inLanguage\":\"en-GB\",\"@id\":\"https:\/\/swagykarp.fi\/product\/pokemon-go-booster-pack\/#primaryimage\",\"url\":\"https:\/\/swagykarp.fi\/wp-content\/uploads\/2025\/10\/booster-pokemon-go-scaled-1.webp\",\"contentUrl\":\"https:\/\/swagykarp.fi\/wp-content\/uploads\/2025\/10\/booster-pokemon-go-scaled-1.webp\",\"width\":1920,\"height\":1920},{\"@type\":\"BreadcrumbList\",\"@id\":\"https:\/\/swagykarp.fi\/product\/pokemon-go-booster-pack\/#breadcrumb\",\"itemListElement\":[{\"@type\":\"ListItem\",\"position\":1,\"name\":\"Home\",\"item\":\"https:\/\/swagykarp.fi\/\"},{\"@type\":\"ListItem\",\"position\":2,\"name\":\"Kauppa\",\"item\":\"https:\/\/swagykarp.fi\/kauppa\/\"},{\"@type\":\"ListItem\",\"position\":3,\"name\":\"Pok\u00e9mon Go Booster Pack\"}]},{\"@type\":\"WebSite\",\"@id\":\"https:\/\/swagykarp.fi\/en\/#website\",\"url\":\"https:\/\/swagykarp.fi\/en\/\",\"name\":\"Swagykarp\",\"description\":\"Pokemon TCG Store\",\"publisher\":{\"@id\":\"https:\/\/swagykarp.fi\/en\/#organization\"},\"potentialAction\":[{\"@type\":\"SearchAction\",\"target\":{\"@type\":\"EntryPoint\",\"urlTemplate\":\"https:\/\/swagykarp.fi\/en\/?s={search_term_string}\"},\"query-input\":{\"@type\":\"PropertyValueSpecification\",\"valueRequired\":true,\"valueName\":\"search_term_string\"}}],\"inLanguage\":\"en-GB\"},{\"@type\":\"Organization\",\"@id\":\"https:\/\/swagykarp.fi\/en\/#organization\",\"name\":\"Swagykarp\",\"url\":\"https:\/\/swagykarp.fi\/en\/\",\"logo\":{\"@type\":\"ImageObject\",\"inLanguage\":\"en-GB\",\"@id\":\"https:\/\/swagykarp.fi\/en\/#\/schema\/logo\/image\/\",\"url\":\"https:\/\/swagykarp.fi\/wp-content\/uploads\/2025\/08\/logo-text.webp\",\"contentUrl\":\"https:\/\/swagykarp.fi\/wp-content\/uploads\/2025\/08\/logo-text.webp\",\"width\":1920,\"height\":1920,\"caption\":\"Swagykarp\"},\"image\":{\"@id\":\"https:\/\/swagykarp.fi\/en\/#\/schema\/logo\/image\/\"},\"sameAs\":[\"https:\/\/www.facebook.com\/swagykarp\",\"https:\/\/x.com\/Swagykarp\",\"https:\/\/www.instagram.com\/swagykarp\"]}]}<\/script>\n<!-- \/ Yoast SEO Premium plugin. -->","yoast_head_json":{"title":"Pok\u00e9mon Go Booster Pack - Swagykarp","robots":{"index":"index","follow":"follow","max-snippet":"max-snippet:-1","max-image-preview":"max-image-preview:large","max-video-preview":"max-video-preview:-1"},"canonical":"https:\/\/swagykarp.fi\/en\/product\/pokemon-go-booster-pack\/","og_locale":"en_GB","og_type":"article","og_title":"Pok\u00e9mon Go Booster Pack","og_description":"Pok\u00e9mon Go Booster Pack Each booster pack contains 10 cards and either 1 basic Energy or 1 VSTAR marker. Cards vary by pack. Gear up for battle like never before [&hellip;]","og_url":"https:\/\/swagykarp.fi\/en\/product\/pokemon-go-booster-pack\/","og_site_name":"Swagykarp","article_publisher":"https:\/\/www.facebook.com\/swagykarp","article_modified_time":"2025-10-30T18:54:37+00:00","og_image":[{"width":1920,"height":1920,"url":"https:\/\/swagykarp.fi\/wp-content\/uploads\/2025\/10\/booster-pokemon-go-scaled-1.webp","type":"image\/webp"}],"twitter_card":"summary_large_image","twitter_site":"@Swagykarp","twitter_misc":{"Estimated reading time":"1 minute"},"schema":{"@context":"https:\/\/schema.org","@graph":[{"@type":"WebPage","@id":"https:\/\/swagykarp.fi\/product\/pokemon-go-booster-pack\/","url":"https:\/\/swagykarp.fi\/product\/pokemon-go-booster-pack\/","name":"Pok\u00e9mon Go Booster Pack - Swagykarp","isPartOf":{"@id":"https:\/\/swagykarp.fi\/en\/#website"},"primaryImageOfPage":{"@id":"https:\/\/swagykarp.fi\/product\/pokemon-go-booster-pack\/#primaryimage"},"image":{"@id":"https:\/\/swagykarp.fi\/product\/pokemon-go-booster-pack\/#primaryimage"},"thumbnailUrl":"https:\/\/swagykarp.fi\/wp-content\/uploads\/2025\/10\/booster-pokemon-go-scaled-1.webp","datePublished":"2025-10-19T08:09:35+00:00","dateModified":"2025-10-30T18:54:37+00:00","breadcrumb":{"@id":"https:\/\/swagykarp.fi\/product\/pokemon-go-booster-pack\/#breadcrumb"},"inLanguage":"en-GB","potentialAction":[{"@type":"ReadAction","target":["https:\/\/swagykarp.fi\/product\/pokemon-go-booster-pack\/"]}]},{"@type":"ImageObject","inLanguage":"en-GB","@id":"https:\/\/swagykarp.fi\/product\/pokemon-go-booster-pack\/#primaryimage","url":"https:\/\/swagykarp.fi\/wp-content\/uploads\/2025\/10\/booster-pokemon-go-scaled-1.webp","contentUrl":"https:\/\/swagykarp.fi\/wp-content\/uploads\/2025\/10\/booster-pokemon-go-scaled-1.webp","width":1920,"height":1920},{"@type":"BreadcrumbList","@id":"https:\/\/swagykarp.fi\/product\/pokemon-go-booster-pack\/#breadcrumb","itemListElement":[{"@type":"ListItem","position":1,"name":"Home","item":"https:\/\/swagykarp.fi\/"},{"@type":"ListItem","position":2,"name":"Kauppa","item":"https:\/\/swagykarp.fi\/kauppa\/"},{"@type":"ListItem","position":3,"name":"Pok\u00e9mon Go Booster Pack"}]},{"@type":"WebSite","@id":"https:\/\/swagykarp.fi\/en\/#website","url":"https:\/\/swagykarp.fi\/en\/","name":"Swagykarp","description":"Pokemon TCG Store","publisher":{"@id":"https:\/\/swagykarp.fi\/en\/#organization"},"potentialAction":[{"@type":"SearchAction","target":{"@type":"EntryPoint","urlTemplate":"https:\/\/swagykarp.fi\/en\/?s={search_term_string}"},"query-input":{"@type":"PropertyValueSpecification","valueRequired":true,"valueName":"search_term_string"}}],"inLanguage":"en-GB"},{"@type":"Organization","@id":"https:\/\/swagykarp.fi\/en\/#organization","name":"Swagykarp","url":"https:\/\/swagykarp.fi\/en\/","logo":{"@type":"ImageObject","inLanguage":"en-GB","@id":"https:\/\/swagykarp.fi\/en\/#\/schema\/logo\/image\/","url":"https:\/\/swagykarp.fi\/wp-content\/uploads\/2025\/08\/logo-text.webp","contentUrl":"https:\/\/swagykarp.fi\/wp-content\/uploads\/2025\/08\/logo-text.webp","width":1920,"height":1920,"caption":"Swagykarp"},"image":{"@id":"https:\/\/swagykarp.fi\/en\/#\/schema\/logo\/image\/"},"sameAs":["https:\/\/www.facebook.com\/swagykarp","https:\/\/x.com\/Swagykarp","https:\/\/www.instagram.com\/swagykarp"]}]}},"_links":{"self":[{"href":"https:\/\/swagykarp.fi\/en\/wp-json\/wp\/v2\/product\/9468","targetHints":{"allow":["GET"]}}],"collection":[{"href":"https:\/\/swagykarp.fi\/en\/wp-json\/wp\/v2\/product"}],"about":[{"href":"https:\/\/swagykarp.fi\/en\/wp-json\/wp\/v2\/types\/product"}],"wp:featuredmedia":[{"embeddable":true,"href":"https:\/\/swagykarp.fi\/en\/wp-json\/wp\/v2\/media\/9469"}],"wp:attachment":[{"href":"https:\/\/swagykarp.fi\/en\/wp-json\/wp\/v2\/media?parent=9468"}],"wp:term":[{"taxonomy":"product_brand","embeddable":true,"href":"https:\/\/swagykarp.fi\/en\/wp-json\/wp\/v2\/product_brand?post=9468"},{"taxonomy":"product_cat","embeddable":true,"href":"https:\/\/swagykarp.fi\/en\/wp-json\/wp\/v2\/product_cat?post=9468"},{"taxonomy":"product_tag","embeddable":true,"href":"https:\/\/swagykarp.fi\/en\/wp-json\/wp\/v2\/product_tag?post=9468"}],"curies":[{"name":"wp","href":"https:\/\/api.w.org\/{rel}","templated":true}]}}