{"id":9436,"date":"2025-10-19T11:09:21","date_gmt":"2025-10-19T08:09:21","guid":{"rendered":"https:\/\/swagykarp.fi\/?post_type=product&#038;p=9436"},"modified":"2026-04-17T18:52:21","modified_gmt":"2026-04-17T15:52:21","slug":"pokemon-battle-academy-2022","status":"publish","type":"product","link":"https:\/\/swagykarp.fi\/en\/product\/pokemon-battle-academy-2022\/","title":{"rendered":"Pok\u00e9mon Battle Academy 2022"},"content":{"rendered":"<p><strong>Join the Pok\u00e9mon Trainersat the Battle Academy!<\/strong><br \/>\nPrepare for a Pok\u00e9mon battle with the ready-to-play Pok\u00e9mon Trading Card Game Battle Academy! The Battle Academy includes everything two players need to play, with guides to the decks so your first game is easy to follow. You can choose Cinderace or Pikachu to lead your team in a heads-up battle against another Trainer. Then, switch up the decks to play Eevee against Cinderace or Pikachu, and lead a different team of Pok\u00e9mon into the arena! With a little strategy and a little luck, you can battle with the best!<\/p>\n<p><strong>The Pok\u00e9mon TCG Battle Academy includes:<\/strong><\/p>\n<p>3 complete Pok\u00e9mon TCG decks (60 cards each)<br \/>\nEach deck includes a powerful special Pok\u00e9mon: Cinderace V, Pikachu V, or Eevee V<br \/>\nEevee deck includes 2 copies of an all-new promo card featuring Galarian Obstagoon<br \/>\n1 instruction sheet to help you set up to play<br \/>\n2 tutorial guides to lead you through the decks<br \/>\n1 two-player game board<br \/>\n3 deck boxes to keep the cards organized<br \/>\n1 rulebook<br \/>\n1 large metallic coin featuring Cinderace, Pikachu, and Eevee<br \/>\n1 set of damage counters<br \/>\nA code card for the new Pok\u00e9mon TCG Live<\/p>","protected":false},"excerpt":{"rendered":"<p>Join the Pok\u00e9mon Trainersat the Battle Academy! Prepare for a Pok\u00e9mon battle with the ready-to-play Pok\u00e9mon Trading Card Game Battle Academy! The Battle Academy includes everything two players need to [&hellip;]<\/p>\n","protected":false},"featured_media":9437,"template":"","meta":[],"product_brand":[],"product_cat":[299],"product_tag":[],"class_list":{"0":"post-9436","1":"product","2":"type-product","3":"status-publish","4":"has-post-thumbnail","6":"product_cat-battle-deckit","8":"first","9":"outofstock","10":"taxable","11":"shipping-taxable","12":"purchasable","13":"product-type-simple"},"yoast_head":"<!-- This site is optimized with the Yoast SEO Premium plugin v26.2 (Yoast SEO v27.4) - https:\/\/yoast.com\/product\/yoast-seo-premium-wordpress\/ -->\n<title>Pok\u00e9mon Battle Academy 2022 - Swagykarp<\/title>\n<meta name=\"robots\" content=\"index, follow, max-snippet:-1, max-image-preview:large, max-video-preview:-1\" \/>\n<link rel=\"canonical\" href=\"https:\/\/swagykarp.fi\/en\/product\/pokemon-battle-academy-2022\/\" \/>\n<meta property=\"og:locale\" content=\"en_GB\" \/>\n<meta property=\"og:type\" content=\"article\" \/>\n<meta property=\"og:title\" content=\"Pok\u00e9mon Battle Academy 2022\" \/>\n<meta property=\"og:description\" content=\"Join the Pok\u00e9mon Trainersat the Battle Academy! Prepare for a Pok\u00e9mon battle with the ready-to-play Pok\u00e9mon Trading Card Game Battle Academy! The Battle Academy includes everything two players need to [&hellip;]\" \/>\n<meta property=\"og:url\" content=\"https:\/\/swagykarp.fi\/en\/product\/pokemon-battle-academy-2022\/\" \/>\n<meta property=\"og:site_name\" content=\"Swagykarp\" \/>\n<meta property=\"article:publisher\" content=\"https:\/\/www.facebook.com\/swagykarp\" \/>\n<meta property=\"article:modified_time\" content=\"2026-04-17T15:52:21+00:00\" \/>\n<meta property=\"og:image\" content=\"https:\/\/swagykarp.fi\/wp-content\/uploads\/2025\/10\/battle-academy-2022-scaled-1.webp\" \/>\n\t<meta property=\"og:image:width\" content=\"1920\" \/>\n\t<meta property=\"og:image:height\" content=\"1920\" \/>\n\t<meta property=\"og:image:type\" content=\"image\/webp\" \/>\n<meta name=\"twitter:card\" content=\"summary_large_image\" \/>\n<meta name=\"twitter:site\" content=\"@Swagykarp\" \/>\n<meta name=\"twitter:label1\" content=\"Estimated reading time\" \/>\n\t<meta name=\"twitter:data1\" content=\"1 minute\" \/>\n<script type=\"application\/ld+json\" class=\"yoast-schema-graph\">{\"@context\":\"https:\\\/\\\/schema.org\",\"@graph\":[{\"@type\":\"WebPage\",\"@id\":\"https:\\\/\\\/swagykarp.fi\\\/product\\\/pokemon-battle-academy-2022\\\/\",\"url\":\"https:\\\/\\\/swagykarp.fi\\\/product\\\/pokemon-battle-academy-2022\\\/\",\"name\":\"Pok\u00e9mon Battle Academy 2022 - Swagykarp\",\"isPartOf\":{\"@id\":\"https:\\\/\\\/swagykarp.fi\\\/en\\\/#website\"},\"primaryImageOfPage\":{\"@id\":\"https:\\\/\\\/swagykarp.fi\\\/product\\\/pokemon-battle-academy-2022\\\/#primaryimage\"},\"image\":{\"@id\":\"https:\\\/\\\/swagykarp.fi\\\/product\\\/pokemon-battle-academy-2022\\\/#primaryimage\"},\"thumbnailUrl\":\"https:\\\/\\\/swagykarp.fi\\\/wp-content\\\/uploads\\\/2025\\\/10\\\/battle-academy-2022-scaled-1.webp\",\"datePublished\":\"2025-10-19T08:09:21+00:00\",\"dateModified\":\"2026-04-17T15:52:21+00:00\",\"breadcrumb\":{\"@id\":\"https:\\\/\\\/swagykarp.fi\\\/product\\\/pokemon-battle-academy-2022\\\/#breadcrumb\"},\"inLanguage\":\"en-GB\",\"potentialAction\":[{\"@type\":\"ReadAction\",\"target\":[\"https:\\\/\\\/swagykarp.fi\\\/product\\\/pokemon-battle-academy-2022\\\/\"]}]},{\"@type\":\"ImageObject\",\"inLanguage\":\"en-GB\",\"@id\":\"https:\\\/\\\/swagykarp.fi\\\/product\\\/pokemon-battle-academy-2022\\\/#primaryimage\",\"url\":\"https:\\\/\\\/swagykarp.fi\\\/wp-content\\\/uploads\\\/2025\\\/10\\\/battle-academy-2022-scaled-1.webp\",\"contentUrl\":\"https:\\\/\\\/swagykarp.fi\\\/wp-content\\\/uploads\\\/2025\\\/10\\\/battle-academy-2022-scaled-1.webp\",\"width\":1920,\"height\":1920},{\"@type\":\"BreadcrumbList\",\"@id\":\"https:\\\/\\\/swagykarp.fi\\\/product\\\/pokemon-battle-academy-2022\\\/#breadcrumb\",\"itemListElement\":[{\"@type\":\"ListItem\",\"position\":1,\"name\":\"Home\",\"item\":\"https:\\\/\\\/swagykarp.fi\\\/\"},{\"@type\":\"ListItem\",\"position\":2,\"name\":\"Kauppa\",\"item\":\"https:\\\/\\\/swagykarp.fi\\\/kauppa\\\/\"},{\"@type\":\"ListItem\",\"position\":3,\"name\":\"Pok\u00e9mon Battle Academy 2022\"}]},{\"@type\":\"WebSite\",\"@id\":\"https:\\\/\\\/swagykarp.fi\\\/en\\\/#website\",\"url\":\"https:\\\/\\\/swagykarp.fi\\\/en\\\/\",\"name\":\"Swagykarp\",\"description\":\"Pokemon TCG Store\",\"publisher\":{\"@id\":\"https:\\\/\\\/swagykarp.fi\\\/en\\\/#organization\"},\"potentialAction\":[{\"@type\":\"SearchAction\",\"target\":{\"@type\":\"EntryPoint\",\"urlTemplate\":\"https:\\\/\\\/swagykarp.fi\\\/en\\\/?s={search_term_string}\"},\"query-input\":{\"@type\":\"PropertyValueSpecification\",\"valueRequired\":true,\"valueName\":\"search_term_string\"}}],\"inLanguage\":\"en-GB\"},{\"@type\":\"Organization\",\"@id\":\"https:\\\/\\\/swagykarp.fi\\\/en\\\/#organization\",\"name\":\"Swagykarp\",\"url\":\"https:\\\/\\\/swagykarp.fi\\\/en\\\/\",\"logo\":{\"@type\":\"ImageObject\",\"inLanguage\":\"en-GB\",\"@id\":\"https:\\\/\\\/swagykarp.fi\\\/en\\\/#\\\/schema\\\/logo\\\/image\\\/\",\"url\":\"https:\\\/\\\/swagykarp.fi\\\/wp-content\\\/uploads\\\/2025\\\/08\\\/logo-text.webp\",\"contentUrl\":\"https:\\\/\\\/swagykarp.fi\\\/wp-content\\\/uploads\\\/2025\\\/08\\\/logo-text.webp\",\"width\":1920,\"height\":1920,\"caption\":\"Swagykarp\"},\"image\":{\"@id\":\"https:\\\/\\\/swagykarp.fi\\\/en\\\/#\\\/schema\\\/logo\\\/image\\\/\"},\"sameAs\":[\"https:\\\/\\\/www.facebook.com\\\/swagykarp\",\"https:\\\/\\\/x.com\\\/Swagykarp\",\"https:\\\/\\\/www.instagram.com\\\/swagykarp\"]}]}<\/script>\n<!-- \/ Yoast SEO Premium plugin. -->","yoast_head_json":{"title":"Pok\u00e9mon Battle Academy 2022 - Swagykarp","robots":{"index":"index","follow":"follow","max-snippet":"max-snippet:-1","max-image-preview":"max-image-preview:large","max-video-preview":"max-video-preview:-1"},"canonical":"https:\/\/swagykarp.fi\/en\/product\/pokemon-battle-academy-2022\/","og_locale":"en_GB","og_type":"article","og_title":"Pok\u00e9mon Battle Academy 2022","og_description":"Join the Pok\u00e9mon Trainersat the Battle Academy! Prepare for a Pok\u00e9mon battle with the ready-to-play Pok\u00e9mon Trading Card Game Battle Academy! The Battle Academy includes everything two players need to [&hellip;]","og_url":"https:\/\/swagykarp.fi\/en\/product\/pokemon-battle-academy-2022\/","og_site_name":"Swagykarp","article_publisher":"https:\/\/www.facebook.com\/swagykarp","article_modified_time":"2026-04-17T15:52:21+00:00","og_image":[{"width":1920,"height":1920,"url":"https:\/\/swagykarp.fi\/wp-content\/uploads\/2025\/10\/battle-academy-2022-scaled-1.webp","type":"image\/webp"}],"twitter_card":"summary_large_image","twitter_site":"@Swagykarp","twitter_misc":{"Estimated reading time":"1 minute"},"schema":{"@context":"https:\/\/schema.org","@graph":[{"@type":"WebPage","@id":"https:\/\/swagykarp.fi\/product\/pokemon-battle-academy-2022\/","url":"https:\/\/swagykarp.fi\/product\/pokemon-battle-academy-2022\/","name":"Pok\u00e9mon Battle Academy 2022 - Swagykarp","isPartOf":{"@id":"https:\/\/swagykarp.fi\/en\/#website"},"primaryImageOfPage":{"@id":"https:\/\/swagykarp.fi\/product\/pokemon-battle-academy-2022\/#primaryimage"},"image":{"@id":"https:\/\/swagykarp.fi\/product\/pokemon-battle-academy-2022\/#primaryimage"},"thumbnailUrl":"https:\/\/swagykarp.fi\/wp-content\/uploads\/2025\/10\/battle-academy-2022-scaled-1.webp","datePublished":"2025-10-19T08:09:21+00:00","dateModified":"2026-04-17T15:52:21+00:00","breadcrumb":{"@id":"https:\/\/swagykarp.fi\/product\/pokemon-battle-academy-2022\/#breadcrumb"},"inLanguage":"en-GB","potentialAction":[{"@type":"ReadAction","target":["https:\/\/swagykarp.fi\/product\/pokemon-battle-academy-2022\/"]}]},{"@type":"ImageObject","inLanguage":"en-GB","@id":"https:\/\/swagykarp.fi\/product\/pokemon-battle-academy-2022\/#primaryimage","url":"https:\/\/swagykarp.fi\/wp-content\/uploads\/2025\/10\/battle-academy-2022-scaled-1.webp","contentUrl":"https:\/\/swagykarp.fi\/wp-content\/uploads\/2025\/10\/battle-academy-2022-scaled-1.webp","width":1920,"height":1920},{"@type":"BreadcrumbList","@id":"https:\/\/swagykarp.fi\/product\/pokemon-battle-academy-2022\/#breadcrumb","itemListElement":[{"@type":"ListItem","position":1,"name":"Home","item":"https:\/\/swagykarp.fi\/"},{"@type":"ListItem","position":2,"name":"Kauppa","item":"https:\/\/swagykarp.fi\/kauppa\/"},{"@type":"ListItem","position":3,"name":"Pok\u00e9mon Battle Academy 2022"}]},{"@type":"WebSite","@id":"https:\/\/swagykarp.fi\/en\/#website","url":"https:\/\/swagykarp.fi\/en\/","name":"Swagykarp","description":"Pokemon TCG Store","publisher":{"@id":"https:\/\/swagykarp.fi\/en\/#organization"},"potentialAction":[{"@type":"SearchAction","target":{"@type":"EntryPoint","urlTemplate":"https:\/\/swagykarp.fi\/en\/?s={search_term_string}"},"query-input":{"@type":"PropertyValueSpecification","valueRequired":true,"valueName":"search_term_string"}}],"inLanguage":"en-GB"},{"@type":"Organization","@id":"https:\/\/swagykarp.fi\/en\/#organization","name":"Swagykarp","url":"https:\/\/swagykarp.fi\/en\/","logo":{"@type":"ImageObject","inLanguage":"en-GB","@id":"https:\/\/swagykarp.fi\/en\/#\/schema\/logo\/image\/","url":"https:\/\/swagykarp.fi\/wp-content\/uploads\/2025\/08\/logo-text.webp","contentUrl":"https:\/\/swagykarp.fi\/wp-content\/uploads\/2025\/08\/logo-text.webp","width":1920,"height":1920,"caption":"Swagykarp"},"image":{"@id":"https:\/\/swagykarp.fi\/en\/#\/schema\/logo\/image\/"},"sameAs":["https:\/\/www.facebook.com\/swagykarp","https:\/\/x.com\/Swagykarp","https:\/\/www.instagram.com\/swagykarp"]}]}},"_links":{"self":[{"href":"https:\/\/swagykarp.fi\/en\/wp-json\/wp\/v2\/product\/9436","targetHints":{"allow":["GET"]}}],"collection":[{"href":"https:\/\/swagykarp.fi\/en\/wp-json\/wp\/v2\/product"}],"about":[{"href":"https:\/\/swagykarp.fi\/en\/wp-json\/wp\/v2\/types\/product"}],"wp:featuredmedia":[{"embeddable":true,"href":"https:\/\/swagykarp.fi\/en\/wp-json\/wp\/v2\/media\/9437"}],"wp:attachment":[{"href":"https:\/\/swagykarp.fi\/en\/wp-json\/wp\/v2\/media?parent=9436"}],"wp:term":[{"taxonomy":"product_brand","embeddable":true,"href":"https:\/\/swagykarp.fi\/en\/wp-json\/wp\/v2\/product_brand?post=9436"},{"taxonomy":"product_cat","embeddable":true,"href":"https:\/\/swagykarp.fi\/en\/wp-json\/wp\/v2\/product_cat?post=9436"},{"taxonomy":"product_tag","embeddable":true,"href":"https:\/\/swagykarp.fi\/en\/wp-json\/wp\/v2\/product_tag?post=9436"}],"curies":[{"name":"wp","href":"https:\/\/api.w.org\/{rel}","templated":true}]}}