{"id":9033,"date":"2025-10-19T11:08:16","date_gmt":"2025-10-19T08:08:16","guid":{"rendered":"https:\/\/swagykarp.fi\/?post_type=product&#038;p=9033"},"modified":"2026-01-12T13:31:52","modified_gmt":"2026-01-12T11:31:52","slug":"pokemon-tcg-slashing-legends-zacian-tin","status":"publish","type":"product","link":"https:\/\/swagykarp.fi\/en\/product\/pokemon-tcg-slashing-legends-zacian-tin\/","title":{"rendered":"Pok\u00e9mon TCG: Slashing Legends Zacian Tin"},"content":{"rendered":"<p><strong>Pok\u00e9mon TCG: Slashing Legends Zacian Tin<\/strong><\/p>\n<p>Slash away with Legendary Pok\u00e9mon ex! Two powerful Legendary Pok\u00e9mon, each one ready to tear through the opposition in your next Pok\u00e9mon Trading Card Game match! Will you save the day with Zacian ex, or perhaps you\u2019d prefer to take Koraidon ex for a spin? Regardless of your choice, you\u2019ll find lots of support in the five included booster packs.<\/p>\n<p><strong>The Pok\u00e9mon TCG: Slashing Legends Tin includes:<\/strong><\/p>\n<ul class=\"list\">\n<li>1 foil promo card featuring Zacian ex or Koraidon ex<\/li>\n<li>4 Pok\u00e9mon TCG booster packs<\/li>\n<li>A code card for\u00a0<a href=\"https:\/\/tcg.pokemon.com\/tcgl\">Pok\u00e9mon TCG Live<\/a><\/li>\n<\/ul>","protected":false},"excerpt":{"rendered":"<p>Pok\u00e9mon TCG: Slashing Legends Zacian Tin Slash away with Legendary Pok\u00e9mon ex! Two powerful Legendary Pok\u00e9mon, each one ready to tear through the opposition in your next Pok\u00e9mon Trading Card [&hellip;]<\/p>\n","protected":false},"featured_media":9034,"template":"","meta":[],"product_brand":[],"product_cat":[46],"product_tag":[],"class_list":{"0":"post-9033","1":"product","2":"type-product","3":"status-publish","4":"has-post-thumbnail","6":"product_cat-lahja-tinit","8":"first","9":"outofstock","10":"taxable","11":"shipping-taxable","12":"purchasable","13":"product-type-simple"},"yoast_head":"<!-- This site is optimized with the Yoast SEO Premium plugin v26.2 (Yoast SEO v27.2) - https:\/\/yoast.com\/product\/yoast-seo-premium-wordpress\/ -->\n<title>Pok\u00e9mon TCG: Slashing Legends Zacian Tin - Swagykarp<\/title>\n<meta name=\"robots\" content=\"index, follow, max-snippet:-1, max-image-preview:large, max-video-preview:-1\" \/>\n<link rel=\"canonical\" href=\"https:\/\/swagykarp.fi\/en\/product\/pokemon-tcg-slashing-legends-zacian-tin\/\" \/>\n<meta property=\"og:locale\" content=\"en_GB\" \/>\n<meta property=\"og:type\" content=\"article\" \/>\n<meta property=\"og:title\" content=\"Pok\u00e9mon TCG: Slashing Legends Zacian Tin\" \/>\n<meta property=\"og:description\" content=\"Pok\u00e9mon TCG: Slashing Legends Zacian Tin Slash away with Legendary Pok\u00e9mon ex! Two powerful Legendary Pok\u00e9mon, each one ready to tear through the opposition in your next Pok\u00e9mon Trading Card [&hellip;]\" \/>\n<meta property=\"og:url\" content=\"https:\/\/swagykarp.fi\/en\/product\/pokemon-tcg-slashing-legends-zacian-tin\/\" \/>\n<meta property=\"og:site_name\" content=\"Swagykarp\" \/>\n<meta property=\"article:publisher\" content=\"https:\/\/www.facebook.com\/swagykarp\" \/>\n<meta property=\"article:modified_time\" content=\"2026-01-12T11:31:52+00:00\" \/>\n<meta property=\"og:image\" content=\"https:\/\/swagykarp.fi\/wp-content\/uploads\/2025\/10\/tin-slashing-legends-zacian-scaled-1.webp\" \/>\n\t<meta property=\"og:image:width\" content=\"1920\" \/>\n\t<meta property=\"og:image:height\" content=\"1920\" \/>\n\t<meta property=\"og:image:type\" content=\"image\/webp\" \/>\n<meta name=\"twitter:card\" content=\"summary_large_image\" \/>\n<meta name=\"twitter:site\" content=\"@Swagykarp\" \/>\n<meta name=\"twitter:label1\" content=\"Estimated reading time\" \/>\n\t<meta name=\"twitter:data1\" content=\"1 minute\" \/>\n<script type=\"application\/ld+json\" class=\"yoast-schema-graph\">{\"@context\":\"https:\/\/schema.org\",\"@graph\":[{\"@type\":\"WebPage\",\"@id\":\"https:\/\/swagykarp.fi\/product\/pokemon-tcg-slashing-legends-zacian-tin\/\",\"url\":\"https:\/\/swagykarp.fi\/product\/pokemon-tcg-slashing-legends-zacian-tin\/\",\"name\":\"Pok\u00e9mon TCG: Slashing Legends Zacian Tin - Swagykarp\",\"isPartOf\":{\"@id\":\"https:\/\/swagykarp.fi\/en\/#website\"},\"primaryImageOfPage\":{\"@id\":\"https:\/\/swagykarp.fi\/product\/pokemon-tcg-slashing-legends-zacian-tin\/#primaryimage\"},\"image\":{\"@id\":\"https:\/\/swagykarp.fi\/product\/pokemon-tcg-slashing-legends-zacian-tin\/#primaryimage\"},\"thumbnailUrl\":\"https:\/\/swagykarp.fi\/wp-content\/uploads\/2025\/10\/tin-slashing-legends-zacian-scaled-1.webp\",\"datePublished\":\"2025-10-19T08:08:16+00:00\",\"dateModified\":\"2026-01-12T11:31:52+00:00\",\"breadcrumb\":{\"@id\":\"https:\/\/swagykarp.fi\/product\/pokemon-tcg-slashing-legends-zacian-tin\/#breadcrumb\"},\"inLanguage\":\"en-GB\",\"potentialAction\":[{\"@type\":\"ReadAction\",\"target\":[\"https:\/\/swagykarp.fi\/product\/pokemon-tcg-slashing-legends-zacian-tin\/\"]}]},{\"@type\":\"ImageObject\",\"inLanguage\":\"en-GB\",\"@id\":\"https:\/\/swagykarp.fi\/product\/pokemon-tcg-slashing-legends-zacian-tin\/#primaryimage\",\"url\":\"https:\/\/swagykarp.fi\/wp-content\/uploads\/2025\/10\/tin-slashing-legends-zacian-scaled-1.webp\",\"contentUrl\":\"https:\/\/swagykarp.fi\/wp-content\/uploads\/2025\/10\/tin-slashing-legends-zacian-scaled-1.webp\",\"width\":1920,\"height\":1920},{\"@type\":\"BreadcrumbList\",\"@id\":\"https:\/\/swagykarp.fi\/product\/pokemon-tcg-slashing-legends-zacian-tin\/#breadcrumb\",\"itemListElement\":[{\"@type\":\"ListItem\",\"position\":1,\"name\":\"Home\",\"item\":\"https:\/\/swagykarp.fi\/\"},{\"@type\":\"ListItem\",\"position\":2,\"name\":\"Kauppa\",\"item\":\"https:\/\/swagykarp.fi\/kauppa\/\"},{\"@type\":\"ListItem\",\"position\":3,\"name\":\"Pok\u00e9mon TCG: Slashing Legends Zacian Tin\"}]},{\"@type\":\"WebSite\",\"@id\":\"https:\/\/swagykarp.fi\/en\/#website\",\"url\":\"https:\/\/swagykarp.fi\/en\/\",\"name\":\"Swagykarp\",\"description\":\"Pokemon TCG Store\",\"publisher\":{\"@id\":\"https:\/\/swagykarp.fi\/en\/#organization\"},\"potentialAction\":[{\"@type\":\"SearchAction\",\"target\":{\"@type\":\"EntryPoint\",\"urlTemplate\":\"https:\/\/swagykarp.fi\/en\/?s={search_term_string}\"},\"query-input\":{\"@type\":\"PropertyValueSpecification\",\"valueRequired\":true,\"valueName\":\"search_term_string\"}}],\"inLanguage\":\"en-GB\"},{\"@type\":\"Organization\",\"@id\":\"https:\/\/swagykarp.fi\/en\/#organization\",\"name\":\"Swagykarp\",\"url\":\"https:\/\/swagykarp.fi\/en\/\",\"logo\":{\"@type\":\"ImageObject\",\"inLanguage\":\"en-GB\",\"@id\":\"https:\/\/swagykarp.fi\/en\/#\/schema\/logo\/image\/\",\"url\":\"https:\/\/swagykarp.fi\/wp-content\/uploads\/2025\/08\/logo-text.webp\",\"contentUrl\":\"https:\/\/swagykarp.fi\/wp-content\/uploads\/2025\/08\/logo-text.webp\",\"width\":1920,\"height\":1920,\"caption\":\"Swagykarp\"},\"image\":{\"@id\":\"https:\/\/swagykarp.fi\/en\/#\/schema\/logo\/image\/\"},\"sameAs\":[\"https:\/\/www.facebook.com\/swagykarp\",\"https:\/\/x.com\/Swagykarp\",\"https:\/\/www.instagram.com\/swagykarp\"]}]}<\/script>\n<!-- \/ Yoast SEO Premium plugin. -->","yoast_head_json":{"title":"Pok\u00e9mon TCG: Slashing Legends Zacian Tin - Swagykarp","robots":{"index":"index","follow":"follow","max-snippet":"max-snippet:-1","max-image-preview":"max-image-preview:large","max-video-preview":"max-video-preview:-1"},"canonical":"https:\/\/swagykarp.fi\/en\/product\/pokemon-tcg-slashing-legends-zacian-tin\/","og_locale":"en_GB","og_type":"article","og_title":"Pok\u00e9mon TCG: Slashing Legends Zacian Tin","og_description":"Pok\u00e9mon TCG: Slashing Legends Zacian Tin Slash away with Legendary Pok\u00e9mon ex! Two powerful Legendary Pok\u00e9mon, each one ready to tear through the opposition in your next Pok\u00e9mon Trading Card [&hellip;]","og_url":"https:\/\/swagykarp.fi\/en\/product\/pokemon-tcg-slashing-legends-zacian-tin\/","og_site_name":"Swagykarp","article_publisher":"https:\/\/www.facebook.com\/swagykarp","article_modified_time":"2026-01-12T11:31:52+00:00","og_image":[{"width":1920,"height":1920,"url":"https:\/\/swagykarp.fi\/wp-content\/uploads\/2025\/10\/tin-slashing-legends-zacian-scaled-1.webp","type":"image\/webp"}],"twitter_card":"summary_large_image","twitter_site":"@Swagykarp","twitter_misc":{"Estimated reading time":"1 minute"},"schema":{"@context":"https:\/\/schema.org","@graph":[{"@type":"WebPage","@id":"https:\/\/swagykarp.fi\/product\/pokemon-tcg-slashing-legends-zacian-tin\/","url":"https:\/\/swagykarp.fi\/product\/pokemon-tcg-slashing-legends-zacian-tin\/","name":"Pok\u00e9mon TCG: Slashing Legends Zacian Tin - Swagykarp","isPartOf":{"@id":"https:\/\/swagykarp.fi\/en\/#website"},"primaryImageOfPage":{"@id":"https:\/\/swagykarp.fi\/product\/pokemon-tcg-slashing-legends-zacian-tin\/#primaryimage"},"image":{"@id":"https:\/\/swagykarp.fi\/product\/pokemon-tcg-slashing-legends-zacian-tin\/#primaryimage"},"thumbnailUrl":"https:\/\/swagykarp.fi\/wp-content\/uploads\/2025\/10\/tin-slashing-legends-zacian-scaled-1.webp","datePublished":"2025-10-19T08:08:16+00:00","dateModified":"2026-01-12T11:31:52+00:00","breadcrumb":{"@id":"https:\/\/swagykarp.fi\/product\/pokemon-tcg-slashing-legends-zacian-tin\/#breadcrumb"},"inLanguage":"en-GB","potentialAction":[{"@type":"ReadAction","target":["https:\/\/swagykarp.fi\/product\/pokemon-tcg-slashing-legends-zacian-tin\/"]}]},{"@type":"ImageObject","inLanguage":"en-GB","@id":"https:\/\/swagykarp.fi\/product\/pokemon-tcg-slashing-legends-zacian-tin\/#primaryimage","url":"https:\/\/swagykarp.fi\/wp-content\/uploads\/2025\/10\/tin-slashing-legends-zacian-scaled-1.webp","contentUrl":"https:\/\/swagykarp.fi\/wp-content\/uploads\/2025\/10\/tin-slashing-legends-zacian-scaled-1.webp","width":1920,"height":1920},{"@type":"BreadcrumbList","@id":"https:\/\/swagykarp.fi\/product\/pokemon-tcg-slashing-legends-zacian-tin\/#breadcrumb","itemListElement":[{"@type":"ListItem","position":1,"name":"Home","item":"https:\/\/swagykarp.fi\/"},{"@type":"ListItem","position":2,"name":"Kauppa","item":"https:\/\/swagykarp.fi\/kauppa\/"},{"@type":"ListItem","position":3,"name":"Pok\u00e9mon TCG: Slashing Legends Zacian Tin"}]},{"@type":"WebSite","@id":"https:\/\/swagykarp.fi\/en\/#website","url":"https:\/\/swagykarp.fi\/en\/","name":"Swagykarp","description":"Pokemon TCG Store","publisher":{"@id":"https:\/\/swagykarp.fi\/en\/#organization"},"potentialAction":[{"@type":"SearchAction","target":{"@type":"EntryPoint","urlTemplate":"https:\/\/swagykarp.fi\/en\/?s={search_term_string}"},"query-input":{"@type":"PropertyValueSpecification","valueRequired":true,"valueName":"search_term_string"}}],"inLanguage":"en-GB"},{"@type":"Organization","@id":"https:\/\/swagykarp.fi\/en\/#organization","name":"Swagykarp","url":"https:\/\/swagykarp.fi\/en\/","logo":{"@type":"ImageObject","inLanguage":"en-GB","@id":"https:\/\/swagykarp.fi\/en\/#\/schema\/logo\/image\/","url":"https:\/\/swagykarp.fi\/wp-content\/uploads\/2025\/08\/logo-text.webp","contentUrl":"https:\/\/swagykarp.fi\/wp-content\/uploads\/2025\/08\/logo-text.webp","width":1920,"height":1920,"caption":"Swagykarp"},"image":{"@id":"https:\/\/swagykarp.fi\/en\/#\/schema\/logo\/image\/"},"sameAs":["https:\/\/www.facebook.com\/swagykarp","https:\/\/x.com\/Swagykarp","https:\/\/www.instagram.com\/swagykarp"]}]}},"_links":{"self":[{"href":"https:\/\/swagykarp.fi\/en\/wp-json\/wp\/v2\/product\/9033","targetHints":{"allow":["GET"]}}],"collection":[{"href":"https:\/\/swagykarp.fi\/en\/wp-json\/wp\/v2\/product"}],"about":[{"href":"https:\/\/swagykarp.fi\/en\/wp-json\/wp\/v2\/types\/product"}],"wp:featuredmedia":[{"embeddable":true,"href":"https:\/\/swagykarp.fi\/en\/wp-json\/wp\/v2\/media\/9034"}],"wp:attachment":[{"href":"https:\/\/swagykarp.fi\/en\/wp-json\/wp\/v2\/media?parent=9033"}],"wp:term":[{"taxonomy":"product_brand","embeddable":true,"href":"https:\/\/swagykarp.fi\/en\/wp-json\/wp\/v2\/product_brand?post=9033"},{"taxonomy":"product_cat","embeddable":true,"href":"https:\/\/swagykarp.fi\/en\/wp-json\/wp\/v2\/product_cat?post=9033"},{"taxonomy":"product_tag","embeddable":true,"href":"https:\/\/swagykarp.fi\/en\/wp-json\/wp\/v2\/product_tag?post=9033"}],"curies":[{"name":"wp","href":"https:\/\/api.w.org\/{rel}","templated":true}]}}