{"id":8456,"date":"2025-10-19T11:06:35","date_gmt":"2025-10-19T08:06:35","guid":{"rendered":"https:\/\/swagykarp.fi\/?post_type=product&#038;p=8456"},"modified":"2025-10-31T09:23:51","modified_gmt":"2025-10-31T07:23:51","slug":"pokemon-tcg-azure-legends-xerneas-tin","status":"publish","type":"product","link":"https:\/\/swagykarp.fi\/en\/product\/pokemon-tcg-azure-legends-xerneas-tin\/","title":{"rendered":"Pok\u00e9mon TCG: Azure Legends Xerneas Tin"},"content":{"rendered":"<p><strong>Pok\u00e9mon TCG: Azure Legends Xerneas Tin<\/strong><br \/>\n<strong>Into the Wild Blue Yonder with Pok\u00e9mon ex!<\/strong><\/p>\n<p>Legendary Pok\u00e9mon are behind many of the mysteries of the Pok\u00e9mon world, and now you can discover their amazing power for yourself! With this tin, choose the surging waves of Kyogre ex, the piercing horns of Xerneas ex, or the temporal might of Dialga ex as a foil promo card that\u2019s ready to add to your deck or collection binder. You also get a handful of Pok\u00e9mon TCG booster packs with more cards to find inside!<\/p>\n<p>This Pok\u00e9mon TCG: Azure Legends Tin includes:<\/p>\n<p>\u2022 1 foil promo card featuring Kyogre ex, Xerneas ex, or Dialga ex<br \/>\n\u2022 4 Pok\u00e9mon TCG booster packs<br \/>\n\u2022 A code card for Pok\u00e9mon TCG Live<\/p>\n<p>You can find more gift tins <a href=\"https:\/\/swagykarp.fi\/en\/product-category\/gift-tins\/\">here<\/a><\/p>\n<p><label class=\"product-info-label--ChlK5\" for=\"product-info-details-list\">More Details:<\/label><\/p>\n<ul id=\"product-info-details-list\">\n<li class=\"product-info-text--yPS9R\"><label>Item Dimensions:\u00a07.9 x 6.4 x 13.2 cm<\/label><\/li>\n<li class=\"product-info-text--yPS9R\"><label>Country Of Origin:\u00a0Printed in the USA. Tin made in the USA.<\/label><\/li>\n<li class=\"product-info-text--yPS9R\"><label>Materials:\u00a0Paper \/ tin<\/label><\/li>\n<li class=\"product-info-text--yPS9R\"><label>Recommended Age:\u00a06+ Years<\/label><\/li>\n<li class=\"product-info-text--yPS9R\"><label>Item Weight:\u00a00.2 kg<\/label><\/li>\n<\/ul>","protected":false},"excerpt":{"rendered":"<p>Pok\u00e9mon TCG: Azure Legends Xerneas Tin Into the Wild Blue Yonder with Pok\u00e9mon ex! Legendary Pok\u00e9mon are behind many of the mysteries of the Pok\u00e9mon world, and now you can [&hellip;]<\/p>\n","protected":false},"featured_media":8457,"template":"","meta":[],"product_brand":[],"product_cat":[46],"product_tag":[],"class_list":{"0":"post-8456","1":"product","2":"type-product","3":"status-publish","4":"has-post-thumbnail","6":"product_cat-lahja-tinit","8":"first","9":"outofstock","10":"taxable","11":"shipping-taxable","12":"purchasable","13":"product-type-simple"},"yoast_head":"<!-- This site is optimized with the Yoast SEO Premium plugin v26.2 (Yoast SEO v27.4) - https:\/\/yoast.com\/product\/yoast-seo-premium-wordpress\/ -->\n<title>Pok\u00e9mon TCG: Azure Legends Xerneas Tin - Swagykarp<\/title>\n<meta name=\"robots\" content=\"index, follow, max-snippet:-1, max-image-preview:large, max-video-preview:-1\" \/>\n<link rel=\"canonical\" href=\"https:\/\/swagykarp.fi\/en\/product\/pokemon-tcg-azure-legends-xerneas-tin\/\" \/>\n<meta property=\"og:locale\" content=\"en_GB\" \/>\n<meta property=\"og:type\" content=\"article\" \/>\n<meta property=\"og:title\" content=\"Pok\u00e9mon TCG: Azure Legends Xerneas Tin\" \/>\n<meta property=\"og:description\" content=\"Pok\u00e9mon TCG: Azure Legends Xerneas Tin Into the Wild Blue Yonder with Pok\u00e9mon ex! Legendary Pok\u00e9mon are behind many of the mysteries of the Pok\u00e9mon world, and now you can [&hellip;]\" \/>\n<meta property=\"og:url\" content=\"https:\/\/swagykarp.fi\/en\/product\/pokemon-tcg-azure-legends-xerneas-tin\/\" \/>\n<meta property=\"og:site_name\" content=\"Swagykarp\" \/>\n<meta property=\"article:publisher\" content=\"https:\/\/www.facebook.com\/swagykarp\" \/>\n<meta property=\"article:modified_time\" content=\"2025-10-31T07:23:51+00:00\" \/>\n<meta property=\"og:image\" content=\"https:\/\/swagykarp.fi\/wp-content\/uploads\/2025\/10\/tin-azure-legends-xerneas-scaled-1.webp\" \/>\n\t<meta property=\"og:image:width\" content=\"1920\" \/>\n\t<meta property=\"og:image:height\" content=\"1920\" \/>\n\t<meta property=\"og:image:type\" content=\"image\/webp\" \/>\n<meta name=\"twitter:card\" content=\"summary_large_image\" \/>\n<meta name=\"twitter:site\" content=\"@Swagykarp\" \/>\n<meta name=\"twitter:label1\" content=\"Estimated reading time\" \/>\n\t<meta name=\"twitter:data1\" content=\"1 minute\" \/>\n<script type=\"application\/ld+json\" class=\"yoast-schema-graph\">{\"@context\":\"https:\\\/\\\/schema.org\",\"@graph\":[{\"@type\":\"WebPage\",\"@id\":\"https:\\\/\\\/swagykarp.fi\\\/en\\\/product\\\/pokemon-tcg-azure-legends-xerneas-tin\\\/\",\"url\":\"https:\\\/\\\/swagykarp.fi\\\/en\\\/product\\\/pokemon-tcg-azure-legends-xerneas-tin\\\/\",\"name\":\"Pok\u00e9mon TCG: Azure Legends Xerneas Tin - Swagykarp\",\"isPartOf\":{\"@id\":\"https:\\\/\\\/swagykarp.fi\\\/en\\\/#website\"},\"primaryImageOfPage\":{\"@id\":\"https:\\\/\\\/swagykarp.fi\\\/en\\\/product\\\/pokemon-tcg-azure-legends-xerneas-tin\\\/#primaryimage\"},\"image\":{\"@id\":\"https:\\\/\\\/swagykarp.fi\\\/en\\\/product\\\/pokemon-tcg-azure-legends-xerneas-tin\\\/#primaryimage\"},\"thumbnailUrl\":\"https:\\\/\\\/swagykarp.fi\\\/wp-content\\\/uploads\\\/2025\\\/10\\\/tin-azure-legends-xerneas-scaled-1.webp\",\"datePublished\":\"2025-10-19T08:06:35+00:00\",\"dateModified\":\"2025-10-31T07:23:51+00:00\",\"breadcrumb\":{\"@id\":\"https:\\\/\\\/swagykarp.fi\\\/en\\\/product\\\/pokemon-tcg-azure-legends-xerneas-tin\\\/#breadcrumb\"},\"inLanguage\":\"en-GB\",\"potentialAction\":[{\"@type\":\"ReadAction\",\"target\":[\"https:\\\/\\\/swagykarp.fi\\\/en\\\/product\\\/pokemon-tcg-azure-legends-xerneas-tin\\\/\"]}]},{\"@type\":\"ImageObject\",\"inLanguage\":\"en-GB\",\"@id\":\"https:\\\/\\\/swagykarp.fi\\\/en\\\/product\\\/pokemon-tcg-azure-legends-xerneas-tin\\\/#primaryimage\",\"url\":\"https:\\\/\\\/swagykarp.fi\\\/wp-content\\\/uploads\\\/2025\\\/10\\\/tin-azure-legends-xerneas-scaled-1.webp\",\"contentUrl\":\"https:\\\/\\\/swagykarp.fi\\\/wp-content\\\/uploads\\\/2025\\\/10\\\/tin-azure-legends-xerneas-scaled-1.webp\",\"width\":1920,\"height\":1920},{\"@type\":\"BreadcrumbList\",\"@id\":\"https:\\\/\\\/swagykarp.fi\\\/en\\\/product\\\/pokemon-tcg-azure-legends-xerneas-tin\\\/#breadcrumb\",\"itemListElement\":[{\"@type\":\"ListItem\",\"position\":1,\"name\":\"Home\",\"item\":\"https:\\\/\\\/swagykarp.fi\\\/\"},{\"@type\":\"ListItem\",\"position\":2,\"name\":\"Kauppa\",\"item\":\"https:\\\/\\\/swagykarp.fi\\\/kauppa\\\/\"},{\"@type\":\"ListItem\",\"position\":3,\"name\":\"Pok\u00e9mon TCG: Azure Legends Xerneas Tin\"}]},{\"@type\":\"WebSite\",\"@id\":\"https:\\\/\\\/swagykarp.fi\\\/en\\\/#website\",\"url\":\"https:\\\/\\\/swagykarp.fi\\\/en\\\/\",\"name\":\"Swagykarp\",\"description\":\"Pokemon TCG Store\",\"publisher\":{\"@id\":\"https:\\\/\\\/swagykarp.fi\\\/en\\\/#organization\"},\"potentialAction\":[{\"@type\":\"SearchAction\",\"target\":{\"@type\":\"EntryPoint\",\"urlTemplate\":\"https:\\\/\\\/swagykarp.fi\\\/en\\\/?s={search_term_string}\"},\"query-input\":{\"@type\":\"PropertyValueSpecification\",\"valueRequired\":true,\"valueName\":\"search_term_string\"}}],\"inLanguage\":\"en-GB\"},{\"@type\":\"Organization\",\"@id\":\"https:\\\/\\\/swagykarp.fi\\\/en\\\/#organization\",\"name\":\"Swagykarp\",\"url\":\"https:\\\/\\\/swagykarp.fi\\\/en\\\/\",\"logo\":{\"@type\":\"ImageObject\",\"inLanguage\":\"en-GB\",\"@id\":\"https:\\\/\\\/swagykarp.fi\\\/en\\\/#\\\/schema\\\/logo\\\/image\\\/\",\"url\":\"https:\\\/\\\/swagykarp.fi\\\/wp-content\\\/uploads\\\/2025\\\/08\\\/logo-text.webp\",\"contentUrl\":\"https:\\\/\\\/swagykarp.fi\\\/wp-content\\\/uploads\\\/2025\\\/08\\\/logo-text.webp\",\"width\":1920,\"height\":1920,\"caption\":\"Swagykarp\"},\"image\":{\"@id\":\"https:\\\/\\\/swagykarp.fi\\\/en\\\/#\\\/schema\\\/logo\\\/image\\\/\"},\"sameAs\":[\"https:\\\/\\\/www.facebook.com\\\/swagykarp\",\"https:\\\/\\\/x.com\\\/Swagykarp\",\"https:\\\/\\\/www.instagram.com\\\/swagykarp\"]}]}<\/script>\n<!-- \/ Yoast SEO Premium plugin. -->","yoast_head_json":{"title":"Pok\u00e9mon TCG: Azure Legends Xerneas Tin - Swagykarp","robots":{"index":"index","follow":"follow","max-snippet":"max-snippet:-1","max-image-preview":"max-image-preview:large","max-video-preview":"max-video-preview:-1"},"canonical":"https:\/\/swagykarp.fi\/en\/product\/pokemon-tcg-azure-legends-xerneas-tin\/","og_locale":"en_GB","og_type":"article","og_title":"Pok\u00e9mon TCG: Azure Legends Xerneas Tin","og_description":"Pok\u00e9mon TCG: Azure Legends Xerneas Tin Into the Wild Blue Yonder with Pok\u00e9mon ex! Legendary Pok\u00e9mon are behind many of the mysteries of the Pok\u00e9mon world, and now you can [&hellip;]","og_url":"https:\/\/swagykarp.fi\/en\/product\/pokemon-tcg-azure-legends-xerneas-tin\/","og_site_name":"Swagykarp","article_publisher":"https:\/\/www.facebook.com\/swagykarp","article_modified_time":"2025-10-31T07:23:51+00:00","og_image":[{"width":1920,"height":1920,"url":"https:\/\/swagykarp.fi\/wp-content\/uploads\/2025\/10\/tin-azure-legends-xerneas-scaled-1.webp","type":"image\/webp"}],"twitter_card":"summary_large_image","twitter_site":"@Swagykarp","twitter_misc":{"Estimated reading time":"1 minute"},"schema":{"@context":"https:\/\/schema.org","@graph":[{"@type":"WebPage","@id":"https:\/\/swagykarp.fi\/en\/product\/pokemon-tcg-azure-legends-xerneas-tin\/","url":"https:\/\/swagykarp.fi\/en\/product\/pokemon-tcg-azure-legends-xerneas-tin\/","name":"Pok\u00e9mon TCG: Azure Legends Xerneas Tin - Swagykarp","isPartOf":{"@id":"https:\/\/swagykarp.fi\/en\/#website"},"primaryImageOfPage":{"@id":"https:\/\/swagykarp.fi\/en\/product\/pokemon-tcg-azure-legends-xerneas-tin\/#primaryimage"},"image":{"@id":"https:\/\/swagykarp.fi\/en\/product\/pokemon-tcg-azure-legends-xerneas-tin\/#primaryimage"},"thumbnailUrl":"https:\/\/swagykarp.fi\/wp-content\/uploads\/2025\/10\/tin-azure-legends-xerneas-scaled-1.webp","datePublished":"2025-10-19T08:06:35+00:00","dateModified":"2025-10-31T07:23:51+00:00","breadcrumb":{"@id":"https:\/\/swagykarp.fi\/en\/product\/pokemon-tcg-azure-legends-xerneas-tin\/#breadcrumb"},"inLanguage":"en-GB","potentialAction":[{"@type":"ReadAction","target":["https:\/\/swagykarp.fi\/en\/product\/pokemon-tcg-azure-legends-xerneas-tin\/"]}]},{"@type":"ImageObject","inLanguage":"en-GB","@id":"https:\/\/swagykarp.fi\/en\/product\/pokemon-tcg-azure-legends-xerneas-tin\/#primaryimage","url":"https:\/\/swagykarp.fi\/wp-content\/uploads\/2025\/10\/tin-azure-legends-xerneas-scaled-1.webp","contentUrl":"https:\/\/swagykarp.fi\/wp-content\/uploads\/2025\/10\/tin-azure-legends-xerneas-scaled-1.webp","width":1920,"height":1920},{"@type":"BreadcrumbList","@id":"https:\/\/swagykarp.fi\/en\/product\/pokemon-tcg-azure-legends-xerneas-tin\/#breadcrumb","itemListElement":[{"@type":"ListItem","position":1,"name":"Home","item":"https:\/\/swagykarp.fi\/"},{"@type":"ListItem","position":2,"name":"Kauppa","item":"https:\/\/swagykarp.fi\/kauppa\/"},{"@type":"ListItem","position":3,"name":"Pok\u00e9mon TCG: Azure Legends Xerneas Tin"}]},{"@type":"WebSite","@id":"https:\/\/swagykarp.fi\/en\/#website","url":"https:\/\/swagykarp.fi\/en\/","name":"Swagykarp","description":"Pokemon TCG Store","publisher":{"@id":"https:\/\/swagykarp.fi\/en\/#organization"},"potentialAction":[{"@type":"SearchAction","target":{"@type":"EntryPoint","urlTemplate":"https:\/\/swagykarp.fi\/en\/?s={search_term_string}"},"query-input":{"@type":"PropertyValueSpecification","valueRequired":true,"valueName":"search_term_string"}}],"inLanguage":"en-GB"},{"@type":"Organization","@id":"https:\/\/swagykarp.fi\/en\/#organization","name":"Swagykarp","url":"https:\/\/swagykarp.fi\/en\/","logo":{"@type":"ImageObject","inLanguage":"en-GB","@id":"https:\/\/swagykarp.fi\/en\/#\/schema\/logo\/image\/","url":"https:\/\/swagykarp.fi\/wp-content\/uploads\/2025\/08\/logo-text.webp","contentUrl":"https:\/\/swagykarp.fi\/wp-content\/uploads\/2025\/08\/logo-text.webp","width":1920,"height":1920,"caption":"Swagykarp"},"image":{"@id":"https:\/\/swagykarp.fi\/en\/#\/schema\/logo\/image\/"},"sameAs":["https:\/\/www.facebook.com\/swagykarp","https:\/\/x.com\/Swagykarp","https:\/\/www.instagram.com\/swagykarp"]}]}},"_links":{"self":[{"href":"https:\/\/swagykarp.fi\/en\/wp-json\/wp\/v2\/product\/8456","targetHints":{"allow":["GET"]}}],"collection":[{"href":"https:\/\/swagykarp.fi\/en\/wp-json\/wp\/v2\/product"}],"about":[{"href":"https:\/\/swagykarp.fi\/en\/wp-json\/wp\/v2\/types\/product"}],"wp:featuredmedia":[{"embeddable":true,"href":"https:\/\/swagykarp.fi\/en\/wp-json\/wp\/v2\/media\/8457"}],"wp:attachment":[{"href":"https:\/\/swagykarp.fi\/en\/wp-json\/wp\/v2\/media?parent=8456"}],"wp:term":[{"taxonomy":"product_brand","embeddable":true,"href":"https:\/\/swagykarp.fi\/en\/wp-json\/wp\/v2\/product_brand?post=8456"},{"taxonomy":"product_cat","embeddable":true,"href":"https:\/\/swagykarp.fi\/en\/wp-json\/wp\/v2\/product_cat?post=8456"},{"taxonomy":"product_tag","embeddable":true,"href":"https:\/\/swagykarp.fi\/en\/wp-json\/wp\/v2\/product_tag?post=8456"}],"curies":[{"name":"wp","href":"https:\/\/api.w.org\/{rel}","templated":true}]}}