{"id":4837,"date":"2025-10-19T11:02:56","date_gmt":"2025-10-19T08:02:56","guid":{"rendered":"https:\/\/swagykarp.fi\/?post_type=product&#038;p=4837"},"modified":"2026-03-17T13:44:02","modified_gmt":"2026-03-17T11:44:02","slug":"stellar-crown-booster-pack","status":"publish","type":"product","link":"https:\/\/swagykarp.fi\/en\/product\/stellar-crown-booster-pack\/","title":{"rendered":"Stellar Crown Booster Pack"},"content":{"rendered":"<p><strong>Stellar Crown Booster Pack<\/strong><br \/>\n<strong>One Random 10 card booster pack<\/strong><\/p>\n<p><i>An Adventure to Awaken the Power Within!<\/i><\/p>\n<p><i>Descend into a world below the surface and discover the true potential of the Terastal phenomenon! The Legendary Pok\u00e9mon Terapagos takes the throne, joined by Cinderace ex, Lapras ex, and Galvantula ex, all wielding brilliant new powers as Stellar Tera Pok\u00e9mon ex. The newly discovered Hydrapple ex leads even more Pok\u00e9mon ex into battle, and ACE SPEC cards continue to shake up the game in the Pok\u00e9mon TCG: Scarlet &amp; Violet\u2014Stellar Crown expansion!<\/i><\/p>","protected":false},"excerpt":{"rendered":"<p>Stellar Crown Booster Pack One Random 10 card booster pack An Adventure to Awaken the Power Within! Descend into a world below the surface and discover the true potential of [&hellip;]<\/p>\n","protected":false},"featured_media":4838,"template":"","meta":[],"product_brand":[],"product_cat":[38],"product_tag":[],"class_list":{"0":"post-4837","1":"product","2":"type-product","3":"status-publish","4":"has-post-thumbnail","6":"product_cat-boosterit","8":"first","9":"instock","10":"taxable","11":"shipping-taxable","12":"purchasable","13":"product-type-simple"},"yoast_head":"<!-- This site is optimized with the Yoast SEO Premium plugin v26.2 (Yoast SEO v27.2) - https:\/\/yoast.com\/product\/yoast-seo-premium-wordpress\/ -->\n<title>Stellar Crown Booster Pack - Swagykarp<\/title>\n<meta name=\"robots\" content=\"index, follow, max-snippet:-1, max-image-preview:large, max-video-preview:-1\" \/>\n<link rel=\"canonical\" href=\"https:\/\/swagykarp.fi\/en\/product\/stellar-crown-booster-pack\/\" \/>\n<meta property=\"og:locale\" content=\"en_GB\" \/>\n<meta property=\"og:type\" content=\"article\" \/>\n<meta property=\"og:title\" content=\"Stellar Crown Booster Pack\" \/>\n<meta property=\"og:description\" content=\"Stellar Crown Booster Pack One Random 10 card booster pack An Adventure to Awaken the Power Within! Descend into a world below the surface and discover the true potential of [&hellip;]\" \/>\n<meta property=\"og:url\" content=\"https:\/\/swagykarp.fi\/en\/product\/stellar-crown-booster-pack\/\" \/>\n<meta property=\"og:site_name\" content=\"Swagykarp\" \/>\n<meta property=\"article:publisher\" content=\"https:\/\/www.facebook.com\/swagykarp\" \/>\n<meta property=\"article:modified_time\" content=\"2026-03-17T11:44:02+00:00\" \/>\n<meta property=\"og:image\" content=\"https:\/\/swagykarp.fi\/wp-content\/uploads\/2025\/10\/stellar-crown-terapagos-scaled-1.webp\" \/>\n\t<meta property=\"og:image:width\" content=\"1920\" \/>\n\t<meta property=\"og:image:height\" content=\"1920\" \/>\n\t<meta property=\"og:image:type\" content=\"image\/webp\" \/>\n<meta name=\"twitter:card\" content=\"summary_large_image\" \/>\n<meta name=\"twitter:site\" content=\"@Swagykarp\" \/>\n<meta name=\"twitter:label1\" content=\"Estimated reading time\" \/>\n\t<meta name=\"twitter:data1\" content=\"1 minute\" \/>\n<script type=\"application\/ld+json\" class=\"yoast-schema-graph\">{\"@context\":\"https:\/\/schema.org\",\"@graph\":[{\"@type\":\"WebPage\",\"@id\":\"https:\/\/swagykarp.fi\/product\/stellar-crown-booster-pack\/\",\"url\":\"https:\/\/swagykarp.fi\/product\/stellar-crown-booster-pack\/\",\"name\":\"Stellar Crown Booster Pack - Swagykarp\",\"isPartOf\":{\"@id\":\"https:\/\/swagykarp.fi\/en\/#website\"},\"primaryImageOfPage\":{\"@id\":\"https:\/\/swagykarp.fi\/product\/stellar-crown-booster-pack\/#primaryimage\"},\"image\":{\"@id\":\"https:\/\/swagykarp.fi\/product\/stellar-crown-booster-pack\/#primaryimage\"},\"thumbnailUrl\":\"https:\/\/swagykarp.fi\/wp-content\/uploads\/2025\/10\/stellar-crown-terapagos-scaled-1.webp\",\"datePublished\":\"2025-10-19T08:02:56+00:00\",\"dateModified\":\"2026-03-17T11:44:02+00:00\",\"breadcrumb\":{\"@id\":\"https:\/\/swagykarp.fi\/product\/stellar-crown-booster-pack\/#breadcrumb\"},\"inLanguage\":\"en-GB\",\"potentialAction\":[{\"@type\":\"ReadAction\",\"target\":[\"https:\/\/swagykarp.fi\/product\/stellar-crown-booster-pack\/\"]}]},{\"@type\":\"ImageObject\",\"inLanguage\":\"en-GB\",\"@id\":\"https:\/\/swagykarp.fi\/product\/stellar-crown-booster-pack\/#primaryimage\",\"url\":\"https:\/\/swagykarp.fi\/wp-content\/uploads\/2025\/10\/stellar-crown-terapagos-scaled-1.webp\",\"contentUrl\":\"https:\/\/swagykarp.fi\/wp-content\/uploads\/2025\/10\/stellar-crown-terapagos-scaled-1.webp\",\"width\":1920,\"height\":1920},{\"@type\":\"BreadcrumbList\",\"@id\":\"https:\/\/swagykarp.fi\/product\/stellar-crown-booster-pack\/#breadcrumb\",\"itemListElement\":[{\"@type\":\"ListItem\",\"position\":1,\"name\":\"Home\",\"item\":\"https:\/\/swagykarp.fi\/\"},{\"@type\":\"ListItem\",\"position\":2,\"name\":\"Kauppa\",\"item\":\"https:\/\/swagykarp.fi\/kauppa\/\"},{\"@type\":\"ListItem\",\"position\":3,\"name\":\"Stellar Crown Booster Pack\"}]},{\"@type\":\"WebSite\",\"@id\":\"https:\/\/swagykarp.fi\/en\/#website\",\"url\":\"https:\/\/swagykarp.fi\/en\/\",\"name\":\"Swagykarp\",\"description\":\"Pokemon TCG Store\",\"publisher\":{\"@id\":\"https:\/\/swagykarp.fi\/en\/#organization\"},\"potentialAction\":[{\"@type\":\"SearchAction\",\"target\":{\"@type\":\"EntryPoint\",\"urlTemplate\":\"https:\/\/swagykarp.fi\/en\/?s={search_term_string}\"},\"query-input\":{\"@type\":\"PropertyValueSpecification\",\"valueRequired\":true,\"valueName\":\"search_term_string\"}}],\"inLanguage\":\"en-GB\"},{\"@type\":\"Organization\",\"@id\":\"https:\/\/swagykarp.fi\/en\/#organization\",\"name\":\"Swagykarp\",\"url\":\"https:\/\/swagykarp.fi\/en\/\",\"logo\":{\"@type\":\"ImageObject\",\"inLanguage\":\"en-GB\",\"@id\":\"https:\/\/swagykarp.fi\/en\/#\/schema\/logo\/image\/\",\"url\":\"https:\/\/swagykarp.fi\/wp-content\/uploads\/2025\/08\/logo-text.webp\",\"contentUrl\":\"https:\/\/swagykarp.fi\/wp-content\/uploads\/2025\/08\/logo-text.webp\",\"width\":1920,\"height\":1920,\"caption\":\"Swagykarp\"},\"image\":{\"@id\":\"https:\/\/swagykarp.fi\/en\/#\/schema\/logo\/image\/\"},\"sameAs\":[\"https:\/\/www.facebook.com\/swagykarp\",\"https:\/\/x.com\/Swagykarp\",\"https:\/\/www.instagram.com\/swagykarp\"]}]}<\/script>\n<!-- \/ Yoast SEO Premium plugin. -->","yoast_head_json":{"title":"Stellar Crown Booster Pack - Swagykarp","robots":{"index":"index","follow":"follow","max-snippet":"max-snippet:-1","max-image-preview":"max-image-preview:large","max-video-preview":"max-video-preview:-1"},"canonical":"https:\/\/swagykarp.fi\/en\/product\/stellar-crown-booster-pack\/","og_locale":"en_GB","og_type":"article","og_title":"Stellar Crown Booster Pack","og_description":"Stellar Crown Booster Pack One Random 10 card booster pack An Adventure to Awaken the Power Within! Descend into a world below the surface and discover the true potential of [&hellip;]","og_url":"https:\/\/swagykarp.fi\/en\/product\/stellar-crown-booster-pack\/","og_site_name":"Swagykarp","article_publisher":"https:\/\/www.facebook.com\/swagykarp","article_modified_time":"2026-03-17T11:44:02+00:00","og_image":[{"width":1920,"height":1920,"url":"https:\/\/swagykarp.fi\/wp-content\/uploads\/2025\/10\/stellar-crown-terapagos-scaled-1.webp","type":"image\/webp"}],"twitter_card":"summary_large_image","twitter_site":"@Swagykarp","twitter_misc":{"Estimated reading time":"1 minute"},"schema":{"@context":"https:\/\/schema.org","@graph":[{"@type":"WebPage","@id":"https:\/\/swagykarp.fi\/product\/stellar-crown-booster-pack\/","url":"https:\/\/swagykarp.fi\/product\/stellar-crown-booster-pack\/","name":"Stellar Crown Booster Pack - Swagykarp","isPartOf":{"@id":"https:\/\/swagykarp.fi\/en\/#website"},"primaryImageOfPage":{"@id":"https:\/\/swagykarp.fi\/product\/stellar-crown-booster-pack\/#primaryimage"},"image":{"@id":"https:\/\/swagykarp.fi\/product\/stellar-crown-booster-pack\/#primaryimage"},"thumbnailUrl":"https:\/\/swagykarp.fi\/wp-content\/uploads\/2025\/10\/stellar-crown-terapagos-scaled-1.webp","datePublished":"2025-10-19T08:02:56+00:00","dateModified":"2026-03-17T11:44:02+00:00","breadcrumb":{"@id":"https:\/\/swagykarp.fi\/product\/stellar-crown-booster-pack\/#breadcrumb"},"inLanguage":"en-GB","potentialAction":[{"@type":"ReadAction","target":["https:\/\/swagykarp.fi\/product\/stellar-crown-booster-pack\/"]}]},{"@type":"ImageObject","inLanguage":"en-GB","@id":"https:\/\/swagykarp.fi\/product\/stellar-crown-booster-pack\/#primaryimage","url":"https:\/\/swagykarp.fi\/wp-content\/uploads\/2025\/10\/stellar-crown-terapagos-scaled-1.webp","contentUrl":"https:\/\/swagykarp.fi\/wp-content\/uploads\/2025\/10\/stellar-crown-terapagos-scaled-1.webp","width":1920,"height":1920},{"@type":"BreadcrumbList","@id":"https:\/\/swagykarp.fi\/product\/stellar-crown-booster-pack\/#breadcrumb","itemListElement":[{"@type":"ListItem","position":1,"name":"Home","item":"https:\/\/swagykarp.fi\/"},{"@type":"ListItem","position":2,"name":"Kauppa","item":"https:\/\/swagykarp.fi\/kauppa\/"},{"@type":"ListItem","position":3,"name":"Stellar Crown Booster Pack"}]},{"@type":"WebSite","@id":"https:\/\/swagykarp.fi\/en\/#website","url":"https:\/\/swagykarp.fi\/en\/","name":"Swagykarp","description":"Pokemon TCG Store","publisher":{"@id":"https:\/\/swagykarp.fi\/en\/#organization"},"potentialAction":[{"@type":"SearchAction","target":{"@type":"EntryPoint","urlTemplate":"https:\/\/swagykarp.fi\/en\/?s={search_term_string}"},"query-input":{"@type":"PropertyValueSpecification","valueRequired":true,"valueName":"search_term_string"}}],"inLanguage":"en-GB"},{"@type":"Organization","@id":"https:\/\/swagykarp.fi\/en\/#organization","name":"Swagykarp","url":"https:\/\/swagykarp.fi\/en\/","logo":{"@type":"ImageObject","inLanguage":"en-GB","@id":"https:\/\/swagykarp.fi\/en\/#\/schema\/logo\/image\/","url":"https:\/\/swagykarp.fi\/wp-content\/uploads\/2025\/08\/logo-text.webp","contentUrl":"https:\/\/swagykarp.fi\/wp-content\/uploads\/2025\/08\/logo-text.webp","width":1920,"height":1920,"caption":"Swagykarp"},"image":{"@id":"https:\/\/swagykarp.fi\/en\/#\/schema\/logo\/image\/"},"sameAs":["https:\/\/www.facebook.com\/swagykarp","https:\/\/x.com\/Swagykarp","https:\/\/www.instagram.com\/swagykarp"]}]}},"_links":{"self":[{"href":"https:\/\/swagykarp.fi\/en\/wp-json\/wp\/v2\/product\/4837","targetHints":{"allow":["GET"]}}],"collection":[{"href":"https:\/\/swagykarp.fi\/en\/wp-json\/wp\/v2\/product"}],"about":[{"href":"https:\/\/swagykarp.fi\/en\/wp-json\/wp\/v2\/types\/product"}],"wp:featuredmedia":[{"embeddable":true,"href":"https:\/\/swagykarp.fi\/en\/wp-json\/wp\/v2\/media\/4838"}],"wp:attachment":[{"href":"https:\/\/swagykarp.fi\/en\/wp-json\/wp\/v2\/media?parent=4837"}],"wp:term":[{"taxonomy":"product_brand","embeddable":true,"href":"https:\/\/swagykarp.fi\/en\/wp-json\/wp\/v2\/product_brand?post=4837"},{"taxonomy":"product_cat","embeddable":true,"href":"https:\/\/swagykarp.fi\/en\/wp-json\/wp\/v2\/product_cat?post=4837"},{"taxonomy":"product_tag","embeddable":true,"href":"https:\/\/swagykarp.fi\/en\/wp-json\/wp\/v2\/product_tag?post=4837"}],"curies":[{"name":"wp","href":"https:\/\/api.w.org\/{rel}","templated":true}]}}