{"id":4757,"date":"2025-10-19T11:02:48","date_gmt":"2025-10-19T08:02:48","guid":{"rendered":"https:\/\/swagykarp.fi\/?post_type=product&#038;p=4757"},"modified":"2025-11-06T01:01:16","modified_gmt":"2025-11-05T23:01:16","slug":"prismatic-evolutions-surprise-box","status":"publish","type":"product","link":"https:\/\/swagykarp.fi\/en\/product\/prismatic-evolutions-surprise-box\/","title":{"rendered":"Prismatic Evolutions Surprise Box"},"content":{"rendered":"<p><strong>Prismatic Evolutions Surprise Box<\/strong><strong><br \/>\n<\/strong><\/p>\n<p>Eevee &amp; Friends Light Up with Stellar Colors!<br \/>\nFrom fluffy and fiery to freezing and fanciful, Eevee and its many Evolutions hold a special place in the hearts of Pok\u00e9mon Trainers across the land! Discover their unique new powers as Stellar Tera Pok\u00e9mon ex, and look for treasure of your very own across a grand gathering of Pok\u00e9mon ex from Paldea and beyond. Glittering gems and hidden patterns await at the end of the rainbow in the Pok\u00e9mon TCG: Scarlet &amp; Violet\u2014Prismatic Evolutions expansion!<\/p>\n<p><strong>The Prismatic Evolutions Surprise Box includes:<br \/>\n<\/strong>four\u00a0<em>Prismatic Evolutions\u00a0<\/em>booster packs,<\/p>\n<p>one stylish storage box with four dividers<\/p>\n<p>and one of nine random etched promo card featuring Eevee or one of its Evolutions as a Stellar Tera Pok\u00e9mon ex.<\/p>\n<p>You can find the rest of our prismatic evolutions Products <a href=\"https:\/\/swagykarp.fi\/en\/product-category\/prismatic-evolutions\/\">here<\/a><\/p>\n<p>The Prismatic Evolutions expansion will include:<\/p>\n<ul>\n<li>Over 175 cards<\/li>\n<li>Six ACE SPEC Trainer cards<\/li>\n<li>10 Pok\u00e9mon ex and 15 Tera Pok\u00e9mon ex<\/li>\n<li>12 ultra rare Supporter cards<\/li>\n<li>Illustration rare cards<\/li>\n<li>32 special illustration rare Pok\u00e9mon ex and Supporter cards<\/li>\n<li>Five hyper rare gold etched Pok\u00e9mon ex cards<\/li>\n<\/ul>\n<p><strong>\u00a0<\/strong><\/p>","protected":false},"excerpt":{"rendered":"<p>Prismatic Evolutions Surprise Box Eevee &amp; Friends Light Up with Stellar Colors! From fluffy and fiery to freezing and fanciful, Eevee and its many Evolutions hold a special place in [&hellip;]<\/p>\n","protected":false},"featured_media":4758,"template":"","meta":[],"product_brand":[],"product_cat":[45],"product_tag":[],"class_list":{"0":"post-4757","1":"product","2":"type-product","3":"status-publish","4":"has-post-thumbnail","6":"product_cat-collection-boxit","8":"first","9":"outofstock","10":"taxable","11":"shipping-taxable","12":"purchasable","13":"product-type-simple"},"yoast_head":"<!-- This site is optimized with the Yoast SEO Premium plugin v26.2 (Yoast SEO v27.2) - https:\/\/yoast.com\/product\/yoast-seo-premium-wordpress\/ -->\n<title>Prismatic Evolutions Surprise Box - Swagykarp<\/title>\n<meta name=\"robots\" content=\"index, follow, max-snippet:-1, max-image-preview:large, max-video-preview:-1\" \/>\n<link rel=\"canonical\" href=\"https:\/\/swagykarp.fi\/en\/product\/prismatic-evolutions-surprise-box\/\" \/>\n<meta property=\"og:locale\" content=\"en_GB\" \/>\n<meta property=\"og:type\" content=\"article\" \/>\n<meta property=\"og:title\" content=\"Prismatic Evolutions Surprise Box\" \/>\n<meta property=\"og:description\" content=\"Prismatic Evolutions Surprise Box Eevee &amp; Friends Light Up with Stellar Colors! From fluffy and fiery to freezing and fanciful, Eevee and its many Evolutions hold a special place in [&hellip;]\" \/>\n<meta property=\"og:url\" content=\"https:\/\/swagykarp.fi\/en\/product\/prismatic-evolutions-surprise-box\/\" \/>\n<meta property=\"og:site_name\" content=\"Swagykarp\" \/>\n<meta property=\"article:publisher\" content=\"https:\/\/www.facebook.com\/swagykarp\" \/>\n<meta property=\"article:modified_time\" content=\"2025-11-05T23:01:16+00:00\" \/>\n<meta property=\"og:image\" content=\"https:\/\/swagykarp.fi\/wp-content\/uploads\/2025\/10\/collection-prismatic-evolutions-suprise-box-scaled-1.webp\" \/>\n\t<meta property=\"og:image:width\" content=\"1920\" \/>\n\t<meta property=\"og:image:height\" content=\"1920\" \/>\n\t<meta property=\"og:image:type\" content=\"image\/webp\" \/>\n<meta name=\"twitter:card\" content=\"summary_large_image\" \/>\n<meta name=\"twitter:site\" content=\"@Swagykarp\" \/>\n<meta name=\"twitter:label1\" content=\"Estimated reading time\" \/>\n\t<meta name=\"twitter:data1\" content=\"1 minute\" \/>\n<script type=\"application\/ld+json\" class=\"yoast-schema-graph\">{\"@context\":\"https:\/\/schema.org\",\"@graph\":[{\"@type\":\"WebPage\",\"@id\":\"https:\/\/swagykarp.fi\/en\/product\/prismatic-evolutions-surprise-box\/\",\"url\":\"https:\/\/swagykarp.fi\/en\/product\/prismatic-evolutions-surprise-box\/\",\"name\":\"Prismatic Evolutions Surprise Box - Swagykarp\",\"isPartOf\":{\"@id\":\"https:\/\/swagykarp.fi\/en\/#website\"},\"primaryImageOfPage\":{\"@id\":\"https:\/\/swagykarp.fi\/en\/product\/prismatic-evolutions-surprise-box\/#primaryimage\"},\"image\":{\"@id\":\"https:\/\/swagykarp.fi\/en\/product\/prismatic-evolutions-surprise-box\/#primaryimage\"},\"thumbnailUrl\":\"https:\/\/swagykarp.fi\/wp-content\/uploads\/2025\/10\/collection-prismatic-evolutions-suprise-box-scaled-1.webp\",\"datePublished\":\"2025-10-19T08:02:48+00:00\",\"dateModified\":\"2025-11-05T23:01:16+00:00\",\"breadcrumb\":{\"@id\":\"https:\/\/swagykarp.fi\/en\/product\/prismatic-evolutions-surprise-box\/#breadcrumb\"},\"inLanguage\":\"en-GB\",\"potentialAction\":[{\"@type\":\"ReadAction\",\"target\":[\"https:\/\/swagykarp.fi\/en\/product\/prismatic-evolutions-surprise-box\/\"]}]},{\"@type\":\"ImageObject\",\"inLanguage\":\"en-GB\",\"@id\":\"https:\/\/swagykarp.fi\/en\/product\/prismatic-evolutions-surprise-box\/#primaryimage\",\"url\":\"https:\/\/swagykarp.fi\/wp-content\/uploads\/2025\/10\/collection-prismatic-evolutions-suprise-box-scaled-1.webp\",\"contentUrl\":\"https:\/\/swagykarp.fi\/wp-content\/uploads\/2025\/10\/collection-prismatic-evolutions-suprise-box-scaled-1.webp\",\"width\":1920,\"height\":1920},{\"@type\":\"BreadcrumbList\",\"@id\":\"https:\/\/swagykarp.fi\/en\/product\/prismatic-evolutions-surprise-box\/#breadcrumb\",\"itemListElement\":[{\"@type\":\"ListItem\",\"position\":1,\"name\":\"Home\",\"item\":\"https:\/\/swagykarp.fi\/\"},{\"@type\":\"ListItem\",\"position\":2,\"name\":\"Kauppa\",\"item\":\"https:\/\/swagykarp.fi\/kauppa\/\"},{\"@type\":\"ListItem\",\"position\":3,\"name\":\"Prismatic Evolutions Surprise Box\"}]},{\"@type\":\"WebSite\",\"@id\":\"https:\/\/swagykarp.fi\/en\/#website\",\"url\":\"https:\/\/swagykarp.fi\/en\/\",\"name\":\"Swagykarp\",\"description\":\"Pokemon TCG Store\",\"publisher\":{\"@id\":\"https:\/\/swagykarp.fi\/en\/#organization\"},\"potentialAction\":[{\"@type\":\"SearchAction\",\"target\":{\"@type\":\"EntryPoint\",\"urlTemplate\":\"https:\/\/swagykarp.fi\/en\/?s={search_term_string}\"},\"query-input\":{\"@type\":\"PropertyValueSpecification\",\"valueRequired\":true,\"valueName\":\"search_term_string\"}}],\"inLanguage\":\"en-GB\"},{\"@type\":\"Organization\",\"@id\":\"https:\/\/swagykarp.fi\/en\/#organization\",\"name\":\"Swagykarp\",\"url\":\"https:\/\/swagykarp.fi\/en\/\",\"logo\":{\"@type\":\"ImageObject\",\"inLanguage\":\"en-GB\",\"@id\":\"https:\/\/swagykarp.fi\/en\/#\/schema\/logo\/image\/\",\"url\":\"https:\/\/swagykarp.fi\/wp-content\/uploads\/2025\/08\/logo-text.webp\",\"contentUrl\":\"https:\/\/swagykarp.fi\/wp-content\/uploads\/2025\/08\/logo-text.webp\",\"width\":1920,\"height\":1920,\"caption\":\"Swagykarp\"},\"image\":{\"@id\":\"https:\/\/swagykarp.fi\/en\/#\/schema\/logo\/image\/\"},\"sameAs\":[\"https:\/\/www.facebook.com\/swagykarp\",\"https:\/\/x.com\/Swagykarp\",\"https:\/\/www.instagram.com\/swagykarp\"]}]}<\/script>\n<!-- \/ Yoast SEO Premium plugin. -->","yoast_head_json":{"title":"Prismatic Evolutions Surprise Box - Swagykarp","robots":{"index":"index","follow":"follow","max-snippet":"max-snippet:-1","max-image-preview":"max-image-preview:large","max-video-preview":"max-video-preview:-1"},"canonical":"https:\/\/swagykarp.fi\/en\/product\/prismatic-evolutions-surprise-box\/","og_locale":"en_GB","og_type":"article","og_title":"Prismatic Evolutions Surprise Box","og_description":"Prismatic Evolutions Surprise Box Eevee &amp; Friends Light Up with Stellar Colors! From fluffy and fiery to freezing and fanciful, Eevee and its many Evolutions hold a special place in [&hellip;]","og_url":"https:\/\/swagykarp.fi\/en\/product\/prismatic-evolutions-surprise-box\/","og_site_name":"Swagykarp","article_publisher":"https:\/\/www.facebook.com\/swagykarp","article_modified_time":"2025-11-05T23:01:16+00:00","og_image":[{"width":1920,"height":1920,"url":"https:\/\/swagykarp.fi\/wp-content\/uploads\/2025\/10\/collection-prismatic-evolutions-suprise-box-scaled-1.webp","type":"image\/webp"}],"twitter_card":"summary_large_image","twitter_site":"@Swagykarp","twitter_misc":{"Estimated reading time":"1 minute"},"schema":{"@context":"https:\/\/schema.org","@graph":[{"@type":"WebPage","@id":"https:\/\/swagykarp.fi\/en\/product\/prismatic-evolutions-surprise-box\/","url":"https:\/\/swagykarp.fi\/en\/product\/prismatic-evolutions-surprise-box\/","name":"Prismatic Evolutions Surprise Box - Swagykarp","isPartOf":{"@id":"https:\/\/swagykarp.fi\/en\/#website"},"primaryImageOfPage":{"@id":"https:\/\/swagykarp.fi\/en\/product\/prismatic-evolutions-surprise-box\/#primaryimage"},"image":{"@id":"https:\/\/swagykarp.fi\/en\/product\/prismatic-evolutions-surprise-box\/#primaryimage"},"thumbnailUrl":"https:\/\/swagykarp.fi\/wp-content\/uploads\/2025\/10\/collection-prismatic-evolutions-suprise-box-scaled-1.webp","datePublished":"2025-10-19T08:02:48+00:00","dateModified":"2025-11-05T23:01:16+00:00","breadcrumb":{"@id":"https:\/\/swagykarp.fi\/en\/product\/prismatic-evolutions-surprise-box\/#breadcrumb"},"inLanguage":"en-GB","potentialAction":[{"@type":"ReadAction","target":["https:\/\/swagykarp.fi\/en\/product\/prismatic-evolutions-surprise-box\/"]}]},{"@type":"ImageObject","inLanguage":"en-GB","@id":"https:\/\/swagykarp.fi\/en\/product\/prismatic-evolutions-surprise-box\/#primaryimage","url":"https:\/\/swagykarp.fi\/wp-content\/uploads\/2025\/10\/collection-prismatic-evolutions-suprise-box-scaled-1.webp","contentUrl":"https:\/\/swagykarp.fi\/wp-content\/uploads\/2025\/10\/collection-prismatic-evolutions-suprise-box-scaled-1.webp","width":1920,"height":1920},{"@type":"BreadcrumbList","@id":"https:\/\/swagykarp.fi\/en\/product\/prismatic-evolutions-surprise-box\/#breadcrumb","itemListElement":[{"@type":"ListItem","position":1,"name":"Home","item":"https:\/\/swagykarp.fi\/"},{"@type":"ListItem","position":2,"name":"Kauppa","item":"https:\/\/swagykarp.fi\/kauppa\/"},{"@type":"ListItem","position":3,"name":"Prismatic Evolutions Surprise Box"}]},{"@type":"WebSite","@id":"https:\/\/swagykarp.fi\/en\/#website","url":"https:\/\/swagykarp.fi\/en\/","name":"Swagykarp","description":"Pokemon TCG Store","publisher":{"@id":"https:\/\/swagykarp.fi\/en\/#organization"},"potentialAction":[{"@type":"SearchAction","target":{"@type":"EntryPoint","urlTemplate":"https:\/\/swagykarp.fi\/en\/?s={search_term_string}"},"query-input":{"@type":"PropertyValueSpecification","valueRequired":true,"valueName":"search_term_string"}}],"inLanguage":"en-GB"},{"@type":"Organization","@id":"https:\/\/swagykarp.fi\/en\/#organization","name":"Swagykarp","url":"https:\/\/swagykarp.fi\/en\/","logo":{"@type":"ImageObject","inLanguage":"en-GB","@id":"https:\/\/swagykarp.fi\/en\/#\/schema\/logo\/image\/","url":"https:\/\/swagykarp.fi\/wp-content\/uploads\/2025\/08\/logo-text.webp","contentUrl":"https:\/\/swagykarp.fi\/wp-content\/uploads\/2025\/08\/logo-text.webp","width":1920,"height":1920,"caption":"Swagykarp"},"image":{"@id":"https:\/\/swagykarp.fi\/en\/#\/schema\/logo\/image\/"},"sameAs":["https:\/\/www.facebook.com\/swagykarp","https:\/\/x.com\/Swagykarp","https:\/\/www.instagram.com\/swagykarp"]}]}},"_links":{"self":[{"href":"https:\/\/swagykarp.fi\/en\/wp-json\/wp\/v2\/product\/4757","targetHints":{"allow":["GET"]}}],"collection":[{"href":"https:\/\/swagykarp.fi\/en\/wp-json\/wp\/v2\/product"}],"about":[{"href":"https:\/\/swagykarp.fi\/en\/wp-json\/wp\/v2\/types\/product"}],"wp:featuredmedia":[{"embeddable":true,"href":"https:\/\/swagykarp.fi\/en\/wp-json\/wp\/v2\/media\/4758"}],"wp:attachment":[{"href":"https:\/\/swagykarp.fi\/en\/wp-json\/wp\/v2\/media?parent=4757"}],"wp:term":[{"taxonomy":"product_brand","embeddable":true,"href":"https:\/\/swagykarp.fi\/en\/wp-json\/wp\/v2\/product_brand?post=4757"},{"taxonomy":"product_cat","embeddable":true,"href":"https:\/\/swagykarp.fi\/en\/wp-json\/wp\/v2\/product_cat?post=4757"},{"taxonomy":"product_tag","embeddable":true,"href":"https:\/\/swagykarp.fi\/en\/wp-json\/wp\/v2\/product_tag?post=4757"}],"curies":[{"name":"wp","href":"https:\/\/api.w.org\/{rel}","templated":true}]}}