{"id":4720,"date":"2025-10-19T11:02:12","date_gmt":"2025-10-19T08:02:12","guid":{"rendered":"https:\/\/swagykarp.fi\/?post_type=product&#038;p=4720"},"modified":"2025-10-30T14:03:27","modified_gmt":"2025-10-30T12:03:27","slug":"elite-trainer-box-prismatic-evolutions","status":"publish","type":"product","link":"https:\/\/swagykarp.fi\/en\/product\/elite-trainer-box-prismatic-evolutions\/","title":{"rendered":"Elite Trainer Box &#8211; Prismatic Evolutions"},"content":{"rendered":"<p><strong>Please Note: All Prismatic Evolutions Products are currently at one per customer. This is to ensure that as many people can get there hands on the products as possible.<br \/>\nWe thank you for your understanding.<\/strong><\/p>\n<p>Release date is January 17th 2025<br \/>\nPok\u00e9mon TCG: Scarlet &amp; Violet\u2014Prismatic Evolutions Elite Trainer Box<\/p>\n<p><strong>Eevee &amp; Friends Light Up with Stellar Colors!<\/strong><br \/>\nFrom fluffy and fiery to freezing and fanciful, Eevee and its many Evolutions hold a special place in the hearts of Pok\u00e9mon Trainers across the land! Discover their unique new powers as Stellar Tera Pok\u00e9mon ex, and look for treasure of your very own across a grand gathering of Pok\u00e9mon ex from Paldea and beyond. Glittering gems and hidden patterns await at the end of the rainbow in the Pok\u00e9mon TCG: Scarlet &amp; Violet\u2014Prismatic Evolutions expansion!<\/p>\n<p>The Pok\u00e9mon TCG: Scarlet &amp; Violet\u2014Prismatic Evolutions Elite Trainer Box includes:<\/p>\n<p>9 Pok\u00e9mon TCG: Scarlet &amp; Violet\u2014Prismatic Evolutions booster packs<br \/>\nEach booster pack contains 10 cards and 1 Basic Energy. Cards vary by pack.<br \/>\n1 full-art foil promo card featuring Eevee<br \/>\n65 card sleeves featuring Eevee as a Stellar Tera Pok\u00e9mon<br \/>\n45 Pok\u00e9mon TCG Energy cards<br \/>\nA player\u2019s guide to the Scarlet &amp; Violet\u2014Prismatic Evolutions expansion<br \/>\n6 damage-counter dice<br \/>\n1 competition-legal coin-flip die<br \/>\n2 plastic condition markers<br \/>\nA box to hold everything, with 4 dividers to keep it organized<br \/>\nA code card for Pok\u00e9mon Trading Card Game Live<\/p>\n<p>You can find more awesome elite trainer boxes <a href=\"https:\/\/swagykarp.fi\/en\/product-category\/elite-trainer-boxes\/\">here<\/a><\/p>\n<p>The Prismatic Evolutions expansion will include:<\/p>\n<ul>\n<li>Over 175 cards<\/li>\n<li>Six ACE SPEC Trainer cards<\/li>\n<li>10 Pok\u00e9mon ex and 15 Tera Pok\u00e9mon ex<\/li>\n<li>12 ultra rare Supporter cards<\/li>\n<li>Illustration rare cards<\/li>\n<li>32 special illustration rare Pok\u00e9mon ex and Supporter cards<\/li>\n<li>Five hyper rare gold etched Pok\u00e9mon ex cards<\/li>\n<\/ul>","protected":false},"excerpt":{"rendered":"<p>Please Note: All Prismatic Evolutions Products are currently at one per customer. This is to ensure that as many people can get there hands on the products as possible. We [&hellip;]<\/p>\n","protected":false},"featured_media":4721,"template":"","meta":[],"product_brand":[],"product_cat":[47],"product_tag":[],"class_list":{"0":"post-4720","1":"product","2":"type-product","3":"status-publish","4":"has-post-thumbnail","6":"product_cat-elite-trainer-boxes","8":"first","9":"outofstock","10":"taxable","11":"shipping-taxable","12":"purchasable","13":"product-type-simple"},"yoast_head":"<!-- This site is optimized with the Yoast SEO Premium plugin v26.2 (Yoast SEO v27.2) - https:\/\/yoast.com\/product\/yoast-seo-premium-wordpress\/ -->\n<title>Elite Trainer Box - Prismatic Evolutions - Swagykarp<\/title>\n<meta name=\"robots\" content=\"index, follow, max-snippet:-1, max-image-preview:large, max-video-preview:-1\" \/>\n<link rel=\"canonical\" href=\"https:\/\/swagykarp.fi\/en\/product\/elite-trainer-box-prismatic-evolutions\/\" \/>\n<meta property=\"og:locale\" content=\"en_GB\" \/>\n<meta property=\"og:type\" content=\"article\" \/>\n<meta property=\"og:title\" content=\"Elite Trainer Box - Prismatic Evolutions\" \/>\n<meta property=\"og:description\" content=\"Please Note: All Prismatic Evolutions Products are currently at one per customer. This is to ensure that as many people can get there hands on the products as possible. We [&hellip;]\" \/>\n<meta property=\"og:url\" content=\"https:\/\/swagykarp.fi\/en\/product\/elite-trainer-box-prismatic-evolutions\/\" \/>\n<meta property=\"og:site_name\" content=\"Swagykarp\" \/>\n<meta property=\"article:publisher\" content=\"https:\/\/www.facebook.com\/swagykarp\" \/>\n<meta property=\"article:modified_time\" content=\"2025-10-30T12:03:27+00:00\" \/>\n<meta property=\"og:image\" content=\"https:\/\/swagykarp.fi\/wp-content\/uploads\/2025\/10\/elite-trainer-box-prismatic-evolutions-scaled-1.webp\" \/>\n\t<meta property=\"og:image:width\" content=\"1920\" \/>\n\t<meta property=\"og:image:height\" content=\"1920\" \/>\n\t<meta property=\"og:image:type\" content=\"image\/webp\" \/>\n<meta name=\"twitter:card\" content=\"summary_large_image\" \/>\n<meta name=\"twitter:site\" content=\"@Swagykarp\" \/>\n<meta name=\"twitter:label1\" content=\"Estimated reading time\" \/>\n\t<meta name=\"twitter:data1\" content=\"2 minutes\" \/>\n<script type=\"application\/ld+json\" class=\"yoast-schema-graph\">{\"@context\":\"https:\/\/schema.org\",\"@graph\":[{\"@type\":\"WebPage\",\"@id\":\"https:\/\/swagykarp.fi\/en\/product\/elite-trainer-box-prismatic-evolutions\/\",\"url\":\"https:\/\/swagykarp.fi\/en\/product\/elite-trainer-box-prismatic-evolutions\/\",\"name\":\"Elite Trainer Box - Prismatic Evolutions - Swagykarp\",\"isPartOf\":{\"@id\":\"https:\/\/swagykarp.fi\/en\/#website\"},\"primaryImageOfPage\":{\"@id\":\"https:\/\/swagykarp.fi\/en\/product\/elite-trainer-box-prismatic-evolutions\/#primaryimage\"},\"image\":{\"@id\":\"https:\/\/swagykarp.fi\/en\/product\/elite-trainer-box-prismatic-evolutions\/#primaryimage\"},\"thumbnailUrl\":\"https:\/\/swagykarp.fi\/wp-content\/uploads\/2025\/10\/elite-trainer-box-prismatic-evolutions-scaled-1.webp\",\"datePublished\":\"2025-10-19T08:02:12+00:00\",\"dateModified\":\"2025-10-30T12:03:27+00:00\",\"breadcrumb\":{\"@id\":\"https:\/\/swagykarp.fi\/en\/product\/elite-trainer-box-prismatic-evolutions\/#breadcrumb\"},\"inLanguage\":\"en-GB\",\"potentialAction\":[{\"@type\":\"ReadAction\",\"target\":[\"https:\/\/swagykarp.fi\/en\/product\/elite-trainer-box-prismatic-evolutions\/\"]}]},{\"@type\":\"ImageObject\",\"inLanguage\":\"en-GB\",\"@id\":\"https:\/\/swagykarp.fi\/en\/product\/elite-trainer-box-prismatic-evolutions\/#primaryimage\",\"url\":\"https:\/\/swagykarp.fi\/wp-content\/uploads\/2025\/10\/elite-trainer-box-prismatic-evolutions-scaled-1.webp\",\"contentUrl\":\"https:\/\/swagykarp.fi\/wp-content\/uploads\/2025\/10\/elite-trainer-box-prismatic-evolutions-scaled-1.webp\",\"width\":1920,\"height\":1920},{\"@type\":\"BreadcrumbList\",\"@id\":\"https:\/\/swagykarp.fi\/en\/product\/elite-trainer-box-prismatic-evolutions\/#breadcrumb\",\"itemListElement\":[{\"@type\":\"ListItem\",\"position\":1,\"name\":\"Home\",\"item\":\"https:\/\/swagykarp.fi\/\"},{\"@type\":\"ListItem\",\"position\":2,\"name\":\"Kauppa\",\"item\":\"https:\/\/swagykarp.fi\/kauppa\/\"},{\"@type\":\"ListItem\",\"position\":3,\"name\":\"Elite Trainer Box &#8211; Prismatic Evolutions\"}]},{\"@type\":\"WebSite\",\"@id\":\"https:\/\/swagykarp.fi\/en\/#website\",\"url\":\"https:\/\/swagykarp.fi\/en\/\",\"name\":\"Swagykarp\",\"description\":\"Pokemon TCG Store\",\"publisher\":{\"@id\":\"https:\/\/swagykarp.fi\/en\/#organization\"},\"potentialAction\":[{\"@type\":\"SearchAction\",\"target\":{\"@type\":\"EntryPoint\",\"urlTemplate\":\"https:\/\/swagykarp.fi\/en\/?s={search_term_string}\"},\"query-input\":{\"@type\":\"PropertyValueSpecification\",\"valueRequired\":true,\"valueName\":\"search_term_string\"}}],\"inLanguage\":\"en-GB\"},{\"@type\":\"Organization\",\"@id\":\"https:\/\/swagykarp.fi\/en\/#organization\",\"name\":\"Swagykarp\",\"url\":\"https:\/\/swagykarp.fi\/en\/\",\"logo\":{\"@type\":\"ImageObject\",\"inLanguage\":\"en-GB\",\"@id\":\"https:\/\/swagykarp.fi\/en\/#\/schema\/logo\/image\/\",\"url\":\"https:\/\/swagykarp.fi\/wp-content\/uploads\/2025\/08\/logo-text.webp\",\"contentUrl\":\"https:\/\/swagykarp.fi\/wp-content\/uploads\/2025\/08\/logo-text.webp\",\"width\":1920,\"height\":1920,\"caption\":\"Swagykarp\"},\"image\":{\"@id\":\"https:\/\/swagykarp.fi\/en\/#\/schema\/logo\/image\/\"},\"sameAs\":[\"https:\/\/www.facebook.com\/swagykarp\",\"https:\/\/x.com\/Swagykarp\",\"https:\/\/www.instagram.com\/swagykarp\"]}]}<\/script>\n<!-- \/ Yoast SEO Premium plugin. -->","yoast_head_json":{"title":"Elite Trainer Box - Prismatic Evolutions - Swagykarp","robots":{"index":"index","follow":"follow","max-snippet":"max-snippet:-1","max-image-preview":"max-image-preview:large","max-video-preview":"max-video-preview:-1"},"canonical":"https:\/\/swagykarp.fi\/en\/product\/elite-trainer-box-prismatic-evolutions\/","og_locale":"en_GB","og_type":"article","og_title":"Elite Trainer Box - Prismatic Evolutions","og_description":"Please Note: All Prismatic Evolutions Products are currently at one per customer. This is to ensure that as many people can get there hands on the products as possible. We [&hellip;]","og_url":"https:\/\/swagykarp.fi\/en\/product\/elite-trainer-box-prismatic-evolutions\/","og_site_name":"Swagykarp","article_publisher":"https:\/\/www.facebook.com\/swagykarp","article_modified_time":"2025-10-30T12:03:27+00:00","og_image":[{"width":1920,"height":1920,"url":"https:\/\/swagykarp.fi\/wp-content\/uploads\/2025\/10\/elite-trainer-box-prismatic-evolutions-scaled-1.webp","type":"image\/webp"}],"twitter_card":"summary_large_image","twitter_site":"@Swagykarp","twitter_misc":{"Estimated reading time":"2 minutes"},"schema":{"@context":"https:\/\/schema.org","@graph":[{"@type":"WebPage","@id":"https:\/\/swagykarp.fi\/en\/product\/elite-trainer-box-prismatic-evolutions\/","url":"https:\/\/swagykarp.fi\/en\/product\/elite-trainer-box-prismatic-evolutions\/","name":"Elite Trainer Box - Prismatic Evolutions - Swagykarp","isPartOf":{"@id":"https:\/\/swagykarp.fi\/en\/#website"},"primaryImageOfPage":{"@id":"https:\/\/swagykarp.fi\/en\/product\/elite-trainer-box-prismatic-evolutions\/#primaryimage"},"image":{"@id":"https:\/\/swagykarp.fi\/en\/product\/elite-trainer-box-prismatic-evolutions\/#primaryimage"},"thumbnailUrl":"https:\/\/swagykarp.fi\/wp-content\/uploads\/2025\/10\/elite-trainer-box-prismatic-evolutions-scaled-1.webp","datePublished":"2025-10-19T08:02:12+00:00","dateModified":"2025-10-30T12:03:27+00:00","breadcrumb":{"@id":"https:\/\/swagykarp.fi\/en\/product\/elite-trainer-box-prismatic-evolutions\/#breadcrumb"},"inLanguage":"en-GB","potentialAction":[{"@type":"ReadAction","target":["https:\/\/swagykarp.fi\/en\/product\/elite-trainer-box-prismatic-evolutions\/"]}]},{"@type":"ImageObject","inLanguage":"en-GB","@id":"https:\/\/swagykarp.fi\/en\/product\/elite-trainer-box-prismatic-evolutions\/#primaryimage","url":"https:\/\/swagykarp.fi\/wp-content\/uploads\/2025\/10\/elite-trainer-box-prismatic-evolutions-scaled-1.webp","contentUrl":"https:\/\/swagykarp.fi\/wp-content\/uploads\/2025\/10\/elite-trainer-box-prismatic-evolutions-scaled-1.webp","width":1920,"height":1920},{"@type":"BreadcrumbList","@id":"https:\/\/swagykarp.fi\/en\/product\/elite-trainer-box-prismatic-evolutions\/#breadcrumb","itemListElement":[{"@type":"ListItem","position":1,"name":"Home","item":"https:\/\/swagykarp.fi\/"},{"@type":"ListItem","position":2,"name":"Kauppa","item":"https:\/\/swagykarp.fi\/kauppa\/"},{"@type":"ListItem","position":3,"name":"Elite Trainer Box &#8211; Prismatic Evolutions"}]},{"@type":"WebSite","@id":"https:\/\/swagykarp.fi\/en\/#website","url":"https:\/\/swagykarp.fi\/en\/","name":"Swagykarp","description":"Pokemon TCG Store","publisher":{"@id":"https:\/\/swagykarp.fi\/en\/#organization"},"potentialAction":[{"@type":"SearchAction","target":{"@type":"EntryPoint","urlTemplate":"https:\/\/swagykarp.fi\/en\/?s={search_term_string}"},"query-input":{"@type":"PropertyValueSpecification","valueRequired":true,"valueName":"search_term_string"}}],"inLanguage":"en-GB"},{"@type":"Organization","@id":"https:\/\/swagykarp.fi\/en\/#organization","name":"Swagykarp","url":"https:\/\/swagykarp.fi\/en\/","logo":{"@type":"ImageObject","inLanguage":"en-GB","@id":"https:\/\/swagykarp.fi\/en\/#\/schema\/logo\/image\/","url":"https:\/\/swagykarp.fi\/wp-content\/uploads\/2025\/08\/logo-text.webp","contentUrl":"https:\/\/swagykarp.fi\/wp-content\/uploads\/2025\/08\/logo-text.webp","width":1920,"height":1920,"caption":"Swagykarp"},"image":{"@id":"https:\/\/swagykarp.fi\/en\/#\/schema\/logo\/image\/"},"sameAs":["https:\/\/www.facebook.com\/swagykarp","https:\/\/x.com\/Swagykarp","https:\/\/www.instagram.com\/swagykarp"]}]}},"_links":{"self":[{"href":"https:\/\/swagykarp.fi\/en\/wp-json\/wp\/v2\/product\/4720","targetHints":{"allow":["GET"]}}],"collection":[{"href":"https:\/\/swagykarp.fi\/en\/wp-json\/wp\/v2\/product"}],"about":[{"href":"https:\/\/swagykarp.fi\/en\/wp-json\/wp\/v2\/types\/product"}],"wp:featuredmedia":[{"embeddable":true,"href":"https:\/\/swagykarp.fi\/en\/wp-json\/wp\/v2\/media\/4721"}],"wp:attachment":[{"href":"https:\/\/swagykarp.fi\/en\/wp-json\/wp\/v2\/media?parent=4720"}],"wp:term":[{"taxonomy":"product_brand","embeddable":true,"href":"https:\/\/swagykarp.fi\/en\/wp-json\/wp\/v2\/product_brand?post=4720"},{"taxonomy":"product_cat","embeddable":true,"href":"https:\/\/swagykarp.fi\/en\/wp-json\/wp\/v2\/product_cat?post=4720"},{"taxonomy":"product_tag","embeddable":true,"href":"https:\/\/swagykarp.fi\/en\/wp-json\/wp\/v2\/product_tag?post=4720"}],"curies":[{"name":"wp","href":"https:\/\/api.w.org\/{rel}","templated":true}]}}