{"id":4343,"date":"2025-10-19T11:01:11","date_gmt":"2025-10-19T08:01:11","guid":{"rendered":"https:\/\/swagykarp.fi\/?post_type=product&#038;p=4343"},"modified":"2025-10-30T20:21:20","modified_gmt":"2025-10-30T18:21:20","slug":"greninja-ex-ultra-premium-collection","status":"publish","type":"product","link":"https:\/\/swagykarp.fi\/en\/product\/greninja-ex-ultra-premium-collection\/","title":{"rendered":"Greninja ex Ultra Premium Collection"},"content":{"rendered":"<p><strong>Greninja ex Ultra Premium Collection<\/strong><\/p>\n<p>Greninja ex Fights Its Way to the Top<\/p>\n<p>Hopping back into the Pok\u00e9mon TCG action &#8211; it&#8217;s the Ninja Pok\u00e9mon Greninja! This wondrous Pok\u00e9mon, usually a Water type, stars in its own Ultra Premium Collection as a fighting-type Tera Pok\u00e9mon ex. Use Shinobi Blade to hit hard and search your deck for any card, or attack with Mirage Barrage and hit the opponent&#8217;s Bench &#8211; twice! Fitting for such an iconic Pok\u00e9mon, this collection includes Greninja ex as both a playable card and collectible metal card, promo card Greninja ex, a wealth of Pok\u00e9mon TCG booster packs, a deck box and playmat, and much more.<\/p>\n<p>The <strong>Pok\u00e9mon TCG: Greninja ex Ultra Premium Collection<\/strong>\u00a0includes:<\/p>\n<ul>\n<li>1 etched foil card Greninja as Tera Pok\u00e9mon ex<\/li>\n<li>1 Greninja foil promo card ex<\/li>\n<li>1 etched metal card Greninja as Tera Pok\u00e9mon ex<\/li>\n<li>1 playmat<\/li>\n<li>1 deck box<\/li>\n<li>1 Greninja coin<\/li>\n<li>6 damage-counter dice<\/li>\n<li>2 Condition markers<\/li>\n<li>16 Pok\u00e9mon TCG booster packs<\/li>\n<li>A code card for Pok\u00e9mon TCG Live<\/li>\n<\/ul>\n<p>You can find even more of our premium Collections <a href=\"https:\/\/swagykarp.fi\/en\/?s=Premium+Collection\">here<\/a><\/p>","protected":false},"excerpt":{"rendered":"<p>Greninja ex Ultra Premium Collection Greninja ex Fights Its Way to the Top Hopping back into the Pok\u00e9mon TCG action &#8211; it&#8217;s the Ninja Pok\u00e9mon Greninja! This wondrous Pok\u00e9mon, usually [&hellip;]<\/p>\n","protected":false},"featured_media":4344,"template":"","meta":[],"product_brand":[],"product_cat":[45],"product_tag":[],"class_list":{"0":"post-4343","1":"product","2":"type-product","3":"status-publish","4":"has-post-thumbnail","6":"product_cat-collection-boxit","8":"first","9":"outofstock","10":"taxable","11":"shipping-taxable","12":"purchasable","13":"product-type-simple"},"yoast_head":"<!-- This site is optimized with the Yoast SEO Premium plugin v26.2 (Yoast SEO v27.4) - https:\/\/yoast.com\/product\/yoast-seo-premium-wordpress\/ -->\n<title>Greninja ex Ultra Premium Collection - Swagykarp<\/title>\n<meta name=\"robots\" content=\"index, follow, max-snippet:-1, max-image-preview:large, max-video-preview:-1\" \/>\n<link rel=\"canonical\" href=\"https:\/\/swagykarp.fi\/en\/product\/greninja-ex-ultra-premium-collection\/\" \/>\n<meta property=\"og:locale\" content=\"en_GB\" \/>\n<meta property=\"og:type\" content=\"article\" \/>\n<meta property=\"og:title\" content=\"Greninja ex Ultra Premium Collection\" \/>\n<meta property=\"og:description\" content=\"Greninja ex Ultra Premium Collection Greninja ex Fights Its Way to the Top Hopping back into the Pok\u00e9mon TCG action &#8211; it&#8217;s the Ninja Pok\u00e9mon Greninja! This wondrous Pok\u00e9mon, usually [&hellip;]\" \/>\n<meta property=\"og:url\" content=\"https:\/\/swagykarp.fi\/en\/product\/greninja-ex-ultra-premium-collection\/\" \/>\n<meta property=\"og:site_name\" content=\"Swagykarp\" \/>\n<meta property=\"article:publisher\" content=\"https:\/\/www.facebook.com\/swagykarp\" \/>\n<meta property=\"article:modified_time\" content=\"2025-10-30T18:21:20+00:00\" \/>\n<meta property=\"og:image\" content=\"https:\/\/swagykarp.fi\/wp-content\/uploads\/2025\/10\/premium-collection-greninja-ex-scaled-1.webp\" \/>\n\t<meta property=\"og:image:width\" content=\"1920\" \/>\n\t<meta property=\"og:image:height\" content=\"1920\" \/>\n\t<meta property=\"og:image:type\" content=\"image\/webp\" \/>\n<meta name=\"twitter:card\" content=\"summary_large_image\" \/>\n<meta name=\"twitter:site\" content=\"@Swagykarp\" \/>\n<meta name=\"twitter:label1\" content=\"Estimated reading time\" \/>\n\t<meta name=\"twitter:data1\" content=\"1 minute\" \/>\n<script type=\"application\/ld+json\" class=\"yoast-schema-graph\">{\"@context\":\"https:\\\/\\\/schema.org\",\"@graph\":[{\"@type\":\"WebPage\",\"@id\":\"https:\\\/\\\/swagykarp.fi\\\/product\\\/greninja-ex-ultra-premium-collection\\\/\",\"url\":\"https:\\\/\\\/swagykarp.fi\\\/product\\\/greninja-ex-ultra-premium-collection\\\/\",\"name\":\"Greninja ex Ultra Premium Collection - Swagykarp\",\"isPartOf\":{\"@id\":\"https:\\\/\\\/swagykarp.fi\\\/en\\\/#website\"},\"primaryImageOfPage\":{\"@id\":\"https:\\\/\\\/swagykarp.fi\\\/product\\\/greninja-ex-ultra-premium-collection\\\/#primaryimage\"},\"image\":{\"@id\":\"https:\\\/\\\/swagykarp.fi\\\/product\\\/greninja-ex-ultra-premium-collection\\\/#primaryimage\"},\"thumbnailUrl\":\"https:\\\/\\\/swagykarp.fi\\\/wp-content\\\/uploads\\\/2025\\\/10\\\/premium-collection-greninja-ex-scaled-1.webp\",\"datePublished\":\"2025-10-19T08:01:11+00:00\",\"dateModified\":\"2025-10-30T18:21:20+00:00\",\"breadcrumb\":{\"@id\":\"https:\\\/\\\/swagykarp.fi\\\/product\\\/greninja-ex-ultra-premium-collection\\\/#breadcrumb\"},\"inLanguage\":\"en-GB\",\"potentialAction\":[{\"@type\":\"ReadAction\",\"target\":[\"https:\\\/\\\/swagykarp.fi\\\/product\\\/greninja-ex-ultra-premium-collection\\\/\"]}]},{\"@type\":\"ImageObject\",\"inLanguage\":\"en-GB\",\"@id\":\"https:\\\/\\\/swagykarp.fi\\\/product\\\/greninja-ex-ultra-premium-collection\\\/#primaryimage\",\"url\":\"https:\\\/\\\/swagykarp.fi\\\/wp-content\\\/uploads\\\/2025\\\/10\\\/premium-collection-greninja-ex-scaled-1.webp\",\"contentUrl\":\"https:\\\/\\\/swagykarp.fi\\\/wp-content\\\/uploads\\\/2025\\\/10\\\/premium-collection-greninja-ex-scaled-1.webp\",\"width\":1920,\"height\":1920},{\"@type\":\"BreadcrumbList\",\"@id\":\"https:\\\/\\\/swagykarp.fi\\\/product\\\/greninja-ex-ultra-premium-collection\\\/#breadcrumb\",\"itemListElement\":[{\"@type\":\"ListItem\",\"position\":1,\"name\":\"Home\",\"item\":\"https:\\\/\\\/swagykarp.fi\\\/\"},{\"@type\":\"ListItem\",\"position\":2,\"name\":\"Kauppa\",\"item\":\"https:\\\/\\\/swagykarp.fi\\\/kauppa\\\/\"},{\"@type\":\"ListItem\",\"position\":3,\"name\":\"Greninja ex Ultra Premium Collection\"}]},{\"@type\":\"WebSite\",\"@id\":\"https:\\\/\\\/swagykarp.fi\\\/en\\\/#website\",\"url\":\"https:\\\/\\\/swagykarp.fi\\\/en\\\/\",\"name\":\"Swagykarp\",\"description\":\"Pokemon TCG Store\",\"publisher\":{\"@id\":\"https:\\\/\\\/swagykarp.fi\\\/en\\\/#organization\"},\"potentialAction\":[{\"@type\":\"SearchAction\",\"target\":{\"@type\":\"EntryPoint\",\"urlTemplate\":\"https:\\\/\\\/swagykarp.fi\\\/en\\\/?s={search_term_string}\"},\"query-input\":{\"@type\":\"PropertyValueSpecification\",\"valueRequired\":true,\"valueName\":\"search_term_string\"}}],\"inLanguage\":\"en-GB\"},{\"@type\":\"Organization\",\"@id\":\"https:\\\/\\\/swagykarp.fi\\\/en\\\/#organization\",\"name\":\"Swagykarp\",\"url\":\"https:\\\/\\\/swagykarp.fi\\\/en\\\/\",\"logo\":{\"@type\":\"ImageObject\",\"inLanguage\":\"en-GB\",\"@id\":\"https:\\\/\\\/swagykarp.fi\\\/en\\\/#\\\/schema\\\/logo\\\/image\\\/\",\"url\":\"https:\\\/\\\/swagykarp.fi\\\/wp-content\\\/uploads\\\/2025\\\/08\\\/logo-text.webp\",\"contentUrl\":\"https:\\\/\\\/swagykarp.fi\\\/wp-content\\\/uploads\\\/2025\\\/08\\\/logo-text.webp\",\"width\":1920,\"height\":1920,\"caption\":\"Swagykarp\"},\"image\":{\"@id\":\"https:\\\/\\\/swagykarp.fi\\\/en\\\/#\\\/schema\\\/logo\\\/image\\\/\"},\"sameAs\":[\"https:\\\/\\\/www.facebook.com\\\/swagykarp\",\"https:\\\/\\\/x.com\\\/Swagykarp\",\"https:\\\/\\\/www.instagram.com\\\/swagykarp\"]}]}<\/script>\n<!-- \/ Yoast SEO Premium plugin. -->","yoast_head_json":{"title":"Greninja ex Ultra Premium Collection - Swagykarp","robots":{"index":"index","follow":"follow","max-snippet":"max-snippet:-1","max-image-preview":"max-image-preview:large","max-video-preview":"max-video-preview:-1"},"canonical":"https:\/\/swagykarp.fi\/en\/product\/greninja-ex-ultra-premium-collection\/","og_locale":"en_GB","og_type":"article","og_title":"Greninja ex Ultra Premium Collection","og_description":"Greninja ex Ultra Premium Collection Greninja ex Fights Its Way to the Top Hopping back into the Pok\u00e9mon TCG action &#8211; it&#8217;s the Ninja Pok\u00e9mon Greninja! This wondrous Pok\u00e9mon, usually [&hellip;]","og_url":"https:\/\/swagykarp.fi\/en\/product\/greninja-ex-ultra-premium-collection\/","og_site_name":"Swagykarp","article_publisher":"https:\/\/www.facebook.com\/swagykarp","article_modified_time":"2025-10-30T18:21:20+00:00","og_image":[{"width":1920,"height":1920,"url":"https:\/\/swagykarp.fi\/wp-content\/uploads\/2025\/10\/premium-collection-greninja-ex-scaled-1.webp","type":"image\/webp"}],"twitter_card":"summary_large_image","twitter_site":"@Swagykarp","twitter_misc":{"Estimated reading time":"1 minute"},"schema":{"@context":"https:\/\/schema.org","@graph":[{"@type":"WebPage","@id":"https:\/\/swagykarp.fi\/product\/greninja-ex-ultra-premium-collection\/","url":"https:\/\/swagykarp.fi\/product\/greninja-ex-ultra-premium-collection\/","name":"Greninja ex Ultra Premium Collection - Swagykarp","isPartOf":{"@id":"https:\/\/swagykarp.fi\/en\/#website"},"primaryImageOfPage":{"@id":"https:\/\/swagykarp.fi\/product\/greninja-ex-ultra-premium-collection\/#primaryimage"},"image":{"@id":"https:\/\/swagykarp.fi\/product\/greninja-ex-ultra-premium-collection\/#primaryimage"},"thumbnailUrl":"https:\/\/swagykarp.fi\/wp-content\/uploads\/2025\/10\/premium-collection-greninja-ex-scaled-1.webp","datePublished":"2025-10-19T08:01:11+00:00","dateModified":"2025-10-30T18:21:20+00:00","breadcrumb":{"@id":"https:\/\/swagykarp.fi\/product\/greninja-ex-ultra-premium-collection\/#breadcrumb"},"inLanguage":"en-GB","potentialAction":[{"@type":"ReadAction","target":["https:\/\/swagykarp.fi\/product\/greninja-ex-ultra-premium-collection\/"]}]},{"@type":"ImageObject","inLanguage":"en-GB","@id":"https:\/\/swagykarp.fi\/product\/greninja-ex-ultra-premium-collection\/#primaryimage","url":"https:\/\/swagykarp.fi\/wp-content\/uploads\/2025\/10\/premium-collection-greninja-ex-scaled-1.webp","contentUrl":"https:\/\/swagykarp.fi\/wp-content\/uploads\/2025\/10\/premium-collection-greninja-ex-scaled-1.webp","width":1920,"height":1920},{"@type":"BreadcrumbList","@id":"https:\/\/swagykarp.fi\/product\/greninja-ex-ultra-premium-collection\/#breadcrumb","itemListElement":[{"@type":"ListItem","position":1,"name":"Home","item":"https:\/\/swagykarp.fi\/"},{"@type":"ListItem","position":2,"name":"Kauppa","item":"https:\/\/swagykarp.fi\/kauppa\/"},{"@type":"ListItem","position":3,"name":"Greninja ex Ultra Premium Collection"}]},{"@type":"WebSite","@id":"https:\/\/swagykarp.fi\/en\/#website","url":"https:\/\/swagykarp.fi\/en\/","name":"Swagykarp","description":"Pokemon TCG Store","publisher":{"@id":"https:\/\/swagykarp.fi\/en\/#organization"},"potentialAction":[{"@type":"SearchAction","target":{"@type":"EntryPoint","urlTemplate":"https:\/\/swagykarp.fi\/en\/?s={search_term_string}"},"query-input":{"@type":"PropertyValueSpecification","valueRequired":true,"valueName":"search_term_string"}}],"inLanguage":"en-GB"},{"@type":"Organization","@id":"https:\/\/swagykarp.fi\/en\/#organization","name":"Swagykarp","url":"https:\/\/swagykarp.fi\/en\/","logo":{"@type":"ImageObject","inLanguage":"en-GB","@id":"https:\/\/swagykarp.fi\/en\/#\/schema\/logo\/image\/","url":"https:\/\/swagykarp.fi\/wp-content\/uploads\/2025\/08\/logo-text.webp","contentUrl":"https:\/\/swagykarp.fi\/wp-content\/uploads\/2025\/08\/logo-text.webp","width":1920,"height":1920,"caption":"Swagykarp"},"image":{"@id":"https:\/\/swagykarp.fi\/en\/#\/schema\/logo\/image\/"},"sameAs":["https:\/\/www.facebook.com\/swagykarp","https:\/\/x.com\/Swagykarp","https:\/\/www.instagram.com\/swagykarp"]}]}},"_links":{"self":[{"href":"https:\/\/swagykarp.fi\/en\/wp-json\/wp\/v2\/product\/4343","targetHints":{"allow":["GET"]}}],"collection":[{"href":"https:\/\/swagykarp.fi\/en\/wp-json\/wp\/v2\/product"}],"about":[{"href":"https:\/\/swagykarp.fi\/en\/wp-json\/wp\/v2\/types\/product"}],"wp:featuredmedia":[{"embeddable":true,"href":"https:\/\/swagykarp.fi\/en\/wp-json\/wp\/v2\/media\/4344"}],"wp:attachment":[{"href":"https:\/\/swagykarp.fi\/en\/wp-json\/wp\/v2\/media?parent=4343"}],"wp:term":[{"taxonomy":"product_brand","embeddable":true,"href":"https:\/\/swagykarp.fi\/en\/wp-json\/wp\/v2\/product_brand?post=4343"},{"taxonomy":"product_cat","embeddable":true,"href":"https:\/\/swagykarp.fi\/en\/wp-json\/wp\/v2\/product_cat?post=4343"},{"taxonomy":"product_tag","embeddable":true,"href":"https:\/\/swagykarp.fi\/en\/wp-json\/wp\/v2\/product_tag?post=4343"}],"curies":[{"name":"wp","href":"https:\/\/api.w.org\/{rel}","templated":true}]}}