{"id":3924,"date":"2025-10-19T10:59:52","date_gmt":"2025-10-19T07:59:52","guid":{"rendered":"https:\/\/swagykarp.fi\/?post_type=product&#038;p=3924"},"modified":"2026-03-30T19:54:48","modified_gmt":"2026-03-30T16:54:48","slug":"elite-trainer-box-stellar-crown","status":"publish","type":"product","link":"https:\/\/swagykarp.fi\/en\/product\/elite-trainer-box-stellar-crown\/","title":{"rendered":"Elite Trainer Box \u2013 Stellar Crown"},"content":{"rendered":"<p><strong>Release date is September 13th<\/strong><\/p>\n<p>The Pok\u00e9mon TCG: Scarlet &amp; Violet\u2014Stellar Crown Elite Trainer Box includes:<\/p>\n<p>9 Pok\u00e9mon TCG: Scarlet &amp; Violet\u2014Stellar Crown booster packs<br \/>\n1 full-art foil promo card featuring Noctowl<br \/>\n65 card sleeves featuring Stellar Form Terapagos<br \/>\n45 Pok\u00e9mon TCG Energy cards<br \/>\nA player\u2019s guide to the Scarlet &amp; Violet\u2014Stellar Crown expansion<br \/>\n6 damage-counter dice \u2022 1 competition-legal coin-flip die<br \/>\n2 plastic condition markers<br \/>\nA collector\u2019s box to hold everything, with 4 dividers to keep it organized<br \/>\nA code card for Pok\u00e9mon Trading Card Game Live<\/p>\n<p><strong>An Adventure to Awaken the Power Within<\/strong><\/p>\n<p>Descend into a world below the surface and discover the true potential of the Terastal phenomenon! The Legendary Pok\u00e9mon Terapagos takes the throne, joined by Cinderace ex, Lapras ex, and Galvantula ex, all wielding brilliant new powers as Stellar Tera Pok\u00e9mon ex. The newly discovered Hydrapple ex leads even more Pok\u00e9mon ex into battle, and ACE SPEC cards continue to shake up the game in the Pok\u00e9mon TCG: Scarlet &amp; Violet\u2014 Stellar Crown expansion!<\/p>\n<p>Over 170 cards<br \/>\nMore than a dozen new Pok\u00e9mon ex<br \/>\nMore new ACE SPEC cards<br \/>\nMore than 20 Trainer cards<br \/>\nMore than 30 Pok\u00e9mon and Trainer cards with special illustrations<\/p>\n<p>More Details:<\/p>\n<p>&#8211; Item Dimensions: 8,6 x 16,5 x 16,5 cm<br \/>\n&#8211; Materials: Paper \/ acrylic \/ polyresin \/ polypropylene<br \/>\n&#8211; Recommended Age: 6+ Years<br \/>\n&#8211; Item Weight: 450g<\/p>\n<p>You can find more products from this expansion <a href=\"https:\/\/swagykarp.fi\/en\/product-category\/stellar-crown\/\">here<\/a>.<\/p>\n<p>&nbsp;<\/p>","protected":false},"excerpt":{"rendered":"<p>Release date is September 13th The Pok\u00e9mon TCG: Scarlet &amp; Violet\u2014Stellar Crown Elite Trainer Box includes: 9 Pok\u00e9mon TCG: Scarlet [&hellip;]<\/p>\n","protected":false},"featured_media":3925,"template":"","meta":{"site-sidebar-layout":"default","site-content-layout":"","ast-site-content-layout":"default","site-content-style":"default","site-sidebar-style":"default","ast-global-header-display":"","ast-banner-title-visibility":"","ast-main-header-display":"","ast-hfb-above-header-display":"","ast-hfb-below-header-display":"","ast-hfb-mobile-header-display":"","site-post-title":"","ast-breadcrumbs-content":"","ast-featured-img":"","footer-sml-layout":"","ast-disable-related-posts":"","theme-transparent-header-meta":"","adv-header-id-meta":"","stick-header-meta":"","header-above-stick-meta":"","header-main-stick-meta":"","header-below-stick-meta":"","astra-migrate-meta-layouts":"default","ast-page-background-enabled":"default","ast-page-background-meta":{"desktop":{"background-color":"var(--ast-global-color-5)","background-image":"","background-repeat":"repeat","background-position":"center center","background-size":"auto","background-attachment":"scroll","background-type":"","background-media":"","overlay-type":"","overlay-color":"","overlay-opacity":"","overlay-gradient":""},"tablet":{"background-color":"","background-image":"","background-repeat":"repeat","background-position":"center center","background-size":"auto","background-attachment":"scroll","background-type":"","background-media":"","overlay-type":"","overlay-color":"","overlay-opacity":"","overlay-gradient":""},"mobile":{"background-color":"","background-image":"","background-repeat":"repeat","background-position":"center center","background-size":"auto","background-attachment":"scroll","background-type":"","background-media":"","overlay-type":"","overlay-color":"","overlay-opacity":"","overlay-gradient":""}},"ast-content-background-meta":{"desktop":{"background-color":"var(--ast-global-color-4)","background-image":"","background-repeat":"repeat","background-position":"center center","background-size":"auto","background-attachment":"scroll","background-type":"","background-media":"","overlay-type":"","overlay-color":"","overlay-opacity":"","overlay-gradient":""},"tablet":{"background-color":"var(--ast-global-color-4)","background-image":"","background-repeat":"repeat","background-position":"center center","background-size":"auto","background-attachment":"scroll","background-type":"","background-media":"","overlay-type":"","overlay-color":"","overlay-opacity":"","overlay-gradient":""},"mobile":{"background-color":"var(--ast-global-color-4)","background-image":"","background-repeat":"repeat","background-position":"center center","background-size":"auto","background-attachment":"scroll","background-type":"","background-media":"","overlay-type":"","overlay-color":"","overlay-opacity":"","overlay-gradient":""}}},"product_brand":[],"product_cat":[47],"product_tag":[],"class_list":{"0":"post-3924","1":"product","2":"type-product","3":"status-publish","4":"has-post-thumbnail","6":"product_cat-elite-trainer-boxes","7":"desktop-align-center","8":"tablet-align-left","9":"mobile-align-left","10":"ast-product-gallery-layout-horizontal-slider","11":"ast-product-tabs-layout-horizontal","13":"first","14":"outofstock","15":"taxable","16":"shipping-taxable","17":"purchasable","18":"product-type-simple"},"yoast_head":"<!-- This site is optimized with the Yoast SEO Premium plugin v26.2 (Yoast SEO v27.4) - https:\/\/yoast.com\/product\/yoast-seo-premium-wordpress\/ -->\n<title>Elite Trainer Box \u2013 Stellar Crown - Swagykarp<\/title>\n<meta name=\"robots\" content=\"index, follow, max-snippet:-1, max-image-preview:large, max-video-preview:-1\" \/>\n<link rel=\"canonical\" href=\"https:\/\/swagykarp.fi\/en\/product\/elite-trainer-box-stellar-crown\/\" \/>\n<meta property=\"og:locale\" content=\"en_GB\" \/>\n<meta property=\"og:type\" content=\"article\" \/>\n<meta property=\"og:title\" content=\"Elite Trainer Box \u2013 Stellar Crown\" \/>\n<meta property=\"og:description\" content=\"Release date is September 13th The Pok\u00e9mon TCG: Scarlet &amp; Violet\u2014Stellar Crown Elite Trainer Box includes: 9 Pok\u00e9mon TCG: Scarlet [&hellip;]\" \/>\n<meta property=\"og:url\" content=\"https:\/\/swagykarp.fi\/en\/product\/elite-trainer-box-stellar-crown\/\" \/>\n<meta property=\"og:site_name\" content=\"Swagykarp\" \/>\n<meta property=\"article:publisher\" content=\"https:\/\/www.facebook.com\/swagykarp\" \/>\n<meta property=\"article:modified_time\" content=\"2026-03-30T16:54:48+00:00\" \/>\n<meta property=\"og:image\" content=\"https:\/\/swagykarp.fi\/wp-content\/uploads\/2025\/10\/elite-trainer-box-stellar-crown-scaled-1.webp\" \/>\n\t<meta property=\"og:image:width\" content=\"1920\" \/>\n\t<meta property=\"og:image:height\" content=\"1920\" \/>\n\t<meta property=\"og:image:type\" content=\"image\/webp\" \/>\n<meta name=\"twitter:card\" content=\"summary_large_image\" \/>\n<meta name=\"twitter:site\" content=\"@Swagykarp\" \/>\n<meta name=\"twitter:label1\" content=\"Estimated reading time\" \/>\n\t<meta name=\"twitter:data1\" content=\"2 minutes\" \/>\n<script type=\"application\/ld+json\" class=\"yoast-schema-graph\">{\"@context\":\"https:\\\/\\\/schema.org\",\"@graph\":[{\"@type\":\"WebPage\",\"@id\":\"https:\\\/\\\/swagykarp.fi\\\/product\\\/elite-trainer-box-stellar-crown\\\/\",\"url\":\"https:\\\/\\\/swagykarp.fi\\\/product\\\/elite-trainer-box-stellar-crown\\\/\",\"name\":\"Elite Trainer Box \u2013 Stellar Crown - Swagykarp\",\"isPartOf\":{\"@id\":\"https:\\\/\\\/swagykarp.fi\\\/#website\"},\"primaryImageOfPage\":{\"@id\":\"https:\\\/\\\/swagykarp.fi\\\/product\\\/elite-trainer-box-stellar-crown\\\/#primaryimage\"},\"image\":{\"@id\":\"https:\\\/\\\/swagykarp.fi\\\/product\\\/elite-trainer-box-stellar-crown\\\/#primaryimage\"},\"thumbnailUrl\":\"https:\\\/\\\/swagykarp.fi\\\/wp-content\\\/uploads\\\/2025\\\/10\\\/elite-trainer-box-stellar-crown-scaled-1.webp\",\"datePublished\":\"2025-10-19T07:59:52+00:00\",\"dateModified\":\"2026-03-30T16:54:48+00:00\",\"breadcrumb\":{\"@id\":\"https:\\\/\\\/swagykarp.fi\\\/product\\\/elite-trainer-box-stellar-crown\\\/#breadcrumb\"},\"inLanguage\":\"en-GB\",\"potentialAction\":[{\"@type\":\"ReadAction\",\"target\":[\"https:\\\/\\\/swagykarp.fi\\\/product\\\/elite-trainer-box-stellar-crown\\\/\"]}]},{\"@type\":\"ImageObject\",\"inLanguage\":\"en-GB\",\"@id\":\"https:\\\/\\\/swagykarp.fi\\\/product\\\/elite-trainer-box-stellar-crown\\\/#primaryimage\",\"url\":\"https:\\\/\\\/swagykarp.fi\\\/wp-content\\\/uploads\\\/2025\\\/10\\\/elite-trainer-box-stellar-crown-scaled-1.webp\",\"contentUrl\":\"https:\\\/\\\/swagykarp.fi\\\/wp-content\\\/uploads\\\/2025\\\/10\\\/elite-trainer-box-stellar-crown-scaled-1.webp\",\"width\":1920,\"height\":1920},{\"@type\":\"BreadcrumbList\",\"@id\":\"https:\\\/\\\/swagykarp.fi\\\/product\\\/elite-trainer-box-stellar-crown\\\/#breadcrumb\",\"itemListElement\":[{\"@type\":\"ListItem\",\"position\":1,\"name\":\"Home\",\"item\":\"https:\\\/\\\/swagykarp.fi\\\/\"},{\"@type\":\"ListItem\",\"position\":2,\"name\":\"Kauppa\",\"item\":\"https:\\\/\\\/swagykarp.fi\\\/kauppa\\\/\"},{\"@type\":\"ListItem\",\"position\":3,\"name\":\"Elite Trainer Box \u2013 Stellar Crown\"}]},{\"@type\":\"WebSite\",\"@id\":\"https:\\\/\\\/swagykarp.fi\\\/#website\",\"url\":\"https:\\\/\\\/swagykarp.fi\\\/\",\"name\":\"Swagykarp\",\"description\":\"Pokemon TCG Store\",\"publisher\":{\"@id\":\"https:\\\/\\\/swagykarp.fi\\\/#organization\"},\"potentialAction\":[{\"@type\":\"SearchAction\",\"target\":{\"@type\":\"EntryPoint\",\"urlTemplate\":\"https:\\\/\\\/swagykarp.fi\\\/?s={search_term_string}\"},\"query-input\":{\"@type\":\"PropertyValueSpecification\",\"valueRequired\":true,\"valueName\":\"search_term_string\"}}],\"inLanguage\":\"en-GB\"},{\"@type\":\"Organization\",\"@id\":\"https:\\\/\\\/swagykarp.fi\\\/#organization\",\"name\":\"Swagykarp\",\"url\":\"https:\\\/\\\/swagykarp.fi\\\/\",\"logo\":{\"@type\":\"ImageObject\",\"inLanguage\":\"en-GB\",\"@id\":\"https:\\\/\\\/swagykarp.fi\\\/#\\\/schema\\\/logo\\\/image\\\/\",\"url\":\"https:\\\/\\\/swagykarp.fi\\\/wp-content\\\/uploads\\\/2025\\\/08\\\/logo-text.webp\",\"contentUrl\":\"https:\\\/\\\/swagykarp.fi\\\/wp-content\\\/uploads\\\/2025\\\/08\\\/logo-text.webp\",\"width\":1920,\"height\":1920,\"caption\":\"Swagykarp\"},\"image\":{\"@id\":\"https:\\\/\\\/swagykarp.fi\\\/#\\\/schema\\\/logo\\\/image\\\/\"},\"sameAs\":[\"https:\\\/\\\/www.facebook.com\\\/swagykarp\",\"https:\\\/\\\/x.com\\\/Swagykarp\",\"https:\\\/\\\/www.instagram.com\\\/swagykarp\"]}]}<\/script>\n<!-- \/ Yoast SEO Premium plugin. -->","yoast_head_json":{"title":"Elite Trainer Box \u2013 Stellar Crown - Swagykarp","robots":{"index":"index","follow":"follow","max-snippet":"max-snippet:-1","max-image-preview":"max-image-preview:large","max-video-preview":"max-video-preview:-1"},"canonical":"https:\/\/swagykarp.fi\/en\/product\/elite-trainer-box-stellar-crown\/","og_locale":"en_GB","og_type":"article","og_title":"Elite Trainer Box \u2013 Stellar Crown","og_description":"Release date is September 13th The Pok\u00e9mon TCG: Scarlet &amp; Violet\u2014Stellar Crown Elite Trainer Box includes: 9 Pok\u00e9mon TCG: Scarlet [&hellip;]","og_url":"https:\/\/swagykarp.fi\/en\/product\/elite-trainer-box-stellar-crown\/","og_site_name":"Swagykarp","article_publisher":"https:\/\/www.facebook.com\/swagykarp","article_modified_time":"2026-03-30T16:54:48+00:00","og_image":[{"width":1920,"height":1920,"url":"https:\/\/swagykarp.fi\/wp-content\/uploads\/2025\/10\/elite-trainer-box-stellar-crown-scaled-1.webp","type":"image\/webp"}],"twitter_card":"summary_large_image","twitter_site":"@Swagykarp","twitter_misc":{"Estimated reading time":"2 minutes"},"schema":{"@context":"https:\/\/schema.org","@graph":[{"@type":"WebPage","@id":"https:\/\/swagykarp.fi\/product\/elite-trainer-box-stellar-crown\/","url":"https:\/\/swagykarp.fi\/product\/elite-trainer-box-stellar-crown\/","name":"Elite Trainer Box \u2013 Stellar Crown - Swagykarp","isPartOf":{"@id":"https:\/\/swagykarp.fi\/#website"},"primaryImageOfPage":{"@id":"https:\/\/swagykarp.fi\/product\/elite-trainer-box-stellar-crown\/#primaryimage"},"image":{"@id":"https:\/\/swagykarp.fi\/product\/elite-trainer-box-stellar-crown\/#primaryimage"},"thumbnailUrl":"https:\/\/swagykarp.fi\/wp-content\/uploads\/2025\/10\/elite-trainer-box-stellar-crown-scaled-1.webp","datePublished":"2025-10-19T07:59:52+00:00","dateModified":"2026-03-30T16:54:48+00:00","breadcrumb":{"@id":"https:\/\/swagykarp.fi\/product\/elite-trainer-box-stellar-crown\/#breadcrumb"},"inLanguage":"en-GB","potentialAction":[{"@type":"ReadAction","target":["https:\/\/swagykarp.fi\/product\/elite-trainer-box-stellar-crown\/"]}]},{"@type":"ImageObject","inLanguage":"en-GB","@id":"https:\/\/swagykarp.fi\/product\/elite-trainer-box-stellar-crown\/#primaryimage","url":"https:\/\/swagykarp.fi\/wp-content\/uploads\/2025\/10\/elite-trainer-box-stellar-crown-scaled-1.webp","contentUrl":"https:\/\/swagykarp.fi\/wp-content\/uploads\/2025\/10\/elite-trainer-box-stellar-crown-scaled-1.webp","width":1920,"height":1920},{"@type":"BreadcrumbList","@id":"https:\/\/swagykarp.fi\/product\/elite-trainer-box-stellar-crown\/#breadcrumb","itemListElement":[{"@type":"ListItem","position":1,"name":"Home","item":"https:\/\/swagykarp.fi\/"},{"@type":"ListItem","position":2,"name":"Kauppa","item":"https:\/\/swagykarp.fi\/kauppa\/"},{"@type":"ListItem","position":3,"name":"Elite Trainer Box \u2013 Stellar Crown"}]},{"@type":"WebSite","@id":"https:\/\/swagykarp.fi\/#website","url":"https:\/\/swagykarp.fi\/","name":"Swagykarp","description":"Pokemon TCG Store","publisher":{"@id":"https:\/\/swagykarp.fi\/#organization"},"potentialAction":[{"@type":"SearchAction","target":{"@type":"EntryPoint","urlTemplate":"https:\/\/swagykarp.fi\/?s={search_term_string}"},"query-input":{"@type":"PropertyValueSpecification","valueRequired":true,"valueName":"search_term_string"}}],"inLanguage":"en-GB"},{"@type":"Organization","@id":"https:\/\/swagykarp.fi\/#organization","name":"Swagykarp","url":"https:\/\/swagykarp.fi\/","logo":{"@type":"ImageObject","inLanguage":"en-GB","@id":"https:\/\/swagykarp.fi\/#\/schema\/logo\/image\/","url":"https:\/\/swagykarp.fi\/wp-content\/uploads\/2025\/08\/logo-text.webp","contentUrl":"https:\/\/swagykarp.fi\/wp-content\/uploads\/2025\/08\/logo-text.webp","width":1920,"height":1920,"caption":"Swagykarp"},"image":{"@id":"https:\/\/swagykarp.fi\/#\/schema\/logo\/image\/"},"sameAs":["https:\/\/www.facebook.com\/swagykarp","https:\/\/x.com\/Swagykarp","https:\/\/www.instagram.com\/swagykarp"]}]}},"_links":{"self":[{"href":"https:\/\/swagykarp.fi\/en\/wp-json\/wp\/v2\/product\/3924","targetHints":{"allow":["GET"]}}],"collection":[{"href":"https:\/\/swagykarp.fi\/en\/wp-json\/wp\/v2\/product"}],"about":[{"href":"https:\/\/swagykarp.fi\/en\/wp-json\/wp\/v2\/types\/product"}],"wp:featuredmedia":[{"embeddable":true,"href":"https:\/\/swagykarp.fi\/en\/wp-json\/wp\/v2\/media\/3925"}],"wp:attachment":[{"href":"https:\/\/swagykarp.fi\/en\/wp-json\/wp\/v2\/media?parent=3924"}],"wp:term":[{"taxonomy":"product_brand","embeddable":true,"href":"https:\/\/swagykarp.fi\/en\/wp-json\/wp\/v2\/product_brand?post=3924"},{"taxonomy":"product_cat","embeddable":true,"href":"https:\/\/swagykarp.fi\/en\/wp-json\/wp\/v2\/product_cat?post=3924"},{"taxonomy":"product_tag","embeddable":true,"href":"https:\/\/swagykarp.fi\/en\/wp-json\/wp\/v2\/product_tag?post=3924"}],"curies":[{"name":"wp","href":"https:\/\/api.w.org\/{rel}","templated":true}]}}