{"id":2825,"date":"2025-10-19T10:57:01","date_gmt":"2025-10-19T07:57:01","guid":{"rendered":"https:\/\/swagykarp.fi\/?post_type=product&#038;p=2825"},"modified":"2025-12-01T08:15:18","modified_gmt":"2025-12-01T06:15:18","slug":"pokemon-ex-battle-deck-houndoom-ex","status":"publish","type":"product","link":"https:\/\/swagykarp.fi\/en\/product\/pokemon-ex-battle-deck-houndoom-ex\/","title":{"rendered":"Pok\u00e9mon ex Battle Deck Houndoom ex"},"content":{"rendered":"<p><b>Release day April 5th<br \/>\n<\/b><\/p>\n<p>Mighty Pok\u00e9mon ex Battle for Victory!<\/p>\n<p>Powerful Pok\u00e9mon ex are ready to charge onto the battlefield in the new Pok\u00e9mon TCG: ex Battle Deck featuring Houndoom ex! Each 60-card deck is led by an exceptional Pok\u00e9mon ex and includes everything you need to play right away. Let the battle begin!<\/p>\n<p>Each Pok\u00e9mon TCG: Houndoom ex Battle Deck includes:<\/p>\n<p>\u2022 1 ready-to-play 60-card deck<\/p>\n<p>\u2022 3 reference cards<\/p>\n<p>\u2022 1 rules booklet<\/p>\n<p>\u2022 1 single-player playmat<\/p>\n<p>\u2022 1 set of damage counters<\/p>\n<p>\u2022 1 large metallic coin<\/p>\n<p>\u2022 1 deck box<\/p>\n<p>\u2022 1 strategy sheet<\/p>\n<p>\u2022 1 code card to play this deck online<\/p>","protected":false},"excerpt":{"rendered":"<p>Release day April 5th Mighty Pok\u00e9mon ex Battle for Victory! Powerful Pok\u00e9mon ex are ready to charge onto the battlefield in the new Pok\u00e9mon TCG: ex Battle Deck featuring Houndoom [&hellip;]<\/p>\n","protected":false},"featured_media":2826,"template":"","meta":[],"product_brand":[],"product_cat":[299],"product_tag":[],"class_list":{"0":"post-2825","1":"product","2":"type-product","3":"status-publish","4":"has-post-thumbnail","6":"product_cat-battle-deckit","8":"first","9":"instock","10":"taxable","11":"shipping-taxable","12":"purchasable","13":"product-type-simple"},"yoast_head":"<!-- This site is optimized with the Yoast SEO Premium plugin v26.2 (Yoast SEO v27.2) - https:\/\/yoast.com\/product\/yoast-seo-premium-wordpress\/ -->\n<title>Pok\u00e9mon ex Battle Deck Houndoom ex - Swagykarp<\/title>\n<meta name=\"robots\" content=\"index, follow, max-snippet:-1, max-image-preview:large, max-video-preview:-1\" \/>\n<link rel=\"canonical\" href=\"https:\/\/swagykarp.fi\/en\/product\/pokemon-ex-battle-deck-houndoom-ex\/\" \/>\n<meta property=\"og:locale\" content=\"en_GB\" \/>\n<meta property=\"og:type\" content=\"article\" \/>\n<meta property=\"og:title\" content=\"Pok\u00e9mon ex Battle Deck Houndoom ex\" \/>\n<meta property=\"og:description\" content=\"Release day April 5th Mighty Pok\u00e9mon ex Battle for Victory! Powerful Pok\u00e9mon ex are ready to charge onto the battlefield in the new Pok\u00e9mon TCG: ex Battle Deck featuring Houndoom [&hellip;]\" \/>\n<meta property=\"og:url\" content=\"https:\/\/swagykarp.fi\/en\/product\/pokemon-ex-battle-deck-houndoom-ex\/\" \/>\n<meta property=\"og:site_name\" content=\"Swagykarp\" \/>\n<meta property=\"article:publisher\" content=\"https:\/\/www.facebook.com\/swagykarp\" \/>\n<meta property=\"article:modified_time\" content=\"2025-12-01T06:15:18+00:00\" \/>\n<meta property=\"og:image\" content=\"https:\/\/swagykarp.fi\/wp-content\/uploads\/2025\/10\/battle-deck-houndoom-scaled-1.webp\" \/>\n\t<meta property=\"og:image:width\" content=\"1920\" \/>\n\t<meta property=\"og:image:height\" content=\"1920\" \/>\n\t<meta property=\"og:image:type\" content=\"image\/webp\" \/>\n<meta name=\"twitter:card\" content=\"summary_large_image\" \/>\n<meta name=\"twitter:site\" content=\"@Swagykarp\" \/>\n<meta name=\"twitter:label1\" content=\"Estimated reading time\" \/>\n\t<meta name=\"twitter:data1\" content=\"1 minute\" \/>\n<script type=\"application\/ld+json\" class=\"yoast-schema-graph\">{\"@context\":\"https:\/\/schema.org\",\"@graph\":[{\"@type\":\"WebPage\",\"@id\":\"https:\/\/swagykarp.fi\/product\/pokemon-ex-battle-deck-houndoom-ex\/\",\"url\":\"https:\/\/swagykarp.fi\/product\/pokemon-ex-battle-deck-houndoom-ex\/\",\"name\":\"Pok\u00e9mon ex Battle Deck Houndoom ex - Swagykarp\",\"isPartOf\":{\"@id\":\"https:\/\/swagykarp.fi\/en\/#website\"},\"primaryImageOfPage\":{\"@id\":\"https:\/\/swagykarp.fi\/product\/pokemon-ex-battle-deck-houndoom-ex\/#primaryimage\"},\"image\":{\"@id\":\"https:\/\/swagykarp.fi\/product\/pokemon-ex-battle-deck-houndoom-ex\/#primaryimage\"},\"thumbnailUrl\":\"https:\/\/swagykarp.fi\/wp-content\/uploads\/2025\/10\/battle-deck-houndoom-scaled-1.webp\",\"datePublished\":\"2025-10-19T07:57:01+00:00\",\"dateModified\":\"2025-12-01T06:15:18+00:00\",\"breadcrumb\":{\"@id\":\"https:\/\/swagykarp.fi\/product\/pokemon-ex-battle-deck-houndoom-ex\/#breadcrumb\"},\"inLanguage\":\"en-GB\",\"potentialAction\":[{\"@type\":\"ReadAction\",\"target\":[\"https:\/\/swagykarp.fi\/product\/pokemon-ex-battle-deck-houndoom-ex\/\"]}]},{\"@type\":\"ImageObject\",\"inLanguage\":\"en-GB\",\"@id\":\"https:\/\/swagykarp.fi\/product\/pokemon-ex-battle-deck-houndoom-ex\/#primaryimage\",\"url\":\"https:\/\/swagykarp.fi\/wp-content\/uploads\/2025\/10\/battle-deck-houndoom-scaled-1.webp\",\"contentUrl\":\"https:\/\/swagykarp.fi\/wp-content\/uploads\/2025\/10\/battle-deck-houndoom-scaled-1.webp\",\"width\":1920,\"height\":1920},{\"@type\":\"BreadcrumbList\",\"@id\":\"https:\/\/swagykarp.fi\/product\/pokemon-ex-battle-deck-houndoom-ex\/#breadcrumb\",\"itemListElement\":[{\"@type\":\"ListItem\",\"position\":1,\"name\":\"Home\",\"item\":\"https:\/\/swagykarp.fi\/\"},{\"@type\":\"ListItem\",\"position\":2,\"name\":\"Kauppa\",\"item\":\"https:\/\/swagykarp.fi\/kauppa\/\"},{\"@type\":\"ListItem\",\"position\":3,\"name\":\"Pok\u00e9mon ex Battle Deck Houndoom ex\"}]},{\"@type\":\"WebSite\",\"@id\":\"https:\/\/swagykarp.fi\/en\/#website\",\"url\":\"https:\/\/swagykarp.fi\/en\/\",\"name\":\"Swagykarp\",\"description\":\"Pokemon TCG Store\",\"publisher\":{\"@id\":\"https:\/\/swagykarp.fi\/en\/#organization\"},\"potentialAction\":[{\"@type\":\"SearchAction\",\"target\":{\"@type\":\"EntryPoint\",\"urlTemplate\":\"https:\/\/swagykarp.fi\/en\/?s={search_term_string}\"},\"query-input\":{\"@type\":\"PropertyValueSpecification\",\"valueRequired\":true,\"valueName\":\"search_term_string\"}}],\"inLanguage\":\"en-GB\"},{\"@type\":\"Organization\",\"@id\":\"https:\/\/swagykarp.fi\/en\/#organization\",\"name\":\"Swagykarp\",\"url\":\"https:\/\/swagykarp.fi\/en\/\",\"logo\":{\"@type\":\"ImageObject\",\"inLanguage\":\"en-GB\",\"@id\":\"https:\/\/swagykarp.fi\/en\/#\/schema\/logo\/image\/\",\"url\":\"https:\/\/swagykarp.fi\/wp-content\/uploads\/2025\/08\/logo-text.webp\",\"contentUrl\":\"https:\/\/swagykarp.fi\/wp-content\/uploads\/2025\/08\/logo-text.webp\",\"width\":1920,\"height\":1920,\"caption\":\"Swagykarp\"},\"image\":{\"@id\":\"https:\/\/swagykarp.fi\/en\/#\/schema\/logo\/image\/\"},\"sameAs\":[\"https:\/\/www.facebook.com\/swagykarp\",\"https:\/\/x.com\/Swagykarp\",\"https:\/\/www.instagram.com\/swagykarp\"]}]}<\/script>\n<!-- \/ Yoast SEO Premium plugin. -->","yoast_head_json":{"title":"Pok\u00e9mon ex Battle Deck Houndoom ex - Swagykarp","robots":{"index":"index","follow":"follow","max-snippet":"max-snippet:-1","max-image-preview":"max-image-preview:large","max-video-preview":"max-video-preview:-1"},"canonical":"https:\/\/swagykarp.fi\/en\/product\/pokemon-ex-battle-deck-houndoom-ex\/","og_locale":"en_GB","og_type":"article","og_title":"Pok\u00e9mon ex Battle Deck Houndoom ex","og_description":"Release day April 5th Mighty Pok\u00e9mon ex Battle for Victory! Powerful Pok\u00e9mon ex are ready to charge onto the battlefield in the new Pok\u00e9mon TCG: ex Battle Deck featuring Houndoom [&hellip;]","og_url":"https:\/\/swagykarp.fi\/en\/product\/pokemon-ex-battle-deck-houndoom-ex\/","og_site_name":"Swagykarp","article_publisher":"https:\/\/www.facebook.com\/swagykarp","article_modified_time":"2025-12-01T06:15:18+00:00","og_image":[{"width":1920,"height":1920,"url":"https:\/\/swagykarp.fi\/wp-content\/uploads\/2025\/10\/battle-deck-houndoom-scaled-1.webp","type":"image\/webp"}],"twitter_card":"summary_large_image","twitter_site":"@Swagykarp","twitter_misc":{"Estimated reading time":"1 minute"},"schema":{"@context":"https:\/\/schema.org","@graph":[{"@type":"WebPage","@id":"https:\/\/swagykarp.fi\/product\/pokemon-ex-battle-deck-houndoom-ex\/","url":"https:\/\/swagykarp.fi\/product\/pokemon-ex-battle-deck-houndoom-ex\/","name":"Pok\u00e9mon ex Battle Deck Houndoom ex - Swagykarp","isPartOf":{"@id":"https:\/\/swagykarp.fi\/en\/#website"},"primaryImageOfPage":{"@id":"https:\/\/swagykarp.fi\/product\/pokemon-ex-battle-deck-houndoom-ex\/#primaryimage"},"image":{"@id":"https:\/\/swagykarp.fi\/product\/pokemon-ex-battle-deck-houndoom-ex\/#primaryimage"},"thumbnailUrl":"https:\/\/swagykarp.fi\/wp-content\/uploads\/2025\/10\/battle-deck-houndoom-scaled-1.webp","datePublished":"2025-10-19T07:57:01+00:00","dateModified":"2025-12-01T06:15:18+00:00","breadcrumb":{"@id":"https:\/\/swagykarp.fi\/product\/pokemon-ex-battle-deck-houndoom-ex\/#breadcrumb"},"inLanguage":"en-GB","potentialAction":[{"@type":"ReadAction","target":["https:\/\/swagykarp.fi\/product\/pokemon-ex-battle-deck-houndoom-ex\/"]}]},{"@type":"ImageObject","inLanguage":"en-GB","@id":"https:\/\/swagykarp.fi\/product\/pokemon-ex-battle-deck-houndoom-ex\/#primaryimage","url":"https:\/\/swagykarp.fi\/wp-content\/uploads\/2025\/10\/battle-deck-houndoom-scaled-1.webp","contentUrl":"https:\/\/swagykarp.fi\/wp-content\/uploads\/2025\/10\/battle-deck-houndoom-scaled-1.webp","width":1920,"height":1920},{"@type":"BreadcrumbList","@id":"https:\/\/swagykarp.fi\/product\/pokemon-ex-battle-deck-houndoom-ex\/#breadcrumb","itemListElement":[{"@type":"ListItem","position":1,"name":"Home","item":"https:\/\/swagykarp.fi\/"},{"@type":"ListItem","position":2,"name":"Kauppa","item":"https:\/\/swagykarp.fi\/kauppa\/"},{"@type":"ListItem","position":3,"name":"Pok\u00e9mon ex Battle Deck Houndoom ex"}]},{"@type":"WebSite","@id":"https:\/\/swagykarp.fi\/en\/#website","url":"https:\/\/swagykarp.fi\/en\/","name":"Swagykarp","description":"Pokemon TCG Store","publisher":{"@id":"https:\/\/swagykarp.fi\/en\/#organization"},"potentialAction":[{"@type":"SearchAction","target":{"@type":"EntryPoint","urlTemplate":"https:\/\/swagykarp.fi\/en\/?s={search_term_string}"},"query-input":{"@type":"PropertyValueSpecification","valueRequired":true,"valueName":"search_term_string"}}],"inLanguage":"en-GB"},{"@type":"Organization","@id":"https:\/\/swagykarp.fi\/en\/#organization","name":"Swagykarp","url":"https:\/\/swagykarp.fi\/en\/","logo":{"@type":"ImageObject","inLanguage":"en-GB","@id":"https:\/\/swagykarp.fi\/en\/#\/schema\/logo\/image\/","url":"https:\/\/swagykarp.fi\/wp-content\/uploads\/2025\/08\/logo-text.webp","contentUrl":"https:\/\/swagykarp.fi\/wp-content\/uploads\/2025\/08\/logo-text.webp","width":1920,"height":1920,"caption":"Swagykarp"},"image":{"@id":"https:\/\/swagykarp.fi\/en\/#\/schema\/logo\/image\/"},"sameAs":["https:\/\/www.facebook.com\/swagykarp","https:\/\/x.com\/Swagykarp","https:\/\/www.instagram.com\/swagykarp"]}]}},"_links":{"self":[{"href":"https:\/\/swagykarp.fi\/en\/wp-json\/wp\/v2\/product\/2825","targetHints":{"allow":["GET"]}}],"collection":[{"href":"https:\/\/swagykarp.fi\/en\/wp-json\/wp\/v2\/product"}],"about":[{"href":"https:\/\/swagykarp.fi\/en\/wp-json\/wp\/v2\/types\/product"}],"wp:featuredmedia":[{"embeddable":true,"href":"https:\/\/swagykarp.fi\/en\/wp-json\/wp\/v2\/media\/2826"}],"wp:attachment":[{"href":"https:\/\/swagykarp.fi\/en\/wp-json\/wp\/v2\/media?parent=2825"}],"wp:term":[{"taxonomy":"product_brand","embeddable":true,"href":"https:\/\/swagykarp.fi\/en\/wp-json\/wp\/v2\/product_brand?post=2825"},{"taxonomy":"product_cat","embeddable":true,"href":"https:\/\/swagykarp.fi\/en\/wp-json\/wp\/v2\/product_cat?post=2825"},{"taxonomy":"product_tag","embeddable":true,"href":"https:\/\/swagykarp.fi\/en\/wp-json\/wp\/v2\/product_tag?post=2825"}],"curies":[{"name":"wp","href":"https:\/\/api.w.org\/{rel}","templated":true}]}}