{"id":2771,"date":"2025-10-19T10:56:55","date_gmt":"2025-10-19T07:56:55","guid":{"rendered":"https:\/\/swagykarp.fi\/?post_type=product&#038;p=2771"},"modified":"2025-10-31T09:28:41","modified_gmt":"2025-10-31T07:28:41","slug":"pokemon-tcg-paldean-fates-tin-charizard-ex","status":"publish","type":"product","link":"https:\/\/swagykarp.fi\/en\/product\/pokemon-tcg-paldean-fates-tin-charizard-ex\/","title":{"rendered":"Pok\u00e9mon TCG: Paldean Fates Tin (Charizard ex)"},"content":{"rendered":"<p><b>Release Day February 9st<\/b><\/p>\n<p>Shiny Pok\u00e9mon ex in the Spotlight!<\/p>\n<p>Behold the breathtaking power of Shiny Pok\u00e9mon ex who transcend the boundaries of time and type! With this tin, choose the quaking force of Great Tusk ex as an Ancient Pok\u00e9mon, the iron-clad determination of Iron Treads ex as a Future Pok\u00e9mon, or the burning spirit of Charizard ex as a Darkness-type Tera Pok\u00e9mon. Then, discover even more awesome cards in Scarlet &amp; Violet\u2014Paldean Fates booster packs!<\/p>\n<p>The Pok\u00e9mon TCG: Scarlet &amp; Violet\u2014Paldean Fates Tin includes:<br \/>\n1 foil promo card featuring a Shiny Charizard ex<br \/>\n4 Pok\u00e9mon TCG: Scarlet &amp; Violet\u2014Paldean Fates booster packs<br \/>\nA code card for Pok\u00e9mon TCG Live<\/p>","protected":false},"excerpt":{"rendered":"<p>Release Day February 9st Shiny Pok\u00e9mon ex in the Spotlight! Behold the breathtaking power of Shiny Pok\u00e9mon ex who transcend the boundaries of time and type! With this tin, choose [&hellip;]<\/p>\n","protected":false},"featured_media":2772,"template":"","meta":[],"product_brand":[],"product_cat":[46],"product_tag":[],"class_list":{"0":"post-2771","1":"product","2":"type-product","3":"status-publish","4":"has-post-thumbnail","6":"product_cat-lahja-tinit","8":"first","9":"outofstock","10":"sold-individually","11":"taxable","12":"shipping-taxable","13":"purchasable","14":"product-type-simple"},"yoast_head":"<!-- This site is optimized with the Yoast SEO Premium plugin v26.2 (Yoast SEO v27.4) - https:\/\/yoast.com\/product\/yoast-seo-premium-wordpress\/ -->\n<title>Pok\u00e9mon TCG: Paldean Fates Tin (Charizard ex) - Swagykarp<\/title>\n<meta name=\"robots\" content=\"index, follow, max-snippet:-1, max-image-preview:large, max-video-preview:-1\" \/>\n<link rel=\"canonical\" href=\"https:\/\/swagykarp.fi\/en\/product\/pokemon-tcg-paldean-fates-tin-charizard-ex\/\" \/>\n<meta property=\"og:locale\" content=\"en_GB\" \/>\n<meta property=\"og:type\" content=\"article\" \/>\n<meta property=\"og:title\" content=\"Pok\u00e9mon TCG: Paldean Fates Tin (Charizard ex)\" \/>\n<meta property=\"og:description\" content=\"Release Day February 9st Shiny Pok\u00e9mon ex in the Spotlight! Behold the breathtaking power of Shiny Pok\u00e9mon ex who transcend the boundaries of time and type! With this tin, choose [&hellip;]\" \/>\n<meta property=\"og:url\" content=\"https:\/\/swagykarp.fi\/en\/product\/pokemon-tcg-paldean-fates-tin-charizard-ex\/\" \/>\n<meta property=\"og:site_name\" content=\"Swagykarp\" \/>\n<meta property=\"article:publisher\" content=\"https:\/\/www.facebook.com\/swagykarp\" \/>\n<meta property=\"article:modified_time\" content=\"2025-10-31T07:28:41+00:00\" \/>\n<meta property=\"og:image\" content=\"https:\/\/swagykarp.fi\/wp-content\/uploads\/2025\/10\/tin-paldean-fates-charizard-scaled-1.webp\" \/>\n\t<meta property=\"og:image:width\" content=\"1920\" \/>\n\t<meta property=\"og:image:height\" content=\"1920\" \/>\n\t<meta property=\"og:image:type\" content=\"image\/webp\" \/>\n<meta name=\"twitter:card\" content=\"summary_large_image\" \/>\n<meta name=\"twitter:site\" content=\"@Swagykarp\" \/>\n<meta name=\"twitter:label1\" content=\"Estimated reading time\" \/>\n\t<meta name=\"twitter:data1\" content=\"1 minute\" \/>\n<script type=\"application\/ld+json\" class=\"yoast-schema-graph\">{\"@context\":\"https:\\\/\\\/schema.org\",\"@graph\":[{\"@type\":\"WebPage\",\"@id\":\"https:\\\/\\\/swagykarp.fi\\\/en\\\/product\\\/pokemon-tcg-paldean-fates-tin-charizard-ex\\\/\",\"url\":\"https:\\\/\\\/swagykarp.fi\\\/en\\\/product\\\/pokemon-tcg-paldean-fates-tin-charizard-ex\\\/\",\"name\":\"Pok\u00e9mon TCG: Paldean Fates Tin (Charizard ex) - Swagykarp\",\"isPartOf\":{\"@id\":\"https:\\\/\\\/swagykarp.fi\\\/en\\\/#website\"},\"primaryImageOfPage\":{\"@id\":\"https:\\\/\\\/swagykarp.fi\\\/en\\\/product\\\/pokemon-tcg-paldean-fates-tin-charizard-ex\\\/#primaryimage\"},\"image\":{\"@id\":\"https:\\\/\\\/swagykarp.fi\\\/en\\\/product\\\/pokemon-tcg-paldean-fates-tin-charizard-ex\\\/#primaryimage\"},\"thumbnailUrl\":\"https:\\\/\\\/swagykarp.fi\\\/wp-content\\\/uploads\\\/2025\\\/10\\\/tin-paldean-fates-charizard-scaled-1.webp\",\"datePublished\":\"2025-10-19T07:56:55+00:00\",\"dateModified\":\"2025-10-31T07:28:41+00:00\",\"breadcrumb\":{\"@id\":\"https:\\\/\\\/swagykarp.fi\\\/en\\\/product\\\/pokemon-tcg-paldean-fates-tin-charizard-ex\\\/#breadcrumb\"},\"inLanguage\":\"en-GB\",\"potentialAction\":[{\"@type\":\"ReadAction\",\"target\":[\"https:\\\/\\\/swagykarp.fi\\\/en\\\/product\\\/pokemon-tcg-paldean-fates-tin-charizard-ex\\\/\"]}]},{\"@type\":\"ImageObject\",\"inLanguage\":\"en-GB\",\"@id\":\"https:\\\/\\\/swagykarp.fi\\\/en\\\/product\\\/pokemon-tcg-paldean-fates-tin-charizard-ex\\\/#primaryimage\",\"url\":\"https:\\\/\\\/swagykarp.fi\\\/wp-content\\\/uploads\\\/2025\\\/10\\\/tin-paldean-fates-charizard-scaled-1.webp\",\"contentUrl\":\"https:\\\/\\\/swagykarp.fi\\\/wp-content\\\/uploads\\\/2025\\\/10\\\/tin-paldean-fates-charizard-scaled-1.webp\",\"width\":1920,\"height\":1920},{\"@type\":\"BreadcrumbList\",\"@id\":\"https:\\\/\\\/swagykarp.fi\\\/en\\\/product\\\/pokemon-tcg-paldean-fates-tin-charizard-ex\\\/#breadcrumb\",\"itemListElement\":[{\"@type\":\"ListItem\",\"position\":1,\"name\":\"Home\",\"item\":\"https:\\\/\\\/swagykarp.fi\\\/\"},{\"@type\":\"ListItem\",\"position\":2,\"name\":\"Kauppa\",\"item\":\"https:\\\/\\\/swagykarp.fi\\\/kauppa\\\/\"},{\"@type\":\"ListItem\",\"position\":3,\"name\":\"Pok\u00e9mon TCG: Paldean Fates Tin (Charizard ex)\"}]},{\"@type\":\"WebSite\",\"@id\":\"https:\\\/\\\/swagykarp.fi\\\/en\\\/#website\",\"url\":\"https:\\\/\\\/swagykarp.fi\\\/en\\\/\",\"name\":\"Swagykarp\",\"description\":\"Pokemon TCG Store\",\"publisher\":{\"@id\":\"https:\\\/\\\/swagykarp.fi\\\/en\\\/#organization\"},\"potentialAction\":[{\"@type\":\"SearchAction\",\"target\":{\"@type\":\"EntryPoint\",\"urlTemplate\":\"https:\\\/\\\/swagykarp.fi\\\/en\\\/?s={search_term_string}\"},\"query-input\":{\"@type\":\"PropertyValueSpecification\",\"valueRequired\":true,\"valueName\":\"search_term_string\"}}],\"inLanguage\":\"en-GB\"},{\"@type\":\"Organization\",\"@id\":\"https:\\\/\\\/swagykarp.fi\\\/en\\\/#organization\",\"name\":\"Swagykarp\",\"url\":\"https:\\\/\\\/swagykarp.fi\\\/en\\\/\",\"logo\":{\"@type\":\"ImageObject\",\"inLanguage\":\"en-GB\",\"@id\":\"https:\\\/\\\/swagykarp.fi\\\/en\\\/#\\\/schema\\\/logo\\\/image\\\/\",\"url\":\"https:\\\/\\\/swagykarp.fi\\\/wp-content\\\/uploads\\\/2025\\\/08\\\/logo-text.webp\",\"contentUrl\":\"https:\\\/\\\/swagykarp.fi\\\/wp-content\\\/uploads\\\/2025\\\/08\\\/logo-text.webp\",\"width\":1920,\"height\":1920,\"caption\":\"Swagykarp\"},\"image\":{\"@id\":\"https:\\\/\\\/swagykarp.fi\\\/en\\\/#\\\/schema\\\/logo\\\/image\\\/\"},\"sameAs\":[\"https:\\\/\\\/www.facebook.com\\\/swagykarp\",\"https:\\\/\\\/x.com\\\/Swagykarp\",\"https:\\\/\\\/www.instagram.com\\\/swagykarp\"]}]}<\/script>\n<!-- \/ Yoast SEO Premium plugin. -->","yoast_head_json":{"title":"Pok\u00e9mon TCG: Paldean Fates Tin (Charizard ex) - Swagykarp","robots":{"index":"index","follow":"follow","max-snippet":"max-snippet:-1","max-image-preview":"max-image-preview:large","max-video-preview":"max-video-preview:-1"},"canonical":"https:\/\/swagykarp.fi\/en\/product\/pokemon-tcg-paldean-fates-tin-charizard-ex\/","og_locale":"en_GB","og_type":"article","og_title":"Pok\u00e9mon TCG: Paldean Fates Tin (Charizard ex)","og_description":"Release Day February 9st Shiny Pok\u00e9mon ex in the Spotlight! Behold the breathtaking power of Shiny Pok\u00e9mon ex who transcend the boundaries of time and type! With this tin, choose [&hellip;]","og_url":"https:\/\/swagykarp.fi\/en\/product\/pokemon-tcg-paldean-fates-tin-charizard-ex\/","og_site_name":"Swagykarp","article_publisher":"https:\/\/www.facebook.com\/swagykarp","article_modified_time":"2025-10-31T07:28:41+00:00","og_image":[{"width":1920,"height":1920,"url":"https:\/\/swagykarp.fi\/wp-content\/uploads\/2025\/10\/tin-paldean-fates-charizard-scaled-1.webp","type":"image\/webp"}],"twitter_card":"summary_large_image","twitter_site":"@Swagykarp","twitter_misc":{"Estimated reading time":"1 minute"},"schema":{"@context":"https:\/\/schema.org","@graph":[{"@type":"WebPage","@id":"https:\/\/swagykarp.fi\/en\/product\/pokemon-tcg-paldean-fates-tin-charizard-ex\/","url":"https:\/\/swagykarp.fi\/en\/product\/pokemon-tcg-paldean-fates-tin-charizard-ex\/","name":"Pok\u00e9mon TCG: Paldean Fates Tin (Charizard ex) - Swagykarp","isPartOf":{"@id":"https:\/\/swagykarp.fi\/en\/#website"},"primaryImageOfPage":{"@id":"https:\/\/swagykarp.fi\/en\/product\/pokemon-tcg-paldean-fates-tin-charizard-ex\/#primaryimage"},"image":{"@id":"https:\/\/swagykarp.fi\/en\/product\/pokemon-tcg-paldean-fates-tin-charizard-ex\/#primaryimage"},"thumbnailUrl":"https:\/\/swagykarp.fi\/wp-content\/uploads\/2025\/10\/tin-paldean-fates-charizard-scaled-1.webp","datePublished":"2025-10-19T07:56:55+00:00","dateModified":"2025-10-31T07:28:41+00:00","breadcrumb":{"@id":"https:\/\/swagykarp.fi\/en\/product\/pokemon-tcg-paldean-fates-tin-charizard-ex\/#breadcrumb"},"inLanguage":"en-GB","potentialAction":[{"@type":"ReadAction","target":["https:\/\/swagykarp.fi\/en\/product\/pokemon-tcg-paldean-fates-tin-charizard-ex\/"]}]},{"@type":"ImageObject","inLanguage":"en-GB","@id":"https:\/\/swagykarp.fi\/en\/product\/pokemon-tcg-paldean-fates-tin-charizard-ex\/#primaryimage","url":"https:\/\/swagykarp.fi\/wp-content\/uploads\/2025\/10\/tin-paldean-fates-charizard-scaled-1.webp","contentUrl":"https:\/\/swagykarp.fi\/wp-content\/uploads\/2025\/10\/tin-paldean-fates-charizard-scaled-1.webp","width":1920,"height":1920},{"@type":"BreadcrumbList","@id":"https:\/\/swagykarp.fi\/en\/product\/pokemon-tcg-paldean-fates-tin-charizard-ex\/#breadcrumb","itemListElement":[{"@type":"ListItem","position":1,"name":"Home","item":"https:\/\/swagykarp.fi\/"},{"@type":"ListItem","position":2,"name":"Kauppa","item":"https:\/\/swagykarp.fi\/kauppa\/"},{"@type":"ListItem","position":3,"name":"Pok\u00e9mon TCG: Paldean Fates Tin (Charizard ex)"}]},{"@type":"WebSite","@id":"https:\/\/swagykarp.fi\/en\/#website","url":"https:\/\/swagykarp.fi\/en\/","name":"Swagykarp","description":"Pokemon TCG Store","publisher":{"@id":"https:\/\/swagykarp.fi\/en\/#organization"},"potentialAction":[{"@type":"SearchAction","target":{"@type":"EntryPoint","urlTemplate":"https:\/\/swagykarp.fi\/en\/?s={search_term_string}"},"query-input":{"@type":"PropertyValueSpecification","valueRequired":true,"valueName":"search_term_string"}}],"inLanguage":"en-GB"},{"@type":"Organization","@id":"https:\/\/swagykarp.fi\/en\/#organization","name":"Swagykarp","url":"https:\/\/swagykarp.fi\/en\/","logo":{"@type":"ImageObject","inLanguage":"en-GB","@id":"https:\/\/swagykarp.fi\/en\/#\/schema\/logo\/image\/","url":"https:\/\/swagykarp.fi\/wp-content\/uploads\/2025\/08\/logo-text.webp","contentUrl":"https:\/\/swagykarp.fi\/wp-content\/uploads\/2025\/08\/logo-text.webp","width":1920,"height":1920,"caption":"Swagykarp"},"image":{"@id":"https:\/\/swagykarp.fi\/en\/#\/schema\/logo\/image\/"},"sameAs":["https:\/\/www.facebook.com\/swagykarp","https:\/\/x.com\/Swagykarp","https:\/\/www.instagram.com\/swagykarp"]}]}},"_links":{"self":[{"href":"https:\/\/swagykarp.fi\/en\/wp-json\/wp\/v2\/product\/2771","targetHints":{"allow":["GET"]}}],"collection":[{"href":"https:\/\/swagykarp.fi\/en\/wp-json\/wp\/v2\/product"}],"about":[{"href":"https:\/\/swagykarp.fi\/en\/wp-json\/wp\/v2\/types\/product"}],"wp:featuredmedia":[{"embeddable":true,"href":"https:\/\/swagykarp.fi\/en\/wp-json\/wp\/v2\/media\/2772"}],"wp:attachment":[{"href":"https:\/\/swagykarp.fi\/en\/wp-json\/wp\/v2\/media?parent=2771"}],"wp:term":[{"taxonomy":"product_brand","embeddable":true,"href":"https:\/\/swagykarp.fi\/en\/wp-json\/wp\/v2\/product_brand?post=2771"},{"taxonomy":"product_cat","embeddable":true,"href":"https:\/\/swagykarp.fi\/en\/wp-json\/wp\/v2\/product_cat?post=2771"},{"taxonomy":"product_tag","embeddable":true,"href":"https:\/\/swagykarp.fi\/en\/wp-json\/wp\/v2\/product_tag?post=2771"}],"curies":[{"name":"wp","href":"https:\/\/api.w.org\/{rel}","templated":true}]}}