{"id":2185,"date":"2025-10-19T10:54:55","date_gmt":"2025-10-19T07:54:55","guid":{"rendered":"https:\/\/swagykarp.fi\/?post_type=product&#038;p=2185"},"modified":"2026-03-14T16:47:22","modified_gmt":"2026-03-14T14:47:22","slug":"pokemon-center-sleeves-gyarados-breakaway","status":"publish","type":"product","link":"https:\/\/swagykarp.fi\/en\/product\/pokemon-center-sleeves-gyarados-breakaway\/","title":{"rendered":"Pok\u00e9mon Center Playmat: Sprigatito, Fuecoco &#038; Quaxly"},"content":{"rendered":"<p>Pok\u00e9mon Center Playmat: Sprigatito, Fuecoco &amp; Quaxly<\/p>\n<div>\n<p>Team up with Sprigatito, Fuecoco, and Quaxly during your next Pok\u00e9mon TCG match thanks to this colorful, durable playmat featuring three superstars from Paldea! A tile-inspired border on top and bottom helps brings the festive atmosphere of the region into your own home.<\/p>\n<p>Durable neoprene grips to desks, tables, and other hard surfaces<br \/>\nProvides ample space for your cards during gameplay<br \/>\nMultiple playmats (sold separately) can be stacked for extra cushioning or rotated to create a custom display<br \/>\nFeatures the first partner Pok\u00e9mon from Paldea<br \/>\nPok\u00e9mon Center Original<\/p>\n<\/div>","protected":false},"excerpt":{"rendered":"<p>Pok\u00e9mon Center Playmat: Sprigatito, Fuecoco &amp; Quaxly Team up with Sprigatito, Fuecoco, and Quaxly during your next Pok\u00e9mon TCG match thanks to this colorful, durable playmat featuring three superstars from [&hellip;]<\/p>\n","protected":false},"featured_media":2219,"template":"","meta":[],"product_brand":[],"product_cat":[309],"product_tag":[],"class_list":{"0":"post-2185","1":"product","2":"type-product","3":"status-publish","4":"has-post-thumbnail","6":"product_cat-pelimatot","8":"first","9":"instock","10":"taxable","11":"shipping-taxable","12":"purchasable","13":"product-type-simple"},"yoast_head":"<!-- This site is optimized with the Yoast SEO Premium plugin v26.2 (Yoast SEO v27.2) - https:\/\/yoast.com\/product\/yoast-seo-premium-wordpress\/ -->\n<title>Pok\u00e9mon Center Playmat: Sprigatito, Fuecoco &amp; Quaxly - Swagykarp<\/title>\n<meta name=\"robots\" content=\"index, follow, max-snippet:-1, max-image-preview:large, max-video-preview:-1\" \/>\n<link rel=\"canonical\" href=\"https:\/\/swagykarp.fi\/en\/product\/pokemon-center-sleeves-gyarados-breakaway\/\" \/>\n<meta property=\"og:locale\" content=\"en_GB\" \/>\n<meta property=\"og:type\" content=\"article\" \/>\n<meta property=\"og:title\" content=\"Pok\u00e9mon Center Playmat: Sprigatito, Fuecoco &amp; Quaxly\" \/>\n<meta property=\"og:description\" content=\"Pok\u00e9mon Center Playmat: Sprigatito, Fuecoco &amp; Quaxly Team up with Sprigatito, Fuecoco, and Quaxly during your next Pok\u00e9mon TCG match thanks to this colorful, durable playmat featuring three superstars from [&hellip;]\" \/>\n<meta property=\"og:url\" content=\"https:\/\/swagykarp.fi\/en\/product\/pokemon-center-sleeves-gyarados-breakaway\/\" \/>\n<meta property=\"og:site_name\" content=\"Swagykarp\" \/>\n<meta property=\"article:publisher\" content=\"https:\/\/www.facebook.com\/swagykarp\" \/>\n<meta property=\"article:modified_time\" content=\"2026-03-14T14:47:22+00:00\" \/>\n<meta property=\"og:image\" content=\"https:\/\/swagykarp.fi\/wp-content\/uploads\/2025\/10\/playmat-Sprigatito-Fuecoco-Quaxly-scaled-1.webp\" \/>\n\t<meta property=\"og:image:width\" content=\"1920\" \/>\n\t<meta property=\"og:image:height\" content=\"1920\" \/>\n\t<meta property=\"og:image:type\" content=\"image\/webp\" \/>\n<meta name=\"twitter:card\" content=\"summary_large_image\" \/>\n<meta name=\"twitter:site\" content=\"@Swagykarp\" \/>\n<script type=\"application\/ld+json\" class=\"yoast-schema-graph\">{\"@context\":\"https:\/\/schema.org\",\"@graph\":[{\"@type\":\"WebPage\",\"@id\":\"https:\/\/swagykarp.fi\/product\/pokemon-center-sleeves-gyarados-breakaway\/\",\"url\":\"https:\/\/swagykarp.fi\/product\/pokemon-center-sleeves-gyarados-breakaway\/\",\"name\":\"Pok\u00e9mon Center Playmat: Sprigatito, Fuecoco & Quaxly - Swagykarp\",\"isPartOf\":{\"@id\":\"https:\/\/swagykarp.fi\/en\/#website\"},\"primaryImageOfPage\":{\"@id\":\"https:\/\/swagykarp.fi\/product\/pokemon-center-sleeves-gyarados-breakaway\/#primaryimage\"},\"image\":{\"@id\":\"https:\/\/swagykarp.fi\/product\/pokemon-center-sleeves-gyarados-breakaway\/#primaryimage\"},\"thumbnailUrl\":\"https:\/\/swagykarp.fi\/wp-content\/uploads\/2025\/10\/playmat-Sprigatito-Fuecoco-Quaxly-scaled-1.webp\",\"datePublished\":\"2025-10-19T07:54:55+00:00\",\"dateModified\":\"2026-03-14T14:47:22+00:00\",\"breadcrumb\":{\"@id\":\"https:\/\/swagykarp.fi\/product\/pokemon-center-sleeves-gyarados-breakaway\/#breadcrumb\"},\"inLanguage\":\"en-GB\",\"potentialAction\":[{\"@type\":\"ReadAction\",\"target\":[\"https:\/\/swagykarp.fi\/product\/pokemon-center-sleeves-gyarados-breakaway\/\"]}]},{\"@type\":\"ImageObject\",\"inLanguage\":\"en-GB\",\"@id\":\"https:\/\/swagykarp.fi\/product\/pokemon-center-sleeves-gyarados-breakaway\/#primaryimage\",\"url\":\"https:\/\/swagykarp.fi\/wp-content\/uploads\/2025\/10\/playmat-Sprigatito-Fuecoco-Quaxly-scaled-1.webp\",\"contentUrl\":\"https:\/\/swagykarp.fi\/wp-content\/uploads\/2025\/10\/playmat-Sprigatito-Fuecoco-Quaxly-scaled-1.webp\",\"width\":1920,\"height\":1920},{\"@type\":\"BreadcrumbList\",\"@id\":\"https:\/\/swagykarp.fi\/product\/pokemon-center-sleeves-gyarados-breakaway\/#breadcrumb\",\"itemListElement\":[{\"@type\":\"ListItem\",\"position\":1,\"name\":\"Home\",\"item\":\"https:\/\/swagykarp.fi\/\"},{\"@type\":\"ListItem\",\"position\":2,\"name\":\"Kauppa\",\"item\":\"https:\/\/swagykarp.fi\/kauppa\/\"},{\"@type\":\"ListItem\",\"position\":3,\"name\":\"Pok\u00e9mon Center Playmat: Sprigatito, Fuecoco &#038; Quaxly\"}]},{\"@type\":\"WebSite\",\"@id\":\"https:\/\/swagykarp.fi\/en\/#website\",\"url\":\"https:\/\/swagykarp.fi\/en\/\",\"name\":\"Swagykarp\",\"description\":\"Pokemon TCG Store\",\"publisher\":{\"@id\":\"https:\/\/swagykarp.fi\/en\/#organization\"},\"potentialAction\":[{\"@type\":\"SearchAction\",\"target\":{\"@type\":\"EntryPoint\",\"urlTemplate\":\"https:\/\/swagykarp.fi\/en\/?s={search_term_string}\"},\"query-input\":{\"@type\":\"PropertyValueSpecification\",\"valueRequired\":true,\"valueName\":\"search_term_string\"}}],\"inLanguage\":\"en-GB\"},{\"@type\":\"Organization\",\"@id\":\"https:\/\/swagykarp.fi\/en\/#organization\",\"name\":\"Swagykarp\",\"url\":\"https:\/\/swagykarp.fi\/en\/\",\"logo\":{\"@type\":\"ImageObject\",\"inLanguage\":\"en-GB\",\"@id\":\"https:\/\/swagykarp.fi\/en\/#\/schema\/logo\/image\/\",\"url\":\"https:\/\/swagykarp.fi\/wp-content\/uploads\/2025\/08\/logo-text.webp\",\"contentUrl\":\"https:\/\/swagykarp.fi\/wp-content\/uploads\/2025\/08\/logo-text.webp\",\"width\":1920,\"height\":1920,\"caption\":\"Swagykarp\"},\"image\":{\"@id\":\"https:\/\/swagykarp.fi\/en\/#\/schema\/logo\/image\/\"},\"sameAs\":[\"https:\/\/www.facebook.com\/swagykarp\",\"https:\/\/x.com\/Swagykarp\",\"https:\/\/www.instagram.com\/swagykarp\"]}]}<\/script>\n<!-- \/ Yoast SEO Premium plugin. -->","yoast_head_json":{"title":"Pok\u00e9mon Center Playmat: Sprigatito, Fuecoco & Quaxly - Swagykarp","robots":{"index":"index","follow":"follow","max-snippet":"max-snippet:-1","max-image-preview":"max-image-preview:large","max-video-preview":"max-video-preview:-1"},"canonical":"https:\/\/swagykarp.fi\/en\/product\/pokemon-center-sleeves-gyarados-breakaway\/","og_locale":"en_GB","og_type":"article","og_title":"Pok\u00e9mon Center Playmat: Sprigatito, Fuecoco & Quaxly","og_description":"Pok\u00e9mon Center Playmat: Sprigatito, Fuecoco &amp; Quaxly Team up with Sprigatito, Fuecoco, and Quaxly during your next Pok\u00e9mon TCG match thanks to this colorful, durable playmat featuring three superstars from [&hellip;]","og_url":"https:\/\/swagykarp.fi\/en\/product\/pokemon-center-sleeves-gyarados-breakaway\/","og_site_name":"Swagykarp","article_publisher":"https:\/\/www.facebook.com\/swagykarp","article_modified_time":"2026-03-14T14:47:22+00:00","og_image":[{"width":1920,"height":1920,"url":"https:\/\/swagykarp.fi\/wp-content\/uploads\/2025\/10\/playmat-Sprigatito-Fuecoco-Quaxly-scaled-1.webp","type":"image\/webp"}],"twitter_card":"summary_large_image","twitter_site":"@Swagykarp","schema":{"@context":"https:\/\/schema.org","@graph":[{"@type":"WebPage","@id":"https:\/\/swagykarp.fi\/product\/pokemon-center-sleeves-gyarados-breakaway\/","url":"https:\/\/swagykarp.fi\/product\/pokemon-center-sleeves-gyarados-breakaway\/","name":"Pok\u00e9mon Center Playmat: Sprigatito, Fuecoco & Quaxly - Swagykarp","isPartOf":{"@id":"https:\/\/swagykarp.fi\/en\/#website"},"primaryImageOfPage":{"@id":"https:\/\/swagykarp.fi\/product\/pokemon-center-sleeves-gyarados-breakaway\/#primaryimage"},"image":{"@id":"https:\/\/swagykarp.fi\/product\/pokemon-center-sleeves-gyarados-breakaway\/#primaryimage"},"thumbnailUrl":"https:\/\/swagykarp.fi\/wp-content\/uploads\/2025\/10\/playmat-Sprigatito-Fuecoco-Quaxly-scaled-1.webp","datePublished":"2025-10-19T07:54:55+00:00","dateModified":"2026-03-14T14:47:22+00:00","breadcrumb":{"@id":"https:\/\/swagykarp.fi\/product\/pokemon-center-sleeves-gyarados-breakaway\/#breadcrumb"},"inLanguage":"en-GB","potentialAction":[{"@type":"ReadAction","target":["https:\/\/swagykarp.fi\/product\/pokemon-center-sleeves-gyarados-breakaway\/"]}]},{"@type":"ImageObject","inLanguage":"en-GB","@id":"https:\/\/swagykarp.fi\/product\/pokemon-center-sleeves-gyarados-breakaway\/#primaryimage","url":"https:\/\/swagykarp.fi\/wp-content\/uploads\/2025\/10\/playmat-Sprigatito-Fuecoco-Quaxly-scaled-1.webp","contentUrl":"https:\/\/swagykarp.fi\/wp-content\/uploads\/2025\/10\/playmat-Sprigatito-Fuecoco-Quaxly-scaled-1.webp","width":1920,"height":1920},{"@type":"BreadcrumbList","@id":"https:\/\/swagykarp.fi\/product\/pokemon-center-sleeves-gyarados-breakaway\/#breadcrumb","itemListElement":[{"@type":"ListItem","position":1,"name":"Home","item":"https:\/\/swagykarp.fi\/"},{"@type":"ListItem","position":2,"name":"Kauppa","item":"https:\/\/swagykarp.fi\/kauppa\/"},{"@type":"ListItem","position":3,"name":"Pok\u00e9mon Center Playmat: Sprigatito, Fuecoco &#038; Quaxly"}]},{"@type":"WebSite","@id":"https:\/\/swagykarp.fi\/en\/#website","url":"https:\/\/swagykarp.fi\/en\/","name":"Swagykarp","description":"Pokemon TCG Store","publisher":{"@id":"https:\/\/swagykarp.fi\/en\/#organization"},"potentialAction":[{"@type":"SearchAction","target":{"@type":"EntryPoint","urlTemplate":"https:\/\/swagykarp.fi\/en\/?s={search_term_string}"},"query-input":{"@type":"PropertyValueSpecification","valueRequired":true,"valueName":"search_term_string"}}],"inLanguage":"en-GB"},{"@type":"Organization","@id":"https:\/\/swagykarp.fi\/en\/#organization","name":"Swagykarp","url":"https:\/\/swagykarp.fi\/en\/","logo":{"@type":"ImageObject","inLanguage":"en-GB","@id":"https:\/\/swagykarp.fi\/en\/#\/schema\/logo\/image\/","url":"https:\/\/swagykarp.fi\/wp-content\/uploads\/2025\/08\/logo-text.webp","contentUrl":"https:\/\/swagykarp.fi\/wp-content\/uploads\/2025\/08\/logo-text.webp","width":1920,"height":1920,"caption":"Swagykarp"},"image":{"@id":"https:\/\/swagykarp.fi\/en\/#\/schema\/logo\/image\/"},"sameAs":["https:\/\/www.facebook.com\/swagykarp","https:\/\/x.com\/Swagykarp","https:\/\/www.instagram.com\/swagykarp"]}]}},"_links":{"self":[{"href":"https:\/\/swagykarp.fi\/en\/wp-json\/wp\/v2\/product\/2185","targetHints":{"allow":["GET"]}}],"collection":[{"href":"https:\/\/swagykarp.fi\/en\/wp-json\/wp\/v2\/product"}],"about":[{"href":"https:\/\/swagykarp.fi\/en\/wp-json\/wp\/v2\/types\/product"}],"wp:featuredmedia":[{"embeddable":true,"href":"https:\/\/swagykarp.fi\/en\/wp-json\/wp\/v2\/media\/2219"}],"wp:attachment":[{"href":"https:\/\/swagykarp.fi\/en\/wp-json\/wp\/v2\/media?parent=2185"}],"wp:term":[{"taxonomy":"product_brand","embeddable":true,"href":"https:\/\/swagykarp.fi\/en\/wp-json\/wp\/v2\/product_brand?post=2185"},{"taxonomy":"product_cat","embeddable":true,"href":"https:\/\/swagykarp.fi\/en\/wp-json\/wp\/v2\/product_cat?post=2185"},{"taxonomy":"product_tag","embeddable":true,"href":"https:\/\/swagykarp.fi\/en\/wp-json\/wp\/v2\/product_tag?post=2185"}],"curies":[{"name":"wp","href":"https:\/\/api.w.org\/{rel}","templated":true}]}}