{"id":1863,"date":"2025-10-19T10:53:04","date_gmt":"2025-10-19T07:53:04","guid":{"rendered":"https:\/\/swagykarp.fi\/?post_type=product&#038;p=1863"},"modified":"2026-02-24T07:03:22","modified_gmt":"2026-02-24T05:03:22","slug":"pokemon-card-sleeves-venusaur","status":"publish","type":"product","link":"https:\/\/swagykarp.fi\/en\/product\/pokemon-card-sleeves-venusaur\/","title":{"rendered":"Pok\u00e9mon Card Sleeves: Venusaur"},"content":{"rendered":"<p>Embrace the verdant power of Venusaur with these Pok\u00e9mon card sleeves! Designed for both style and protection, these sleeves showcase the majestic grace of this iconic Pok\u00e9mon. Safeguard your cards with the strength of nature and elevate your gameplay with Venusaur-themed card sleeves<\/p>\n<p>Japanese Pok\u00e9mon Card Sleeves featuring Vanusaur<br \/>\nContains 64 standard sized card sleeves<\/p>","protected":false},"excerpt":{"rendered":"<p>Embrace the verdant power of Venusaur with these Pok\u00e9mon card sleeves! Designed for both style and protection, these sleeves showcase the majestic grace of this iconic Pok\u00e9mon. Safeguard your cards [&hellip;]<\/p>\n","protected":false},"featured_media":1864,"template":"","meta":[],"product_brand":[],"product_cat":[307],"product_tag":[],"class_list":{"0":"post-1863","1":"product","2":"type-product","3":"status-publish","4":"has-post-thumbnail","6":"product_cat-kuvalliset-sleevit","8":"first","9":"outofstock","10":"taxable","11":"shipping-taxable","12":"purchasable","13":"product-type-simple"},"yoast_head":"<!-- This site is optimized with the Yoast SEO Premium plugin v26.2 (Yoast SEO v27.4) - https:\/\/yoast.com\/product\/yoast-seo-premium-wordpress\/ -->\n<title>Pok\u00e9mon Card Sleeves: Venusaur - Swagykarp<\/title>\n<meta name=\"robots\" content=\"index, follow, max-snippet:-1, max-image-preview:large, max-video-preview:-1\" \/>\n<link rel=\"canonical\" href=\"https:\/\/swagykarp.fi\/en\/product\/pokemon-card-sleeves-venusaur\/\" \/>\n<meta property=\"og:locale\" content=\"en_GB\" \/>\n<meta property=\"og:type\" content=\"article\" \/>\n<meta property=\"og:title\" content=\"Pok\u00e9mon Card Sleeves: Venusaur\" \/>\n<meta property=\"og:description\" content=\"Embrace the verdant power of Venusaur with these Pok\u00e9mon card sleeves! Designed for both style and protection, these sleeves showcase the majestic grace of this iconic Pok\u00e9mon. Safeguard your cards [&hellip;]\" \/>\n<meta property=\"og:url\" content=\"https:\/\/swagykarp.fi\/en\/product\/pokemon-card-sleeves-venusaur\/\" \/>\n<meta property=\"og:site_name\" content=\"Swagykarp\" \/>\n<meta property=\"article:publisher\" content=\"https:\/\/www.facebook.com\/swagykarp\" \/>\n<meta property=\"article:modified_time\" content=\"2026-02-24T05:03:22+00:00\" \/>\n<meta property=\"og:image\" content=\"https:\/\/swagykarp.fi\/wp-content\/uploads\/2025\/10\/sleeves-venusaur.webp\" \/>\n\t<meta property=\"og:image:width\" content=\"1080\" \/>\n\t<meta property=\"og:image:height\" content=\"1080\" \/>\n\t<meta property=\"og:image:type\" content=\"image\/webp\" \/>\n<meta name=\"twitter:card\" content=\"summary_large_image\" \/>\n<meta name=\"twitter:site\" content=\"@Swagykarp\" \/>\n<script type=\"application\/ld+json\" class=\"yoast-schema-graph\">{\"@context\":\"https:\\\/\\\/schema.org\",\"@graph\":[{\"@type\":\"WebPage\",\"@id\":\"https:\\\/\\\/swagykarp.fi\\\/product\\\/pokemon-card-sleeves-venusaur\\\/\",\"url\":\"https:\\\/\\\/swagykarp.fi\\\/product\\\/pokemon-card-sleeves-venusaur\\\/\",\"name\":\"Pok\u00e9mon Card Sleeves: Venusaur - Swagykarp\",\"isPartOf\":{\"@id\":\"https:\\\/\\\/swagykarp.fi\\\/en\\\/#website\"},\"primaryImageOfPage\":{\"@id\":\"https:\\\/\\\/swagykarp.fi\\\/product\\\/pokemon-card-sleeves-venusaur\\\/#primaryimage\"},\"image\":{\"@id\":\"https:\\\/\\\/swagykarp.fi\\\/product\\\/pokemon-card-sleeves-venusaur\\\/#primaryimage\"},\"thumbnailUrl\":\"https:\\\/\\\/swagykarp.fi\\\/wp-content\\\/uploads\\\/2025\\\/10\\\/sleeves-venusaur.webp\",\"datePublished\":\"2025-10-19T07:53:04+00:00\",\"dateModified\":\"2026-02-24T05:03:22+00:00\",\"breadcrumb\":{\"@id\":\"https:\\\/\\\/swagykarp.fi\\\/product\\\/pokemon-card-sleeves-venusaur\\\/#breadcrumb\"},\"inLanguage\":\"en-GB\",\"potentialAction\":[{\"@type\":\"ReadAction\",\"target\":[\"https:\\\/\\\/swagykarp.fi\\\/product\\\/pokemon-card-sleeves-venusaur\\\/\"]}]},{\"@type\":\"ImageObject\",\"inLanguage\":\"en-GB\",\"@id\":\"https:\\\/\\\/swagykarp.fi\\\/product\\\/pokemon-card-sleeves-venusaur\\\/#primaryimage\",\"url\":\"https:\\\/\\\/swagykarp.fi\\\/wp-content\\\/uploads\\\/2025\\\/10\\\/sleeves-venusaur.webp\",\"contentUrl\":\"https:\\\/\\\/swagykarp.fi\\\/wp-content\\\/uploads\\\/2025\\\/10\\\/sleeves-venusaur.webp\",\"width\":1080,\"height\":1080},{\"@type\":\"BreadcrumbList\",\"@id\":\"https:\\\/\\\/swagykarp.fi\\\/product\\\/pokemon-card-sleeves-venusaur\\\/#breadcrumb\",\"itemListElement\":[{\"@type\":\"ListItem\",\"position\":1,\"name\":\"Home\",\"item\":\"https:\\\/\\\/swagykarp.fi\\\/\"},{\"@type\":\"ListItem\",\"position\":2,\"name\":\"Kauppa\",\"item\":\"https:\\\/\\\/swagykarp.fi\\\/kauppa\\\/\"},{\"@type\":\"ListItem\",\"position\":3,\"name\":\"Pok\u00e9mon Card Sleeves: Venusaur\"}]},{\"@type\":\"WebSite\",\"@id\":\"https:\\\/\\\/swagykarp.fi\\\/en\\\/#website\",\"url\":\"https:\\\/\\\/swagykarp.fi\\\/en\\\/\",\"name\":\"Swagykarp\",\"description\":\"Pokemon TCG Store\",\"publisher\":{\"@id\":\"https:\\\/\\\/swagykarp.fi\\\/en\\\/#organization\"},\"potentialAction\":[{\"@type\":\"SearchAction\",\"target\":{\"@type\":\"EntryPoint\",\"urlTemplate\":\"https:\\\/\\\/swagykarp.fi\\\/en\\\/?s={search_term_string}\"},\"query-input\":{\"@type\":\"PropertyValueSpecification\",\"valueRequired\":true,\"valueName\":\"search_term_string\"}}],\"inLanguage\":\"en-GB\"},{\"@type\":\"Organization\",\"@id\":\"https:\\\/\\\/swagykarp.fi\\\/en\\\/#organization\",\"name\":\"Swagykarp\",\"url\":\"https:\\\/\\\/swagykarp.fi\\\/en\\\/\",\"logo\":{\"@type\":\"ImageObject\",\"inLanguage\":\"en-GB\",\"@id\":\"https:\\\/\\\/swagykarp.fi\\\/en\\\/#\\\/schema\\\/logo\\\/image\\\/\",\"url\":\"https:\\\/\\\/swagykarp.fi\\\/wp-content\\\/uploads\\\/2025\\\/08\\\/logo-text.webp\",\"contentUrl\":\"https:\\\/\\\/swagykarp.fi\\\/wp-content\\\/uploads\\\/2025\\\/08\\\/logo-text.webp\",\"width\":1920,\"height\":1920,\"caption\":\"Swagykarp\"},\"image\":{\"@id\":\"https:\\\/\\\/swagykarp.fi\\\/en\\\/#\\\/schema\\\/logo\\\/image\\\/\"},\"sameAs\":[\"https:\\\/\\\/www.facebook.com\\\/swagykarp\",\"https:\\\/\\\/x.com\\\/Swagykarp\",\"https:\\\/\\\/www.instagram.com\\\/swagykarp\"]}]}<\/script>\n<!-- \/ Yoast SEO Premium plugin. -->","yoast_head_json":{"title":"Pok\u00e9mon Card Sleeves: Venusaur - Swagykarp","robots":{"index":"index","follow":"follow","max-snippet":"max-snippet:-1","max-image-preview":"max-image-preview:large","max-video-preview":"max-video-preview:-1"},"canonical":"https:\/\/swagykarp.fi\/en\/product\/pokemon-card-sleeves-venusaur\/","og_locale":"en_GB","og_type":"article","og_title":"Pok\u00e9mon Card Sleeves: Venusaur","og_description":"Embrace the verdant power of Venusaur with these Pok\u00e9mon card sleeves! Designed for both style and protection, these sleeves showcase the majestic grace of this iconic Pok\u00e9mon. Safeguard your cards [&hellip;]","og_url":"https:\/\/swagykarp.fi\/en\/product\/pokemon-card-sleeves-venusaur\/","og_site_name":"Swagykarp","article_publisher":"https:\/\/www.facebook.com\/swagykarp","article_modified_time":"2026-02-24T05:03:22+00:00","og_image":[{"width":1080,"height":1080,"url":"https:\/\/swagykarp.fi\/wp-content\/uploads\/2025\/10\/sleeves-venusaur.webp","type":"image\/webp"}],"twitter_card":"summary_large_image","twitter_site":"@Swagykarp","schema":{"@context":"https:\/\/schema.org","@graph":[{"@type":"WebPage","@id":"https:\/\/swagykarp.fi\/product\/pokemon-card-sleeves-venusaur\/","url":"https:\/\/swagykarp.fi\/product\/pokemon-card-sleeves-venusaur\/","name":"Pok\u00e9mon Card Sleeves: Venusaur - Swagykarp","isPartOf":{"@id":"https:\/\/swagykarp.fi\/en\/#website"},"primaryImageOfPage":{"@id":"https:\/\/swagykarp.fi\/product\/pokemon-card-sleeves-venusaur\/#primaryimage"},"image":{"@id":"https:\/\/swagykarp.fi\/product\/pokemon-card-sleeves-venusaur\/#primaryimage"},"thumbnailUrl":"https:\/\/swagykarp.fi\/wp-content\/uploads\/2025\/10\/sleeves-venusaur.webp","datePublished":"2025-10-19T07:53:04+00:00","dateModified":"2026-02-24T05:03:22+00:00","breadcrumb":{"@id":"https:\/\/swagykarp.fi\/product\/pokemon-card-sleeves-venusaur\/#breadcrumb"},"inLanguage":"en-GB","potentialAction":[{"@type":"ReadAction","target":["https:\/\/swagykarp.fi\/product\/pokemon-card-sleeves-venusaur\/"]}]},{"@type":"ImageObject","inLanguage":"en-GB","@id":"https:\/\/swagykarp.fi\/product\/pokemon-card-sleeves-venusaur\/#primaryimage","url":"https:\/\/swagykarp.fi\/wp-content\/uploads\/2025\/10\/sleeves-venusaur.webp","contentUrl":"https:\/\/swagykarp.fi\/wp-content\/uploads\/2025\/10\/sleeves-venusaur.webp","width":1080,"height":1080},{"@type":"BreadcrumbList","@id":"https:\/\/swagykarp.fi\/product\/pokemon-card-sleeves-venusaur\/#breadcrumb","itemListElement":[{"@type":"ListItem","position":1,"name":"Home","item":"https:\/\/swagykarp.fi\/"},{"@type":"ListItem","position":2,"name":"Kauppa","item":"https:\/\/swagykarp.fi\/kauppa\/"},{"@type":"ListItem","position":3,"name":"Pok\u00e9mon Card Sleeves: Venusaur"}]},{"@type":"WebSite","@id":"https:\/\/swagykarp.fi\/en\/#website","url":"https:\/\/swagykarp.fi\/en\/","name":"Swagykarp","description":"Pokemon TCG Store","publisher":{"@id":"https:\/\/swagykarp.fi\/en\/#organization"},"potentialAction":[{"@type":"SearchAction","target":{"@type":"EntryPoint","urlTemplate":"https:\/\/swagykarp.fi\/en\/?s={search_term_string}"},"query-input":{"@type":"PropertyValueSpecification","valueRequired":true,"valueName":"search_term_string"}}],"inLanguage":"en-GB"},{"@type":"Organization","@id":"https:\/\/swagykarp.fi\/en\/#organization","name":"Swagykarp","url":"https:\/\/swagykarp.fi\/en\/","logo":{"@type":"ImageObject","inLanguage":"en-GB","@id":"https:\/\/swagykarp.fi\/en\/#\/schema\/logo\/image\/","url":"https:\/\/swagykarp.fi\/wp-content\/uploads\/2025\/08\/logo-text.webp","contentUrl":"https:\/\/swagykarp.fi\/wp-content\/uploads\/2025\/08\/logo-text.webp","width":1920,"height":1920,"caption":"Swagykarp"},"image":{"@id":"https:\/\/swagykarp.fi\/en\/#\/schema\/logo\/image\/"},"sameAs":["https:\/\/www.facebook.com\/swagykarp","https:\/\/x.com\/Swagykarp","https:\/\/www.instagram.com\/swagykarp"]}]}},"_links":{"self":[{"href":"https:\/\/swagykarp.fi\/en\/wp-json\/wp\/v2\/product\/1863","targetHints":{"allow":["GET"]}}],"collection":[{"href":"https:\/\/swagykarp.fi\/en\/wp-json\/wp\/v2\/product"}],"about":[{"href":"https:\/\/swagykarp.fi\/en\/wp-json\/wp\/v2\/types\/product"}],"wp:featuredmedia":[{"embeddable":true,"href":"https:\/\/swagykarp.fi\/en\/wp-json\/wp\/v2\/media\/1864"}],"wp:attachment":[{"href":"https:\/\/swagykarp.fi\/en\/wp-json\/wp\/v2\/media?parent=1863"}],"wp:term":[{"taxonomy":"product_brand","embeddable":true,"href":"https:\/\/swagykarp.fi\/en\/wp-json\/wp\/v2\/product_brand?post=1863"},{"taxonomy":"product_cat","embeddable":true,"href":"https:\/\/swagykarp.fi\/en\/wp-json\/wp\/v2\/product_cat?post=1863"},{"taxonomy":"product_tag","embeddable":true,"href":"https:\/\/swagykarp.fi\/en\/wp-json\/wp\/v2\/product_tag?post=1863"}],"curies":[{"name":"wp","href":"https:\/\/api.w.org\/{rel}","templated":true}]}}