{"id":1720,"date":"2025-10-19T10:30:32","date_gmt":"2025-10-19T07:30:32","guid":{"rendered":"https:\/\/swagykarp.fi\/?post_type=product&#038;p=1720"},"modified":"2025-10-31T09:24:41","modified_gmt":"2025-10-31T07:24:41","slug":"pokemon-tcg-crown-zenith-tin-galarian-articuno","status":"publish","type":"product","link":"https:\/\/swagykarp.fi\/en\/product\/pokemon-tcg-crown-zenith-tin-galarian-articuno\/","title":{"rendered":"Pok\u00e9mon TCG: Crown Zenith Tin &#8211; Galarian Articuno"},"content":{"rendered":"<div class=\"prod-tabs__content-inner\">\n<div class=\"prod-tabs__content-wrap text text--white text-columns\">\n<p>Includes four Crown Zenith booster packs and one full art promo card.<\/p>\n<p>The Legendary heroes Zacian and Zamazenta shine with new VSTAR Powers, and an all-star assembly of Pok\u00e9mon and Trainers arrive to celebrate the era of Pok\u00e9mon V! Discover dazzling special illustrations in the Galarian Gallery, and wield the strength of rare and powerful Pok\u00e9mon, including Charizard as both a Pok\u00e9mon VSTAR and Radiant Pok\u00e9mon. Many more Pok\u00e9mon have their own tales to tell in battle as the Sword &amp; Shield Series reaches its towering peak in the Pok\u00e9mon TCG: Crown Zenith expansion!<\/p>\n<\/div>\n<\/div>","protected":false},"excerpt":{"rendered":"<p>Includes four Crown Zenith booster packs and one full art promo card. The Legendary heroes Zacian and Zamazenta shine with new VSTAR Powers, and an all-star assembly of Pok\u00e9mon and [&hellip;]<\/p>\n","protected":false},"featured_media":1721,"template":"","meta":[],"product_brand":[],"product_cat":[46],"product_tag":[],"class_list":{"0":"post-1720","1":"product","2":"type-product","3":"status-publish","4":"has-post-thumbnail","6":"product_cat-lahja-tinit","8":"first","9":"outofstock","10":"taxable","11":"shipping-taxable","12":"purchasable","13":"product-type-simple"},"yoast_head":"<!-- This site is optimized with the Yoast SEO Premium plugin v26.2 (Yoast SEO v27.4) - https:\/\/yoast.com\/product\/yoast-seo-premium-wordpress\/ -->\n<title>Pok\u00e9mon TCG: Crown Zenith Tin - Galarian Articuno - Swagykarp<\/title>\n<meta name=\"robots\" content=\"index, follow, max-snippet:-1, max-image-preview:large, max-video-preview:-1\" \/>\n<link rel=\"canonical\" href=\"https:\/\/swagykarp.fi\/en\/product\/pokemon-tcg-crown-zenith-tin-galarian-articuno\/\" \/>\n<meta property=\"og:locale\" content=\"en_GB\" \/>\n<meta property=\"og:type\" content=\"article\" \/>\n<meta property=\"og:title\" content=\"Pok\u00e9mon TCG: Crown Zenith Tin - Galarian Articuno\" \/>\n<meta property=\"og:description\" content=\"Includes four Crown Zenith booster packs and one full art promo card. The Legendary heroes Zacian and Zamazenta shine with new VSTAR Powers, and an all-star assembly of Pok\u00e9mon and [&hellip;]\" \/>\n<meta property=\"og:url\" content=\"https:\/\/swagykarp.fi\/en\/product\/pokemon-tcg-crown-zenith-tin-galarian-articuno\/\" \/>\n<meta property=\"og:site_name\" content=\"Swagykarp\" \/>\n<meta property=\"article:publisher\" content=\"https:\/\/www.facebook.com\/swagykarp\" \/>\n<meta property=\"article:modified_time\" content=\"2025-10-31T07:24:41+00:00\" \/>\n<meta property=\"og:image\" content=\"https:\/\/swagykarp.fi\/wp-content\/uploads\/2025\/10\/tin-crown-zenith-articuno.webp\" \/>\n\t<meta property=\"og:image:width\" content=\"1080\" \/>\n\t<meta property=\"og:image:height\" content=\"1080\" \/>\n\t<meta property=\"og:image:type\" content=\"image\/webp\" \/>\n<meta name=\"twitter:card\" content=\"summary_large_image\" \/>\n<meta name=\"twitter:site\" content=\"@Swagykarp\" \/>\n<meta name=\"twitter:label1\" content=\"Estimated reading time\" \/>\n\t<meta name=\"twitter:data1\" content=\"1 minute\" \/>\n<script type=\"application\/ld+json\" class=\"yoast-schema-graph\">{\"@context\":\"https:\\\/\\\/schema.org\",\"@graph\":[{\"@type\":\"WebPage\",\"@id\":\"https:\\\/\\\/swagykarp.fi\\\/product\\\/pokemon-tcg-crown-zenith-tin-galarian-articuno\\\/\",\"url\":\"https:\\\/\\\/swagykarp.fi\\\/product\\\/pokemon-tcg-crown-zenith-tin-galarian-articuno\\\/\",\"name\":\"Pok\u00e9mon TCG: Crown Zenith Tin - Galarian Articuno - Swagykarp\",\"isPartOf\":{\"@id\":\"https:\\\/\\\/swagykarp.fi\\\/en\\\/#website\"},\"primaryImageOfPage\":{\"@id\":\"https:\\\/\\\/swagykarp.fi\\\/product\\\/pokemon-tcg-crown-zenith-tin-galarian-articuno\\\/#primaryimage\"},\"image\":{\"@id\":\"https:\\\/\\\/swagykarp.fi\\\/product\\\/pokemon-tcg-crown-zenith-tin-galarian-articuno\\\/#primaryimage\"},\"thumbnailUrl\":\"https:\\\/\\\/swagykarp.fi\\\/wp-content\\\/uploads\\\/2025\\\/10\\\/tin-crown-zenith-articuno.webp\",\"datePublished\":\"2025-10-19T07:30:32+00:00\",\"dateModified\":\"2025-10-31T07:24:41+00:00\",\"breadcrumb\":{\"@id\":\"https:\\\/\\\/swagykarp.fi\\\/product\\\/pokemon-tcg-crown-zenith-tin-galarian-articuno\\\/#breadcrumb\"},\"inLanguage\":\"en-GB\",\"potentialAction\":[{\"@type\":\"ReadAction\",\"target\":[\"https:\\\/\\\/swagykarp.fi\\\/product\\\/pokemon-tcg-crown-zenith-tin-galarian-articuno\\\/\"]}]},{\"@type\":\"ImageObject\",\"inLanguage\":\"en-GB\",\"@id\":\"https:\\\/\\\/swagykarp.fi\\\/product\\\/pokemon-tcg-crown-zenith-tin-galarian-articuno\\\/#primaryimage\",\"url\":\"https:\\\/\\\/swagykarp.fi\\\/wp-content\\\/uploads\\\/2025\\\/10\\\/tin-crown-zenith-articuno.webp\",\"contentUrl\":\"https:\\\/\\\/swagykarp.fi\\\/wp-content\\\/uploads\\\/2025\\\/10\\\/tin-crown-zenith-articuno.webp\",\"width\":1080,\"height\":1080},{\"@type\":\"BreadcrumbList\",\"@id\":\"https:\\\/\\\/swagykarp.fi\\\/product\\\/pokemon-tcg-crown-zenith-tin-galarian-articuno\\\/#breadcrumb\",\"itemListElement\":[{\"@type\":\"ListItem\",\"position\":1,\"name\":\"Home\",\"item\":\"https:\\\/\\\/swagykarp.fi\\\/\"},{\"@type\":\"ListItem\",\"position\":2,\"name\":\"Kauppa\",\"item\":\"https:\\\/\\\/swagykarp.fi\\\/kauppa\\\/\"},{\"@type\":\"ListItem\",\"position\":3,\"name\":\"Pok\u00e9mon TCG: Crown Zenith Tin &#8211; Galarian Articuno\"}]},{\"@type\":\"WebSite\",\"@id\":\"https:\\\/\\\/swagykarp.fi\\\/en\\\/#website\",\"url\":\"https:\\\/\\\/swagykarp.fi\\\/en\\\/\",\"name\":\"Swagykarp\",\"description\":\"Pokemon TCG Store\",\"publisher\":{\"@id\":\"https:\\\/\\\/swagykarp.fi\\\/en\\\/#organization\"},\"potentialAction\":[{\"@type\":\"SearchAction\",\"target\":{\"@type\":\"EntryPoint\",\"urlTemplate\":\"https:\\\/\\\/swagykarp.fi\\\/en\\\/?s={search_term_string}\"},\"query-input\":{\"@type\":\"PropertyValueSpecification\",\"valueRequired\":true,\"valueName\":\"search_term_string\"}}],\"inLanguage\":\"en-GB\"},{\"@type\":\"Organization\",\"@id\":\"https:\\\/\\\/swagykarp.fi\\\/en\\\/#organization\",\"name\":\"Swagykarp\",\"url\":\"https:\\\/\\\/swagykarp.fi\\\/en\\\/\",\"logo\":{\"@type\":\"ImageObject\",\"inLanguage\":\"en-GB\",\"@id\":\"https:\\\/\\\/swagykarp.fi\\\/en\\\/#\\\/schema\\\/logo\\\/image\\\/\",\"url\":\"https:\\\/\\\/swagykarp.fi\\\/wp-content\\\/uploads\\\/2025\\\/08\\\/logo-text.webp\",\"contentUrl\":\"https:\\\/\\\/swagykarp.fi\\\/wp-content\\\/uploads\\\/2025\\\/08\\\/logo-text.webp\",\"width\":1920,\"height\":1920,\"caption\":\"Swagykarp\"},\"image\":{\"@id\":\"https:\\\/\\\/swagykarp.fi\\\/en\\\/#\\\/schema\\\/logo\\\/image\\\/\"},\"sameAs\":[\"https:\\\/\\\/www.facebook.com\\\/swagykarp\",\"https:\\\/\\\/x.com\\\/Swagykarp\",\"https:\\\/\\\/www.instagram.com\\\/swagykarp\"]}]}<\/script>\n<!-- \/ Yoast SEO Premium plugin. -->","yoast_head_json":{"title":"Pok\u00e9mon TCG: Crown Zenith Tin - Galarian Articuno - Swagykarp","robots":{"index":"index","follow":"follow","max-snippet":"max-snippet:-1","max-image-preview":"max-image-preview:large","max-video-preview":"max-video-preview:-1"},"canonical":"https:\/\/swagykarp.fi\/en\/product\/pokemon-tcg-crown-zenith-tin-galarian-articuno\/","og_locale":"en_GB","og_type":"article","og_title":"Pok\u00e9mon TCG: Crown Zenith Tin - Galarian Articuno","og_description":"Includes four Crown Zenith booster packs and one full art promo card. The Legendary heroes Zacian and Zamazenta shine with new VSTAR Powers, and an all-star assembly of Pok\u00e9mon and [&hellip;]","og_url":"https:\/\/swagykarp.fi\/en\/product\/pokemon-tcg-crown-zenith-tin-galarian-articuno\/","og_site_name":"Swagykarp","article_publisher":"https:\/\/www.facebook.com\/swagykarp","article_modified_time":"2025-10-31T07:24:41+00:00","og_image":[{"width":1080,"height":1080,"url":"https:\/\/swagykarp.fi\/wp-content\/uploads\/2025\/10\/tin-crown-zenith-articuno.webp","type":"image\/webp"}],"twitter_card":"summary_large_image","twitter_site":"@Swagykarp","twitter_misc":{"Estimated reading time":"1 minute"},"schema":{"@context":"https:\/\/schema.org","@graph":[{"@type":"WebPage","@id":"https:\/\/swagykarp.fi\/product\/pokemon-tcg-crown-zenith-tin-galarian-articuno\/","url":"https:\/\/swagykarp.fi\/product\/pokemon-tcg-crown-zenith-tin-galarian-articuno\/","name":"Pok\u00e9mon TCG: Crown Zenith Tin - Galarian Articuno - Swagykarp","isPartOf":{"@id":"https:\/\/swagykarp.fi\/en\/#website"},"primaryImageOfPage":{"@id":"https:\/\/swagykarp.fi\/product\/pokemon-tcg-crown-zenith-tin-galarian-articuno\/#primaryimage"},"image":{"@id":"https:\/\/swagykarp.fi\/product\/pokemon-tcg-crown-zenith-tin-galarian-articuno\/#primaryimage"},"thumbnailUrl":"https:\/\/swagykarp.fi\/wp-content\/uploads\/2025\/10\/tin-crown-zenith-articuno.webp","datePublished":"2025-10-19T07:30:32+00:00","dateModified":"2025-10-31T07:24:41+00:00","breadcrumb":{"@id":"https:\/\/swagykarp.fi\/product\/pokemon-tcg-crown-zenith-tin-galarian-articuno\/#breadcrumb"},"inLanguage":"en-GB","potentialAction":[{"@type":"ReadAction","target":["https:\/\/swagykarp.fi\/product\/pokemon-tcg-crown-zenith-tin-galarian-articuno\/"]}]},{"@type":"ImageObject","inLanguage":"en-GB","@id":"https:\/\/swagykarp.fi\/product\/pokemon-tcg-crown-zenith-tin-galarian-articuno\/#primaryimage","url":"https:\/\/swagykarp.fi\/wp-content\/uploads\/2025\/10\/tin-crown-zenith-articuno.webp","contentUrl":"https:\/\/swagykarp.fi\/wp-content\/uploads\/2025\/10\/tin-crown-zenith-articuno.webp","width":1080,"height":1080},{"@type":"BreadcrumbList","@id":"https:\/\/swagykarp.fi\/product\/pokemon-tcg-crown-zenith-tin-galarian-articuno\/#breadcrumb","itemListElement":[{"@type":"ListItem","position":1,"name":"Home","item":"https:\/\/swagykarp.fi\/"},{"@type":"ListItem","position":2,"name":"Kauppa","item":"https:\/\/swagykarp.fi\/kauppa\/"},{"@type":"ListItem","position":3,"name":"Pok\u00e9mon TCG: Crown Zenith Tin &#8211; Galarian Articuno"}]},{"@type":"WebSite","@id":"https:\/\/swagykarp.fi\/en\/#website","url":"https:\/\/swagykarp.fi\/en\/","name":"Swagykarp","description":"Pokemon TCG Store","publisher":{"@id":"https:\/\/swagykarp.fi\/en\/#organization"},"potentialAction":[{"@type":"SearchAction","target":{"@type":"EntryPoint","urlTemplate":"https:\/\/swagykarp.fi\/en\/?s={search_term_string}"},"query-input":{"@type":"PropertyValueSpecification","valueRequired":true,"valueName":"search_term_string"}}],"inLanguage":"en-GB"},{"@type":"Organization","@id":"https:\/\/swagykarp.fi\/en\/#organization","name":"Swagykarp","url":"https:\/\/swagykarp.fi\/en\/","logo":{"@type":"ImageObject","inLanguage":"en-GB","@id":"https:\/\/swagykarp.fi\/en\/#\/schema\/logo\/image\/","url":"https:\/\/swagykarp.fi\/wp-content\/uploads\/2025\/08\/logo-text.webp","contentUrl":"https:\/\/swagykarp.fi\/wp-content\/uploads\/2025\/08\/logo-text.webp","width":1920,"height":1920,"caption":"Swagykarp"},"image":{"@id":"https:\/\/swagykarp.fi\/en\/#\/schema\/logo\/image\/"},"sameAs":["https:\/\/www.facebook.com\/swagykarp","https:\/\/x.com\/Swagykarp","https:\/\/www.instagram.com\/swagykarp"]}]}},"_links":{"self":[{"href":"https:\/\/swagykarp.fi\/en\/wp-json\/wp\/v2\/product\/1720","targetHints":{"allow":["GET"]}}],"collection":[{"href":"https:\/\/swagykarp.fi\/en\/wp-json\/wp\/v2\/product"}],"about":[{"href":"https:\/\/swagykarp.fi\/en\/wp-json\/wp\/v2\/types\/product"}],"wp:featuredmedia":[{"embeddable":true,"href":"https:\/\/swagykarp.fi\/en\/wp-json\/wp\/v2\/media\/1721"}],"wp:attachment":[{"href":"https:\/\/swagykarp.fi\/en\/wp-json\/wp\/v2\/media?parent=1720"}],"wp:term":[{"taxonomy":"product_brand","embeddable":true,"href":"https:\/\/swagykarp.fi\/en\/wp-json\/wp\/v2\/product_brand?post=1720"},{"taxonomy":"product_cat","embeddable":true,"href":"https:\/\/swagykarp.fi\/en\/wp-json\/wp\/v2\/product_cat?post=1720"},{"taxonomy":"product_tag","embeddable":true,"href":"https:\/\/swagykarp.fi\/en\/wp-json\/wp\/v2\/product_tag?post=1720"}],"curies":[{"name":"wp","href":"https:\/\/api.w.org\/{rel}","templated":true}]}}