{"id":15854,"date":"2026-04-15T13:47:34","date_gmt":"2026-04-15T10:47:34","guid":{"rendered":"https:\/\/swagykarp.fi\/?post_type=product&#038;p=15854"},"modified":"2026-04-15T15:50:33","modified_gmt":"2026-04-15T12:50:33","slug":"ascended-heroes-booster-bundle","status":"publish","type":"product","link":"https:\/\/swagykarp.fi\/en\/product\/ascended-heroes-booster-bundle\/","title":{"rendered":"Ascended Heroes Booster Bundle"},"content":{"rendered":"<p><strong>Ascended Heroes Booster Bundle<br \/>\nRelease Date: April 24th<br \/>\nLimited to 10 Per Customer \/ Address<\/strong><\/p>\n<p>Rise to a New Challenge!<br \/>\nMarvel at the awesome potential as Mega Dragonite ex takes flight, leading a gathering of all-star Pok\u00e9mon to battle! Trainer\u2019s Pok\u00e9mon and Stellar Tera Pok\u00e9mon ex join returning and newly discovered Mega Evolution Pok\u00e9mon ex, including some with special artwork showing off their biggest and boldest attacks. Celebrate the stars of Scarlet &amp; Violet and the dawn of Mega Evolution with the Pok\u00e9mon TCG: Mega Evolution\u2014Ascended Heroes expansion!<\/p>\n<p><strong>Includes six booster packs from the Pok\u00e9mon TCG: Mega Evolution\u2014Ascended Heroes expansion<\/strong><br \/>\nEach booster pack contains 10 cards, 1 Basic Energy, and 1 Pok\u00e9mon TCG Live code card. Cards vary by pack.<\/p>","protected":false},"excerpt":{"rendered":"<p>Ascended Heroes Booster Bundle Release Date: April 24th Limited to 10 Per Customer \/ Address Rise to a New Challenge! Marvel at the awesome potential as Mega Dragonite ex takes [&hellip;]<\/p>\n","protected":false},"featured_media":15855,"template":"","meta":[],"product_brand":[],"product_cat":[356,38],"product_tag":[],"class_list":{"0":"post-15854","1":"product","2":"type-product","3":"status-publish","4":"has-post-thumbnail","6":"product_cat-ascended-heroes","7":"product_cat-boosterit","9":"first","10":"outofstock","11":"taxable","12":"shipping-taxable","13":"purchasable","14":"product-type-simple"},"yoast_head":"<!-- This site is optimized with the Yoast SEO Premium plugin v26.2 (Yoast SEO v27.4) - https:\/\/yoast.com\/product\/yoast-seo-premium-wordpress\/ -->\n<title>Ascended Heroes Booster Bundle - Swagykarp<\/title>\n<meta name=\"description\" content=\"Rise to a New Challenge! Marvel at the awesome potential as Mega Dragonite ex takes flight, leading a gathering of all-star Pok\u00e9mon to battle! Trainer\u2019s Pok\u00e9mon and Stellar Tera Pok\u00e9mon ex join returning and newly discovered Mega Evolution Pok\u00e9mon ex, including some with special artwork showing off their biggest and boldest attacks. Celebrate the stars of Scarlet &amp; Violet and the dawn of Mega Evolution with the Pok\u00e9mon TCG: Mega Evolution\u2014Ascended Heroes expansion!\" \/>\n<meta name=\"robots\" content=\"index, follow, max-snippet:-1, max-image-preview:large, max-video-preview:-1\" \/>\n<link rel=\"canonical\" href=\"https:\/\/swagykarp.fi\/en\/product\/ascended-heroes-booster-bundle\/\" \/>\n<meta property=\"og:locale\" content=\"en_GB\" \/>\n<meta property=\"og:type\" content=\"article\" \/>\n<meta property=\"og:title\" content=\"Ascended Heroes Booster Bundle\" \/>\n<meta property=\"og:description\" content=\"Rise to a New Challenge! Marvel at the awesome potential as Mega Dragonite ex takes flight, leading a gathering of all-star Pok\u00e9mon to battle! Trainer\u2019s Pok\u00e9mon and Stellar Tera Pok\u00e9mon ex join returning and newly discovered Mega Evolution Pok\u00e9mon ex, including some with special artwork showing off their biggest and boldest attacks. Celebrate the stars of Scarlet &amp; Violet and the dawn of Mega Evolution with the Pok\u00e9mon TCG: Mega Evolution\u2014Ascended Heroes expansion!\" \/>\n<meta property=\"og:url\" content=\"https:\/\/swagykarp.fi\/en\/product\/ascended-heroes-booster-bundle\/\" \/>\n<meta property=\"og:site_name\" content=\"Swagykarp\" \/>\n<meta property=\"article:publisher\" content=\"https:\/\/www.facebook.com\/swagykarp\" \/>\n<meta property=\"article:modified_time\" content=\"2026-04-15T12:50:33+00:00\" \/>\n<meta property=\"og:image\" content=\"https:\/\/swagykarp.fi\/wp-content\/uploads\/2026\/04\/booster-bundle-ascended-heroes-scaled.jpg\" \/>\n\t<meta property=\"og:image:width\" content=\"2560\" \/>\n\t<meta property=\"og:image:height\" content=\"2560\" \/>\n\t<meta property=\"og:image:type\" content=\"image\/jpeg\" \/>\n<meta name=\"twitter:card\" content=\"summary_large_image\" \/>\n<meta name=\"twitter:site\" content=\"@Swagykarp\" \/>\n<meta name=\"twitter:label1\" content=\"Estimated reading time\" \/>\n\t<meta name=\"twitter:data1\" content=\"1 minute\" \/>\n<script type=\"application\/ld+json\" class=\"yoast-schema-graph\">{\"@context\":\"https:\\\/\\\/schema.org\",\"@graph\":[{\"@type\":\"WebPage\",\"@id\":\"https:\\\/\\\/swagykarp.fi\\\/product\\\/ascended-heroes-booster-bundle\\\/\",\"url\":\"https:\\\/\\\/swagykarp.fi\\\/product\\\/ascended-heroes-booster-bundle\\\/\",\"name\":\"Ascended Heroes Booster Bundle - Swagykarp\",\"isPartOf\":{\"@id\":\"https:\\\/\\\/swagykarp.fi\\\/en\\\/#website\"},\"primaryImageOfPage\":{\"@id\":\"https:\\\/\\\/swagykarp.fi\\\/product\\\/ascended-heroes-booster-bundle\\\/#primaryimage\"},\"image\":{\"@id\":\"https:\\\/\\\/swagykarp.fi\\\/product\\\/ascended-heroes-booster-bundle\\\/#primaryimage\"},\"thumbnailUrl\":\"https:\\\/\\\/swagykarp.fi\\\/wp-content\\\/uploads\\\/2026\\\/04\\\/booster-bundle-ascended-heroes-scaled.jpg\",\"datePublished\":\"2026-04-15T10:47:34+00:00\",\"dateModified\":\"2026-04-15T12:50:33+00:00\",\"description\":\"Rise to a New Challenge! Marvel at the awesome potential as Mega Dragonite ex takes flight, leading a gathering of all-star Pok\u00e9mon to battle! Trainer\u2019s Pok\u00e9mon and Stellar Tera Pok\u00e9mon ex join returning and newly discovered Mega Evolution Pok\u00e9mon ex, including some with special artwork showing off their biggest and boldest attacks. Celebrate the stars of Scarlet & Violet and the dawn of Mega Evolution with the Pok\u00e9mon TCG: Mega Evolution\u2014Ascended Heroes expansion!\",\"breadcrumb\":{\"@id\":\"https:\\\/\\\/swagykarp.fi\\\/product\\\/ascended-heroes-booster-bundle\\\/#breadcrumb\"},\"inLanguage\":\"en-GB\",\"potentialAction\":[{\"@type\":\"ReadAction\",\"target\":[\"https:\\\/\\\/swagykarp.fi\\\/product\\\/ascended-heroes-booster-bundle\\\/\"]}]},{\"@type\":\"ImageObject\",\"inLanguage\":\"en-GB\",\"@id\":\"https:\\\/\\\/swagykarp.fi\\\/product\\\/ascended-heroes-booster-bundle\\\/#primaryimage\",\"url\":\"https:\\\/\\\/swagykarp.fi\\\/wp-content\\\/uploads\\\/2026\\\/04\\\/booster-bundle-ascended-heroes-scaled.jpg\",\"contentUrl\":\"https:\\\/\\\/swagykarp.fi\\\/wp-content\\\/uploads\\\/2026\\\/04\\\/booster-bundle-ascended-heroes-scaled.jpg\",\"width\":2560,\"height\":2560},{\"@type\":\"BreadcrumbList\",\"@id\":\"https:\\\/\\\/swagykarp.fi\\\/product\\\/ascended-heroes-booster-bundle\\\/#breadcrumb\",\"itemListElement\":[{\"@type\":\"ListItem\",\"position\":1,\"name\":\"Home\",\"item\":\"https:\\\/\\\/swagykarp.fi\\\/\"},{\"@type\":\"ListItem\",\"position\":2,\"name\":\"Kauppa\",\"item\":\"https:\\\/\\\/swagykarp.fi\\\/kauppa\\\/\"},{\"@type\":\"ListItem\",\"position\":3,\"name\":\"Ascended Heroes Booster Bundle\"}]},{\"@type\":\"WebSite\",\"@id\":\"https:\\\/\\\/swagykarp.fi\\\/en\\\/#website\",\"url\":\"https:\\\/\\\/swagykarp.fi\\\/en\\\/\",\"name\":\"Swagykarp\",\"description\":\"Pokemon TCG Store\",\"publisher\":{\"@id\":\"https:\\\/\\\/swagykarp.fi\\\/en\\\/#organization\"},\"potentialAction\":[{\"@type\":\"SearchAction\",\"target\":{\"@type\":\"EntryPoint\",\"urlTemplate\":\"https:\\\/\\\/swagykarp.fi\\\/en\\\/?s={search_term_string}\"},\"query-input\":{\"@type\":\"PropertyValueSpecification\",\"valueRequired\":true,\"valueName\":\"search_term_string\"}}],\"inLanguage\":\"en-GB\"},{\"@type\":\"Organization\",\"@id\":\"https:\\\/\\\/swagykarp.fi\\\/en\\\/#organization\",\"name\":\"Swagykarp\",\"url\":\"https:\\\/\\\/swagykarp.fi\\\/en\\\/\",\"logo\":{\"@type\":\"ImageObject\",\"inLanguage\":\"en-GB\",\"@id\":\"https:\\\/\\\/swagykarp.fi\\\/en\\\/#\\\/schema\\\/logo\\\/image\\\/\",\"url\":\"https:\\\/\\\/swagykarp.fi\\\/wp-content\\\/uploads\\\/2025\\\/08\\\/logo-text.webp\",\"contentUrl\":\"https:\\\/\\\/swagykarp.fi\\\/wp-content\\\/uploads\\\/2025\\\/08\\\/logo-text.webp\",\"width\":1920,\"height\":1920,\"caption\":\"Swagykarp\"},\"image\":{\"@id\":\"https:\\\/\\\/swagykarp.fi\\\/en\\\/#\\\/schema\\\/logo\\\/image\\\/\"},\"sameAs\":[\"https:\\\/\\\/www.facebook.com\\\/swagykarp\",\"https:\\\/\\\/x.com\\\/Swagykarp\",\"https:\\\/\\\/www.instagram.com\\\/swagykarp\"]}]}<\/script>\n<!-- \/ Yoast SEO Premium plugin. -->","yoast_head_json":{"title":"Ascended Heroes Booster Bundle - Swagykarp","description":"Rise to a New Challenge! Marvel at the awesome potential as Mega Dragonite ex takes flight, leading a gathering of all-star Pok\u00e9mon to battle! Trainer\u2019s Pok\u00e9mon and Stellar Tera Pok\u00e9mon ex join returning and newly discovered Mega Evolution Pok\u00e9mon ex, including some with special artwork showing off their biggest and boldest attacks. Celebrate the stars of Scarlet & Violet and the dawn of Mega Evolution with the Pok\u00e9mon TCG: Mega Evolution\u2014Ascended Heroes expansion!","robots":{"index":"index","follow":"follow","max-snippet":"max-snippet:-1","max-image-preview":"max-image-preview:large","max-video-preview":"max-video-preview:-1"},"canonical":"https:\/\/swagykarp.fi\/en\/product\/ascended-heroes-booster-bundle\/","og_locale":"en_GB","og_type":"article","og_title":"Ascended Heroes Booster Bundle","og_description":"Rise to a New Challenge! Marvel at the awesome potential as Mega Dragonite ex takes flight, leading a gathering of all-star Pok\u00e9mon to battle! Trainer\u2019s Pok\u00e9mon and Stellar Tera Pok\u00e9mon ex join returning and newly discovered Mega Evolution Pok\u00e9mon ex, including some with special artwork showing off their biggest and boldest attacks. Celebrate the stars of Scarlet & Violet and the dawn of Mega Evolution with the Pok\u00e9mon TCG: Mega Evolution\u2014Ascended Heroes expansion!","og_url":"https:\/\/swagykarp.fi\/en\/product\/ascended-heroes-booster-bundle\/","og_site_name":"Swagykarp","article_publisher":"https:\/\/www.facebook.com\/swagykarp","article_modified_time":"2026-04-15T12:50:33+00:00","og_image":[{"width":2560,"height":2560,"url":"https:\/\/swagykarp.fi\/wp-content\/uploads\/2026\/04\/booster-bundle-ascended-heroes-scaled.jpg","type":"image\/jpeg"}],"twitter_card":"summary_large_image","twitter_site":"@Swagykarp","twitter_misc":{"Estimated reading time":"1 minute"},"schema":{"@context":"https:\/\/schema.org","@graph":[{"@type":"WebPage","@id":"https:\/\/swagykarp.fi\/product\/ascended-heroes-booster-bundle\/","url":"https:\/\/swagykarp.fi\/product\/ascended-heroes-booster-bundle\/","name":"Ascended Heroes Booster Bundle - Swagykarp","isPartOf":{"@id":"https:\/\/swagykarp.fi\/en\/#website"},"primaryImageOfPage":{"@id":"https:\/\/swagykarp.fi\/product\/ascended-heroes-booster-bundle\/#primaryimage"},"image":{"@id":"https:\/\/swagykarp.fi\/product\/ascended-heroes-booster-bundle\/#primaryimage"},"thumbnailUrl":"https:\/\/swagykarp.fi\/wp-content\/uploads\/2026\/04\/booster-bundle-ascended-heroes-scaled.jpg","datePublished":"2026-04-15T10:47:34+00:00","dateModified":"2026-04-15T12:50:33+00:00","description":"Rise to a New Challenge! Marvel at the awesome potential as Mega Dragonite ex takes flight, leading a gathering of all-star Pok\u00e9mon to battle! Trainer\u2019s Pok\u00e9mon and Stellar Tera Pok\u00e9mon ex join returning and newly discovered Mega Evolution Pok\u00e9mon ex, including some with special artwork showing off their biggest and boldest attacks. Celebrate the stars of Scarlet & Violet and the dawn of Mega Evolution with the Pok\u00e9mon TCG: Mega Evolution\u2014Ascended Heroes expansion!","breadcrumb":{"@id":"https:\/\/swagykarp.fi\/product\/ascended-heroes-booster-bundle\/#breadcrumb"},"inLanguage":"en-GB","potentialAction":[{"@type":"ReadAction","target":["https:\/\/swagykarp.fi\/product\/ascended-heroes-booster-bundle\/"]}]},{"@type":"ImageObject","inLanguage":"en-GB","@id":"https:\/\/swagykarp.fi\/product\/ascended-heroes-booster-bundle\/#primaryimage","url":"https:\/\/swagykarp.fi\/wp-content\/uploads\/2026\/04\/booster-bundle-ascended-heroes-scaled.jpg","contentUrl":"https:\/\/swagykarp.fi\/wp-content\/uploads\/2026\/04\/booster-bundle-ascended-heroes-scaled.jpg","width":2560,"height":2560},{"@type":"BreadcrumbList","@id":"https:\/\/swagykarp.fi\/product\/ascended-heroes-booster-bundle\/#breadcrumb","itemListElement":[{"@type":"ListItem","position":1,"name":"Home","item":"https:\/\/swagykarp.fi\/"},{"@type":"ListItem","position":2,"name":"Kauppa","item":"https:\/\/swagykarp.fi\/kauppa\/"},{"@type":"ListItem","position":3,"name":"Ascended Heroes Booster Bundle"}]},{"@type":"WebSite","@id":"https:\/\/swagykarp.fi\/en\/#website","url":"https:\/\/swagykarp.fi\/en\/","name":"Swagykarp","description":"Pokemon TCG Store","publisher":{"@id":"https:\/\/swagykarp.fi\/en\/#organization"},"potentialAction":[{"@type":"SearchAction","target":{"@type":"EntryPoint","urlTemplate":"https:\/\/swagykarp.fi\/en\/?s={search_term_string}"},"query-input":{"@type":"PropertyValueSpecification","valueRequired":true,"valueName":"search_term_string"}}],"inLanguage":"en-GB"},{"@type":"Organization","@id":"https:\/\/swagykarp.fi\/en\/#organization","name":"Swagykarp","url":"https:\/\/swagykarp.fi\/en\/","logo":{"@type":"ImageObject","inLanguage":"en-GB","@id":"https:\/\/swagykarp.fi\/en\/#\/schema\/logo\/image\/","url":"https:\/\/swagykarp.fi\/wp-content\/uploads\/2025\/08\/logo-text.webp","contentUrl":"https:\/\/swagykarp.fi\/wp-content\/uploads\/2025\/08\/logo-text.webp","width":1920,"height":1920,"caption":"Swagykarp"},"image":{"@id":"https:\/\/swagykarp.fi\/en\/#\/schema\/logo\/image\/"},"sameAs":["https:\/\/www.facebook.com\/swagykarp","https:\/\/x.com\/Swagykarp","https:\/\/www.instagram.com\/swagykarp"]}]}},"_links":{"self":[{"href":"https:\/\/swagykarp.fi\/en\/wp-json\/wp\/v2\/product\/15854","targetHints":{"allow":["GET"]}}],"collection":[{"href":"https:\/\/swagykarp.fi\/en\/wp-json\/wp\/v2\/product"}],"about":[{"href":"https:\/\/swagykarp.fi\/en\/wp-json\/wp\/v2\/types\/product"}],"wp:featuredmedia":[{"embeddable":true,"href":"https:\/\/swagykarp.fi\/en\/wp-json\/wp\/v2\/media\/15855"}],"wp:attachment":[{"href":"https:\/\/swagykarp.fi\/en\/wp-json\/wp\/v2\/media?parent=15854"}],"wp:term":[{"taxonomy":"product_brand","embeddable":true,"href":"https:\/\/swagykarp.fi\/en\/wp-json\/wp\/v2\/product_brand?post=15854"},{"taxonomy":"product_cat","embeddable":true,"href":"https:\/\/swagykarp.fi\/en\/wp-json\/wp\/v2\/product_cat?post=15854"},{"taxonomy":"product_tag","embeddable":true,"href":"https:\/\/swagykarp.fi\/en\/wp-json\/wp\/v2\/product_tag?post=15854"}],"curies":[{"name":"wp","href":"https:\/\/api.w.org\/{rel}","templated":true}]}}