{"id":14994,"date":"2026-02-12T15:04:30","date_gmt":"2026-02-12T13:04:30","guid":{"rendered":"https:\/\/swagykarp.fi\/?post_type=product&#038;p=14994"},"modified":"2026-02-12T15:04:32","modified_gmt":"2026-02-12T13:04:32","slug":"origin-forme-palkia-vstar-league-battle-deck","status":"publish","type":"product","link":"https:\/\/swagykarp.fi\/en\/product\/origin-forme-palkia-vstar-league-battle-deck\/","title":{"rendered":"Origin Forme Palkia VSTAR League Battle Deck"},"content":{"rendered":"<p><strong>Boundless Strength from the Wilds of Space-Time!<\/strong><\/p>\n<p>Open a Star Portal to gather power and unleash a Subspace Swell with Origin Forme Palkia VSTAR! This Pok\u00e9mon VSTAR is yours in this powerful, League-ready deck for skilled Pok\u00e9mon TCG players. With premium foil cards, sought-after power cards, and a well-tuned set of Pok\u00e9mon and Trainer cards, the Origin Forme Palkia VSTAR League Battle Deck does more than feature a Legendary Pok\u00e9mon of the Sinnoh region: it puts together all the elements to support you in your next match against friends and neighbors, in person or online!<\/p>\n<p>The Pok\u00e9mon TCG: Origin Forme Palkia VSTAR League Battle Deck includes:<\/p>\n<ul>\n<li>A full, playable 60-card deck loaded with power cards<\/li>\n<li>3 foil cards featuring Origin Forme Palkia V<\/li>\n<li>2 foil cards featuring Origin Forme Palkia VSTAR<\/li>\n<li>1 foil card featuring Radiant Greninja<\/li>\n<li>1 deck box<\/li>\n<li>2 coin condition markers<\/li>\n<li>6 damage-counter dice and 1 competition-legal coin-flip die<\/li>\n<li>1 acrylic VSTAR marker<\/li>\n<li>1 strategy sheet<\/li>\n<li>A code card for Pok\u00e9mon Trading Card Game Live<\/li>\n<\/ul>","protected":false},"excerpt":{"rendered":"<p>Boundless Strength from the Wilds of Space-Time! Open a Star Portal to gather power and unleash a Subspace Swell with Origin Forme Palkia VSTAR! This Pok\u00e9mon VSTAR is yours in [&hellip;]<\/p>\n","protected":false},"featured_media":14999,"template":"","meta":[],"product_brand":[],"product_cat":[299],"product_tag":[],"class_list":{"0":"post-14994","1":"product","2":"type-product","3":"status-publish","4":"has-post-thumbnail","6":"product_cat-battle-deckit","8":"first","9":"instock","10":"taxable","11":"shipping-taxable","12":"purchasable","13":"product-type-simple"},"yoast_head":"<!-- This site is optimized with the Yoast SEO Premium plugin v26.2 (Yoast SEO v27.2) - https:\/\/yoast.com\/product\/yoast-seo-premium-wordpress\/ -->\n<title>Origin Forme Palkia VSTAR League Battle Deck - Swagykarp<\/title>\n<meta name=\"robots\" content=\"index, follow, max-snippet:-1, max-image-preview:large, max-video-preview:-1\" \/>\n<link rel=\"canonical\" href=\"https:\/\/swagykarp.fi\/en\/product\/origin-forme-palkia-vstar-league-battle-deck\/\" \/>\n<meta property=\"og:locale\" content=\"en_GB\" \/>\n<meta property=\"og:type\" content=\"article\" \/>\n<meta property=\"og:title\" content=\"Origin Forme Palkia VSTAR League Battle Deck\" \/>\n<meta property=\"og:description\" content=\"Boundless Strength from the Wilds of Space-Time! Open a Star Portal to gather power and unleash a Subspace Swell with Origin Forme Palkia VSTAR! This Pok\u00e9mon VSTAR is yours in [&hellip;]\" \/>\n<meta property=\"og:url\" content=\"https:\/\/swagykarp.fi\/en\/product\/origin-forme-palkia-vstar-league-battle-deck\/\" \/>\n<meta property=\"og:site_name\" content=\"Swagykarp\" \/>\n<meta property=\"article:publisher\" content=\"https:\/\/www.facebook.com\/swagykarp\" \/>\n<meta property=\"article:modified_time\" content=\"2026-02-12T13:04:32+00:00\" \/>\n<meta property=\"og:image\" content=\"https:\/\/swagykarp.fi\/wp-content\/uploads\/2026\/02\/battle-deck-palkia-v-scaled.webp\" \/>\n\t<meta property=\"og:image:width\" content=\"2560\" \/>\n\t<meta property=\"og:image:height\" content=\"2560\" \/>\n\t<meta property=\"og:image:type\" content=\"image\/webp\" \/>\n<meta name=\"twitter:card\" content=\"summary_large_image\" \/>\n<meta name=\"twitter:site\" content=\"@Swagykarp\" \/>\n<meta name=\"twitter:label1\" content=\"Estimated reading time\" \/>\n\t<meta name=\"twitter:data1\" content=\"2 minutes\" \/>\n<script type=\"application\/ld+json\" class=\"yoast-schema-graph\">{\"@context\":\"https:\/\/schema.org\",\"@graph\":[{\"@type\":\"WebPage\",\"@id\":\"https:\/\/swagykarp.fi\/product\/origin-forme-palkia-vstar-league-battle-deck\/\",\"url\":\"https:\/\/swagykarp.fi\/product\/origin-forme-palkia-vstar-league-battle-deck\/\",\"name\":\"Origin Forme Palkia VSTAR League Battle Deck - Swagykarp\",\"isPartOf\":{\"@id\":\"https:\/\/swagykarp.fi\/en\/#website\"},\"primaryImageOfPage\":{\"@id\":\"https:\/\/swagykarp.fi\/product\/origin-forme-palkia-vstar-league-battle-deck\/#primaryimage\"},\"image\":{\"@id\":\"https:\/\/swagykarp.fi\/product\/origin-forme-palkia-vstar-league-battle-deck\/#primaryimage\"},\"thumbnailUrl\":\"https:\/\/swagykarp.fi\/wp-content\/uploads\/2026\/02\/battle-deck-palkia-v-scaled.webp\",\"datePublished\":\"2026-02-12T13:04:30+00:00\",\"dateModified\":\"2026-02-12T13:04:32+00:00\",\"breadcrumb\":{\"@id\":\"https:\/\/swagykarp.fi\/product\/origin-forme-palkia-vstar-league-battle-deck\/#breadcrumb\"},\"inLanguage\":\"en-GB\",\"potentialAction\":[{\"@type\":\"ReadAction\",\"target\":[\"https:\/\/swagykarp.fi\/product\/origin-forme-palkia-vstar-league-battle-deck\/\"]}]},{\"@type\":\"ImageObject\",\"inLanguage\":\"en-GB\",\"@id\":\"https:\/\/swagykarp.fi\/product\/origin-forme-palkia-vstar-league-battle-deck\/#primaryimage\",\"url\":\"https:\/\/swagykarp.fi\/wp-content\/uploads\/2026\/02\/battle-deck-palkia-v-scaled.webp\",\"contentUrl\":\"https:\/\/swagykarp.fi\/wp-content\/uploads\/2026\/02\/battle-deck-palkia-v-scaled.webp\",\"width\":2560,\"height\":2560},{\"@type\":\"BreadcrumbList\",\"@id\":\"https:\/\/swagykarp.fi\/product\/origin-forme-palkia-vstar-league-battle-deck\/#breadcrumb\",\"itemListElement\":[{\"@type\":\"ListItem\",\"position\":1,\"name\":\"Home\",\"item\":\"https:\/\/swagykarp.fi\/\"},{\"@type\":\"ListItem\",\"position\":2,\"name\":\"Kauppa\",\"item\":\"https:\/\/swagykarp.fi\/kauppa\/\"},{\"@type\":\"ListItem\",\"position\":3,\"name\":\"Origin Forme Palkia VSTAR League Battle Deck\"}]},{\"@type\":\"WebSite\",\"@id\":\"https:\/\/swagykarp.fi\/en\/#website\",\"url\":\"https:\/\/swagykarp.fi\/en\/\",\"name\":\"Swagykarp\",\"description\":\"Pokemon TCG Store\",\"publisher\":{\"@id\":\"https:\/\/swagykarp.fi\/en\/#organization\"},\"potentialAction\":[{\"@type\":\"SearchAction\",\"target\":{\"@type\":\"EntryPoint\",\"urlTemplate\":\"https:\/\/swagykarp.fi\/en\/?s={search_term_string}\"},\"query-input\":{\"@type\":\"PropertyValueSpecification\",\"valueRequired\":true,\"valueName\":\"search_term_string\"}}],\"inLanguage\":\"en-GB\"},{\"@type\":\"Organization\",\"@id\":\"https:\/\/swagykarp.fi\/en\/#organization\",\"name\":\"Swagykarp\",\"url\":\"https:\/\/swagykarp.fi\/en\/\",\"logo\":{\"@type\":\"ImageObject\",\"inLanguage\":\"en-GB\",\"@id\":\"https:\/\/swagykarp.fi\/en\/#\/schema\/logo\/image\/\",\"url\":\"https:\/\/swagykarp.fi\/wp-content\/uploads\/2025\/08\/logo-text.webp\",\"contentUrl\":\"https:\/\/swagykarp.fi\/wp-content\/uploads\/2025\/08\/logo-text.webp\",\"width\":1920,\"height\":1920,\"caption\":\"Swagykarp\"},\"image\":{\"@id\":\"https:\/\/swagykarp.fi\/en\/#\/schema\/logo\/image\/\"},\"sameAs\":[\"https:\/\/www.facebook.com\/swagykarp\",\"https:\/\/x.com\/Swagykarp\",\"https:\/\/www.instagram.com\/swagykarp\"]}]}<\/script>\n<!-- \/ Yoast SEO Premium plugin. -->","yoast_head_json":{"title":"Origin Forme Palkia VSTAR League Battle Deck - Swagykarp","robots":{"index":"index","follow":"follow","max-snippet":"max-snippet:-1","max-image-preview":"max-image-preview:large","max-video-preview":"max-video-preview:-1"},"canonical":"https:\/\/swagykarp.fi\/en\/product\/origin-forme-palkia-vstar-league-battle-deck\/","og_locale":"en_GB","og_type":"article","og_title":"Origin Forme Palkia VSTAR League Battle Deck","og_description":"Boundless Strength from the Wilds of Space-Time! Open a Star Portal to gather power and unleash a Subspace Swell with Origin Forme Palkia VSTAR! This Pok\u00e9mon VSTAR is yours in [&hellip;]","og_url":"https:\/\/swagykarp.fi\/en\/product\/origin-forme-palkia-vstar-league-battle-deck\/","og_site_name":"Swagykarp","article_publisher":"https:\/\/www.facebook.com\/swagykarp","article_modified_time":"2026-02-12T13:04:32+00:00","og_image":[{"width":2560,"height":2560,"url":"https:\/\/swagykarp.fi\/wp-content\/uploads\/2026\/02\/battle-deck-palkia-v-scaled.webp","type":"image\/webp"}],"twitter_card":"summary_large_image","twitter_site":"@Swagykarp","twitter_misc":{"Estimated reading time":"2 minutes"},"schema":{"@context":"https:\/\/schema.org","@graph":[{"@type":"WebPage","@id":"https:\/\/swagykarp.fi\/product\/origin-forme-palkia-vstar-league-battle-deck\/","url":"https:\/\/swagykarp.fi\/product\/origin-forme-palkia-vstar-league-battle-deck\/","name":"Origin Forme Palkia VSTAR League Battle Deck - Swagykarp","isPartOf":{"@id":"https:\/\/swagykarp.fi\/en\/#website"},"primaryImageOfPage":{"@id":"https:\/\/swagykarp.fi\/product\/origin-forme-palkia-vstar-league-battle-deck\/#primaryimage"},"image":{"@id":"https:\/\/swagykarp.fi\/product\/origin-forme-palkia-vstar-league-battle-deck\/#primaryimage"},"thumbnailUrl":"https:\/\/swagykarp.fi\/wp-content\/uploads\/2026\/02\/battle-deck-palkia-v-scaled.webp","datePublished":"2026-02-12T13:04:30+00:00","dateModified":"2026-02-12T13:04:32+00:00","breadcrumb":{"@id":"https:\/\/swagykarp.fi\/product\/origin-forme-palkia-vstar-league-battle-deck\/#breadcrumb"},"inLanguage":"en-GB","potentialAction":[{"@type":"ReadAction","target":["https:\/\/swagykarp.fi\/product\/origin-forme-palkia-vstar-league-battle-deck\/"]}]},{"@type":"ImageObject","inLanguage":"en-GB","@id":"https:\/\/swagykarp.fi\/product\/origin-forme-palkia-vstar-league-battle-deck\/#primaryimage","url":"https:\/\/swagykarp.fi\/wp-content\/uploads\/2026\/02\/battle-deck-palkia-v-scaled.webp","contentUrl":"https:\/\/swagykarp.fi\/wp-content\/uploads\/2026\/02\/battle-deck-palkia-v-scaled.webp","width":2560,"height":2560},{"@type":"BreadcrumbList","@id":"https:\/\/swagykarp.fi\/product\/origin-forme-palkia-vstar-league-battle-deck\/#breadcrumb","itemListElement":[{"@type":"ListItem","position":1,"name":"Home","item":"https:\/\/swagykarp.fi\/"},{"@type":"ListItem","position":2,"name":"Kauppa","item":"https:\/\/swagykarp.fi\/kauppa\/"},{"@type":"ListItem","position":3,"name":"Origin Forme Palkia VSTAR League Battle Deck"}]},{"@type":"WebSite","@id":"https:\/\/swagykarp.fi\/en\/#website","url":"https:\/\/swagykarp.fi\/en\/","name":"Swagykarp","description":"Pokemon TCG Store","publisher":{"@id":"https:\/\/swagykarp.fi\/en\/#organization"},"potentialAction":[{"@type":"SearchAction","target":{"@type":"EntryPoint","urlTemplate":"https:\/\/swagykarp.fi\/en\/?s={search_term_string}"},"query-input":{"@type":"PropertyValueSpecification","valueRequired":true,"valueName":"search_term_string"}}],"inLanguage":"en-GB"},{"@type":"Organization","@id":"https:\/\/swagykarp.fi\/en\/#organization","name":"Swagykarp","url":"https:\/\/swagykarp.fi\/en\/","logo":{"@type":"ImageObject","inLanguage":"en-GB","@id":"https:\/\/swagykarp.fi\/en\/#\/schema\/logo\/image\/","url":"https:\/\/swagykarp.fi\/wp-content\/uploads\/2025\/08\/logo-text.webp","contentUrl":"https:\/\/swagykarp.fi\/wp-content\/uploads\/2025\/08\/logo-text.webp","width":1920,"height":1920,"caption":"Swagykarp"},"image":{"@id":"https:\/\/swagykarp.fi\/en\/#\/schema\/logo\/image\/"},"sameAs":["https:\/\/www.facebook.com\/swagykarp","https:\/\/x.com\/Swagykarp","https:\/\/www.instagram.com\/swagykarp"]}]}},"_links":{"self":[{"href":"https:\/\/swagykarp.fi\/en\/wp-json\/wp\/v2\/product\/14994","targetHints":{"allow":["GET"]}}],"collection":[{"href":"https:\/\/swagykarp.fi\/en\/wp-json\/wp\/v2\/product"}],"about":[{"href":"https:\/\/swagykarp.fi\/en\/wp-json\/wp\/v2\/types\/product"}],"wp:featuredmedia":[{"embeddable":true,"href":"https:\/\/swagykarp.fi\/en\/wp-json\/wp\/v2\/media\/14999"}],"wp:attachment":[{"href":"https:\/\/swagykarp.fi\/en\/wp-json\/wp\/v2\/media?parent=14994"}],"wp:term":[{"taxonomy":"product_brand","embeddable":true,"href":"https:\/\/swagykarp.fi\/en\/wp-json\/wp\/v2\/product_brand?post=14994"},{"taxonomy":"product_cat","embeddable":true,"href":"https:\/\/swagykarp.fi\/en\/wp-json\/wp\/v2\/product_cat?post=14994"},{"taxonomy":"product_tag","embeddable":true,"href":"https:\/\/swagykarp.fi\/en\/wp-json\/wp\/v2\/product_tag?post=14994"}],"curies":[{"name":"wp","href":"https:\/\/api.w.org\/{rel}","templated":true}]}}