{"id":13724,"date":"2025-10-27T20:12:49","date_gmt":"2025-10-27T18:12:49","guid":{"rendered":"https:\/\/swagykarp.fi\/?post_type=product&#038;p=13724"},"modified":"2026-04-15T00:29:08","modified_gmt":"2026-04-14T21:29:08","slug":"elite-trainer-box-phantasmal-flames","status":"publish","type":"product","link":"https:\/\/swagykarp.fi\/en\/product\/elite-trainer-box-phantasmal-flames\/","title":{"rendered":"Elite Trainer Box &#8211; Phantasmal Flames"},"content":{"rendered":"<p><strong>Elite Trainer Box &#8211; Phantasmal Flames<br \/>\nLimited to 2 Per Customer<br \/>\n<\/strong><strong>Release Day: November 14th<\/strong><\/p>\n<p><strong>Ignite a Burning Spirit of Battle!<\/strong><br \/>\nSearing blue flames rip across a dark battlefield as Mega Charizard X ex soars up and looks down upon its opponents! With a deep chill to rival the heat, the shadowy figure of Mega Gengar ex slowly rises into view, and both Pok\u00e9mon prepare to attack. Determined to prove their mettle, Mega Heracross ex, Mega Lopunny ex, and even more Pok\u00e9mon line up to give it their all in the Pok\u00e9mon TCG: Mega Evolution\u2014Phantasmal Flames expansion!<\/p>\n<p><strong>The Pok\u00e9mon TCG: Phantasmal Flames Elite Trainer Box includes:<\/strong><\/p>\n<p>9 Pok\u00e9mon TCG: Phantasmal Flames booster packs<br \/>\nEach booster pack contains 10 cards, 1 Basic Energy, and 1 Pok\u00e9mon TCG Live code card. Cards vary by pack.<br \/>\n1 full-art foil promo card featuring Charcadet<br \/>\n65 card sleeves<br \/>\n40 Pok\u00e9mon TCG Energy cards<br \/>\nA player\u2019s guide to the Mega Evolution expansion<br \/>\n6 damage-counter dice<br \/>\n1 competition-legal coin-flip die<br \/>\n1 plastic coin<br \/>\nA box to hold everything, with 6 dividers to keep it organized<br \/>\nA code card for Pok\u00e9mon Trading Card Game Live<\/p>\n<p><strong>More Details<\/strong><br \/>\nMaterials: paper \/ acrylic \/ polyresin \/ polypropylene<br \/>\nRecommended Age: 6+ Years<br \/>\nItem Weight: 0.8 kg<\/p>","protected":false},"excerpt":{"rendered":"<p>Elite Trainer Box &#8211; Phantasmal Flames Limited to 2 Per Customer Release Day: November 14th Ignite a Burning Spirit of Battle! Searing blue flames rip across a dark battlefield as [&hellip;]<\/p>\n","protected":false},"featured_media":10447,"template":"","meta":[],"product_brand":[],"product_cat":[47,323],"product_tag":[],"class_list":{"0":"post-13724","1":"product","2":"type-product","3":"status-publish","4":"has-post-thumbnail","6":"product_cat-elite-trainer-boxes","7":"product_cat-phantasmal-flames","9":"first","10":"outofstock","11":"taxable","12":"shipping-taxable","13":"purchasable","14":"product-type-simple"},"yoast_head":"<!-- This site is optimized with the Yoast SEO Premium plugin v26.2 (Yoast SEO v27.2) - https:\/\/yoast.com\/product\/yoast-seo-premium-wordpress\/ -->\n<title>Elite Trainer Box - Phantasmal Flames - Swagykarp<\/title>\n<meta name=\"robots\" content=\"index, follow, max-snippet:-1, max-image-preview:large, max-video-preview:-1\" \/>\n<link rel=\"canonical\" href=\"https:\/\/swagykarp.fi\/en\/product\/elite-trainer-box-phantasmal-flames\/\" \/>\n<meta property=\"og:locale\" content=\"en_GB\" \/>\n<meta property=\"og:type\" content=\"article\" \/>\n<meta property=\"og:title\" content=\"Elite Trainer Box - Phantasmal Flames\" \/>\n<meta property=\"og:description\" content=\"Elite Trainer Box &#8211; Phantasmal Flames Limited to 2 Per Customer Release Day: November 14th Ignite a Burning Spirit of Battle! Searing blue flames rip across a dark battlefield as [&hellip;]\" \/>\n<meta property=\"og:url\" content=\"https:\/\/swagykarp.fi\/en\/product\/elite-trainer-box-phantasmal-flames\/\" \/>\n<meta property=\"og:site_name\" content=\"Swagykarp\" \/>\n<meta property=\"article:publisher\" content=\"https:\/\/www.facebook.com\/swagykarp\" \/>\n<meta property=\"article:modified_time\" content=\"2026-04-14T21:29:08+00:00\" \/>\n<meta property=\"og:image\" content=\"https:\/\/swagykarp.fi\/wp-content\/uploads\/2025\/10\/elite-trainer-box-phantasmal-flames-scaled-1.webp\" \/>\n\t<meta property=\"og:image:width\" content=\"2560\" \/>\n\t<meta property=\"og:image:height\" content=\"2560\" \/>\n\t<meta property=\"og:image:type\" content=\"image\/webp\" \/>\n<meta name=\"twitter:card\" content=\"summary_large_image\" \/>\n<meta name=\"twitter:site\" content=\"@Swagykarp\" \/>\n<meta name=\"twitter:label1\" content=\"Estimated reading time\" \/>\n\t<meta name=\"twitter:data1\" content=\"2 minutes\" \/>\n<script type=\"application\/ld+json\" class=\"yoast-schema-graph\">{\"@context\":\"https:\/\/schema.org\",\"@graph\":[{\"@type\":\"WebPage\",\"@id\":\"https:\/\/swagykarp.fi\/product\/elite-trainer-box-phantasmal-flames\/\",\"url\":\"https:\/\/swagykarp.fi\/product\/elite-trainer-box-phantasmal-flames\/\",\"name\":\"Elite Trainer Box - Phantasmal Flames - Swagykarp\",\"isPartOf\":{\"@id\":\"https:\/\/swagykarp.fi\/en\/#website\"},\"primaryImageOfPage\":{\"@id\":\"https:\/\/swagykarp.fi\/product\/elite-trainer-box-phantasmal-flames\/#primaryimage\"},\"image\":{\"@id\":\"https:\/\/swagykarp.fi\/product\/elite-trainer-box-phantasmal-flames\/#primaryimage\"},\"thumbnailUrl\":\"https:\/\/swagykarp.fi\/wp-content\/uploads\/2025\/10\/elite-trainer-box-phantasmal-flames-scaled-1.webp\",\"datePublished\":\"2025-10-27T18:12:49+00:00\",\"dateModified\":\"2026-04-14T21:29:08+00:00\",\"breadcrumb\":{\"@id\":\"https:\/\/swagykarp.fi\/product\/elite-trainer-box-phantasmal-flames\/#breadcrumb\"},\"inLanguage\":\"en-GB\",\"potentialAction\":[{\"@type\":\"ReadAction\",\"target\":[\"https:\/\/swagykarp.fi\/product\/elite-trainer-box-phantasmal-flames\/\"]}]},{\"@type\":\"ImageObject\",\"inLanguage\":\"en-GB\",\"@id\":\"https:\/\/swagykarp.fi\/product\/elite-trainer-box-phantasmal-flames\/#primaryimage\",\"url\":\"https:\/\/swagykarp.fi\/wp-content\/uploads\/2025\/10\/elite-trainer-box-phantasmal-flames-scaled-1.webp\",\"contentUrl\":\"https:\/\/swagykarp.fi\/wp-content\/uploads\/2025\/10\/elite-trainer-box-phantasmal-flames-scaled-1.webp\",\"width\":2560,\"height\":2560,\"caption\":\"Elite Trainer Box - Phantasmal Flames\"},{\"@type\":\"BreadcrumbList\",\"@id\":\"https:\/\/swagykarp.fi\/product\/elite-trainer-box-phantasmal-flames\/#breadcrumb\",\"itemListElement\":[{\"@type\":\"ListItem\",\"position\":1,\"name\":\"Home\",\"item\":\"https:\/\/swagykarp.fi\/\"},{\"@type\":\"ListItem\",\"position\":2,\"name\":\"Kauppa\",\"item\":\"https:\/\/swagykarp.fi\/kauppa\/\"},{\"@type\":\"ListItem\",\"position\":3,\"name\":\"Elite Trainer Box &#8211; Phantasmal Flames\"}]},{\"@type\":\"WebSite\",\"@id\":\"https:\/\/swagykarp.fi\/en\/#website\",\"url\":\"https:\/\/swagykarp.fi\/en\/\",\"name\":\"Swagykarp\",\"description\":\"Pokemon TCG Store\",\"publisher\":{\"@id\":\"https:\/\/swagykarp.fi\/en\/#organization\"},\"potentialAction\":[{\"@type\":\"SearchAction\",\"target\":{\"@type\":\"EntryPoint\",\"urlTemplate\":\"https:\/\/swagykarp.fi\/en\/?s={search_term_string}\"},\"query-input\":{\"@type\":\"PropertyValueSpecification\",\"valueRequired\":true,\"valueName\":\"search_term_string\"}}],\"inLanguage\":\"en-GB\"},{\"@type\":\"Organization\",\"@id\":\"https:\/\/swagykarp.fi\/en\/#organization\",\"name\":\"Swagykarp\",\"url\":\"https:\/\/swagykarp.fi\/en\/\",\"logo\":{\"@type\":\"ImageObject\",\"inLanguage\":\"en-GB\",\"@id\":\"https:\/\/swagykarp.fi\/en\/#\/schema\/logo\/image\/\",\"url\":\"https:\/\/swagykarp.fi\/wp-content\/uploads\/2025\/08\/logo-text.webp\",\"contentUrl\":\"https:\/\/swagykarp.fi\/wp-content\/uploads\/2025\/08\/logo-text.webp\",\"width\":1920,\"height\":1920,\"caption\":\"Swagykarp\"},\"image\":{\"@id\":\"https:\/\/swagykarp.fi\/en\/#\/schema\/logo\/image\/\"},\"sameAs\":[\"https:\/\/www.facebook.com\/swagykarp\",\"https:\/\/x.com\/Swagykarp\",\"https:\/\/www.instagram.com\/swagykarp\"]}]}<\/script>\n<!-- \/ Yoast SEO Premium plugin. -->","yoast_head_json":{"title":"Elite Trainer Box - Phantasmal Flames - Swagykarp","robots":{"index":"index","follow":"follow","max-snippet":"max-snippet:-1","max-image-preview":"max-image-preview:large","max-video-preview":"max-video-preview:-1"},"canonical":"https:\/\/swagykarp.fi\/en\/product\/elite-trainer-box-phantasmal-flames\/","og_locale":"en_GB","og_type":"article","og_title":"Elite Trainer Box - Phantasmal Flames","og_description":"Elite Trainer Box &#8211; Phantasmal Flames Limited to 2 Per Customer Release Day: November 14th Ignite a Burning Spirit of Battle! Searing blue flames rip across a dark battlefield as [&hellip;]","og_url":"https:\/\/swagykarp.fi\/en\/product\/elite-trainer-box-phantasmal-flames\/","og_site_name":"Swagykarp","article_publisher":"https:\/\/www.facebook.com\/swagykarp","article_modified_time":"2026-04-14T21:29:08+00:00","og_image":[{"width":2560,"height":2560,"url":"https:\/\/swagykarp.fi\/wp-content\/uploads\/2025\/10\/elite-trainer-box-phantasmal-flames-scaled-1.webp","type":"image\/webp"}],"twitter_card":"summary_large_image","twitter_site":"@Swagykarp","twitter_misc":{"Estimated reading time":"2 minutes"},"schema":{"@context":"https:\/\/schema.org","@graph":[{"@type":"WebPage","@id":"https:\/\/swagykarp.fi\/product\/elite-trainer-box-phantasmal-flames\/","url":"https:\/\/swagykarp.fi\/product\/elite-trainer-box-phantasmal-flames\/","name":"Elite Trainer Box - Phantasmal Flames - Swagykarp","isPartOf":{"@id":"https:\/\/swagykarp.fi\/en\/#website"},"primaryImageOfPage":{"@id":"https:\/\/swagykarp.fi\/product\/elite-trainer-box-phantasmal-flames\/#primaryimage"},"image":{"@id":"https:\/\/swagykarp.fi\/product\/elite-trainer-box-phantasmal-flames\/#primaryimage"},"thumbnailUrl":"https:\/\/swagykarp.fi\/wp-content\/uploads\/2025\/10\/elite-trainer-box-phantasmal-flames-scaled-1.webp","datePublished":"2025-10-27T18:12:49+00:00","dateModified":"2026-04-14T21:29:08+00:00","breadcrumb":{"@id":"https:\/\/swagykarp.fi\/product\/elite-trainer-box-phantasmal-flames\/#breadcrumb"},"inLanguage":"en-GB","potentialAction":[{"@type":"ReadAction","target":["https:\/\/swagykarp.fi\/product\/elite-trainer-box-phantasmal-flames\/"]}]},{"@type":"ImageObject","inLanguage":"en-GB","@id":"https:\/\/swagykarp.fi\/product\/elite-trainer-box-phantasmal-flames\/#primaryimage","url":"https:\/\/swagykarp.fi\/wp-content\/uploads\/2025\/10\/elite-trainer-box-phantasmal-flames-scaled-1.webp","contentUrl":"https:\/\/swagykarp.fi\/wp-content\/uploads\/2025\/10\/elite-trainer-box-phantasmal-flames-scaled-1.webp","width":2560,"height":2560,"caption":"Elite Trainer Box - Phantasmal Flames"},{"@type":"BreadcrumbList","@id":"https:\/\/swagykarp.fi\/product\/elite-trainer-box-phantasmal-flames\/#breadcrumb","itemListElement":[{"@type":"ListItem","position":1,"name":"Home","item":"https:\/\/swagykarp.fi\/"},{"@type":"ListItem","position":2,"name":"Kauppa","item":"https:\/\/swagykarp.fi\/kauppa\/"},{"@type":"ListItem","position":3,"name":"Elite Trainer Box &#8211; Phantasmal Flames"}]},{"@type":"WebSite","@id":"https:\/\/swagykarp.fi\/en\/#website","url":"https:\/\/swagykarp.fi\/en\/","name":"Swagykarp","description":"Pokemon TCG Store","publisher":{"@id":"https:\/\/swagykarp.fi\/en\/#organization"},"potentialAction":[{"@type":"SearchAction","target":{"@type":"EntryPoint","urlTemplate":"https:\/\/swagykarp.fi\/en\/?s={search_term_string}"},"query-input":{"@type":"PropertyValueSpecification","valueRequired":true,"valueName":"search_term_string"}}],"inLanguage":"en-GB"},{"@type":"Organization","@id":"https:\/\/swagykarp.fi\/en\/#organization","name":"Swagykarp","url":"https:\/\/swagykarp.fi\/en\/","logo":{"@type":"ImageObject","inLanguage":"en-GB","@id":"https:\/\/swagykarp.fi\/en\/#\/schema\/logo\/image\/","url":"https:\/\/swagykarp.fi\/wp-content\/uploads\/2025\/08\/logo-text.webp","contentUrl":"https:\/\/swagykarp.fi\/wp-content\/uploads\/2025\/08\/logo-text.webp","width":1920,"height":1920,"caption":"Swagykarp"},"image":{"@id":"https:\/\/swagykarp.fi\/en\/#\/schema\/logo\/image\/"},"sameAs":["https:\/\/www.facebook.com\/swagykarp","https:\/\/x.com\/Swagykarp","https:\/\/www.instagram.com\/swagykarp"]}]}},"_links":{"self":[{"href":"https:\/\/swagykarp.fi\/en\/wp-json\/wp\/v2\/product\/13724","targetHints":{"allow":["GET"]}}],"collection":[{"href":"https:\/\/swagykarp.fi\/en\/wp-json\/wp\/v2\/product"}],"about":[{"href":"https:\/\/swagykarp.fi\/en\/wp-json\/wp\/v2\/types\/product"}],"wp:featuredmedia":[{"embeddable":true,"href":"https:\/\/swagykarp.fi\/en\/wp-json\/wp\/v2\/media\/10447"}],"wp:attachment":[{"href":"https:\/\/swagykarp.fi\/en\/wp-json\/wp\/v2\/media?parent=13724"}],"wp:term":[{"taxonomy":"product_brand","embeddable":true,"href":"https:\/\/swagykarp.fi\/en\/wp-json\/wp\/v2\/product_brand?post=13724"},{"taxonomy":"product_cat","embeddable":true,"href":"https:\/\/swagykarp.fi\/en\/wp-json\/wp\/v2\/product_cat?post=13724"},{"taxonomy":"product_tag","embeddable":true,"href":"https:\/\/swagykarp.fi\/en\/wp-json\/wp\/v2\/product_tag?post=13724"}],"curies":[{"name":"wp","href":"https:\/\/api.w.org\/{rel}","templated":true}]}}