{"id":124,"date":"2025-10-19T10:25:05","date_gmt":"2025-10-19T07:25:05","guid":{"rendered":"https:\/\/swagykarp.fi\/?post_type=product&#038;p=124"},"modified":"2025-10-30T14:59:53","modified_gmt":"2025-10-30T12:59:53","slug":"pokemon-go-elite-trainer-box","status":"publish","type":"product","link":"https:\/\/swagykarp.fi\/en\/product\/pokemon-go-elite-trainer-box\/","title":{"rendered":"Pok\u00e9mon Go! Elite Trainer Box"},"content":{"rendered":"<p>Gear up for battle like never before as Pok\u00e9mon GO meets the Pok\u00e9mon Trading Card Game! Dragonite VSTAR and Mewtwo VSTAR show off immense powers, while Melmetal VMAX in its Gigantamax form smashes the competition. Appearing as sought-after Shiny Pok\u00e9mon, Radiant Venusaur, Radiant Charizard, and Radiant Blastoise bring dazzling new strategies to the battlefield. Meanwhile, the leaders of Team Instinct, Team Mystic, and Team Valor are ready to show their support in the Pok\u00e9mon TCG: Pok\u00e9mon GO expansion!<\/p>\n<p>The Pok\u00e9mon TCG: Pok\u00e9mon GO Elite Trainer Box includes:<\/p>\n<ul>\n<li>10 Pok\u00e9mon TCG: Pok\u00e9mon GO booster packs<\/li>\n<li>1 foil promo card featuring Mewtwo V<\/li>\n<li>65 card sleeves featuring Mewtwo<\/li>\n<li>45 Pok\u00e9mon TCG Energy cards<\/li>\n<li>A player\u2019s guide to the Pok\u00e9mon GO expansion<\/li>\n<li>6 damage-counter dice<\/li>\n<li>1 competition-legal coin-flip die<\/li>\n<li>2 acrylic condition markers<\/li>\n<li>1 acrylic VSTAR marker<\/li>\n<li>A collector\u2019s box to hold everything, with 4 dividers to keep it organized<\/li>\n<li>A code card for Pok\u00e9mon Trading Card Game Live<\/li>\n<\/ul>","protected":false},"excerpt":{"rendered":"<p>Gear up for battle like never before as Pok\u00e9mon GO meets the Pok\u00e9mon Trading Card Game! Dragonite VSTAR and Mewtwo VSTAR show off immense powers, while Melmetal VMAX in its [&hellip;]<\/p>\n","protected":false},"featured_media":1683,"template":"","meta":[],"product_brand":[],"product_cat":[47],"product_tag":[],"class_list":{"0":"post-124","1":"product","2":"type-product","3":"status-publish","4":"has-post-thumbnail","6":"product_cat-elite-trainer-boxes","8":"first","9":"outofstock","10":"taxable","11":"shipping-taxable","12":"purchasable","13":"product-type-simple"},"yoast_head":"<!-- This site is optimized with the Yoast SEO Premium plugin v26.2 (Yoast SEO v27.2) - https:\/\/yoast.com\/product\/yoast-seo-premium-wordpress\/ -->\n<title>Pok\u00e9mon Go! Elite Trainer Box - Swagykarp<\/title>\n<meta name=\"robots\" content=\"index, follow, max-snippet:-1, max-image-preview:large, max-video-preview:-1\" \/>\n<link rel=\"canonical\" href=\"https:\/\/swagykarp.fi\/en\/product\/pokemon-go-elite-trainer-box\/\" \/>\n<meta property=\"og:locale\" content=\"en_GB\" \/>\n<meta property=\"og:type\" content=\"article\" \/>\n<meta property=\"og:title\" content=\"Pok\u00e9mon Go! Elite Trainer Box\" \/>\n<meta property=\"og:description\" content=\"Gear up for battle like never before as Pok\u00e9mon GO meets the Pok\u00e9mon Trading Card Game! Dragonite VSTAR and Mewtwo VSTAR show off immense powers, while Melmetal VMAX in its [&hellip;]\" \/>\n<meta property=\"og:url\" content=\"https:\/\/swagykarp.fi\/en\/product\/pokemon-go-elite-trainer-box\/\" \/>\n<meta property=\"og:site_name\" content=\"Swagykarp\" \/>\n<meta property=\"article:publisher\" content=\"https:\/\/www.facebook.com\/swagykarp\" \/>\n<meta property=\"article:modified_time\" content=\"2025-10-30T12:59:53+00:00\" \/>\n<meta property=\"og:image\" content=\"https:\/\/swagykarp.fi\/wp-content\/uploads\/2025\/10\/elite-trainer-box-pokemon-go.webp\" \/>\n\t<meta property=\"og:image:width\" content=\"1080\" \/>\n\t<meta property=\"og:image:height\" content=\"1080\" \/>\n\t<meta property=\"og:image:type\" content=\"image\/webp\" \/>\n<meta name=\"twitter:card\" content=\"summary_large_image\" \/>\n<meta name=\"twitter:site\" content=\"@Swagykarp\" \/>\n<meta name=\"twitter:label1\" content=\"Estimated reading time\" \/>\n\t<meta name=\"twitter:data1\" content=\"2 minutes\" \/>\n<script type=\"application\/ld+json\" class=\"yoast-schema-graph\">{\"@context\":\"https:\/\/schema.org\",\"@graph\":[{\"@type\":\"WebPage\",\"@id\":\"https:\/\/swagykarp.fi\/product\/pokemon-go-elite-trainer-box\/\",\"url\":\"https:\/\/swagykarp.fi\/product\/pokemon-go-elite-trainer-box\/\",\"name\":\"Pok\u00e9mon Go! Elite Trainer Box - Swagykarp\",\"isPartOf\":{\"@id\":\"https:\/\/swagykarp.fi\/en\/#website\"},\"primaryImageOfPage\":{\"@id\":\"https:\/\/swagykarp.fi\/product\/pokemon-go-elite-trainer-box\/#primaryimage\"},\"image\":{\"@id\":\"https:\/\/swagykarp.fi\/product\/pokemon-go-elite-trainer-box\/#primaryimage\"},\"thumbnailUrl\":\"https:\/\/swagykarp.fi\/wp-content\/uploads\/2025\/10\/elite-trainer-box-pokemon-go.webp\",\"datePublished\":\"2025-10-19T07:25:05+00:00\",\"dateModified\":\"2025-10-30T12:59:53+00:00\",\"breadcrumb\":{\"@id\":\"https:\/\/swagykarp.fi\/product\/pokemon-go-elite-trainer-box\/#breadcrumb\"},\"inLanguage\":\"en-GB\",\"potentialAction\":[{\"@type\":\"ReadAction\",\"target\":[\"https:\/\/swagykarp.fi\/product\/pokemon-go-elite-trainer-box\/\"]}]},{\"@type\":\"ImageObject\",\"inLanguage\":\"en-GB\",\"@id\":\"https:\/\/swagykarp.fi\/product\/pokemon-go-elite-trainer-box\/#primaryimage\",\"url\":\"https:\/\/swagykarp.fi\/wp-content\/uploads\/2025\/10\/elite-trainer-box-pokemon-go.webp\",\"contentUrl\":\"https:\/\/swagykarp.fi\/wp-content\/uploads\/2025\/10\/elite-trainer-box-pokemon-go.webp\",\"width\":1080,\"height\":1080},{\"@type\":\"BreadcrumbList\",\"@id\":\"https:\/\/swagykarp.fi\/product\/pokemon-go-elite-trainer-box\/#breadcrumb\",\"itemListElement\":[{\"@type\":\"ListItem\",\"position\":1,\"name\":\"Home\",\"item\":\"https:\/\/swagykarp.fi\/\"},{\"@type\":\"ListItem\",\"position\":2,\"name\":\"Kauppa\",\"item\":\"https:\/\/swagykarp.fi\/kauppa\/\"},{\"@type\":\"ListItem\",\"position\":3,\"name\":\"Pok\u00e9mon Go! Elite Trainer Box\"}]},{\"@type\":\"WebSite\",\"@id\":\"https:\/\/swagykarp.fi\/en\/#website\",\"url\":\"https:\/\/swagykarp.fi\/en\/\",\"name\":\"Swagykarp\",\"description\":\"Pokemon TCG Store\",\"publisher\":{\"@id\":\"https:\/\/swagykarp.fi\/en\/#organization\"},\"potentialAction\":[{\"@type\":\"SearchAction\",\"target\":{\"@type\":\"EntryPoint\",\"urlTemplate\":\"https:\/\/swagykarp.fi\/en\/?s={search_term_string}\"},\"query-input\":{\"@type\":\"PropertyValueSpecification\",\"valueRequired\":true,\"valueName\":\"search_term_string\"}}],\"inLanguage\":\"en-GB\"},{\"@type\":\"Organization\",\"@id\":\"https:\/\/swagykarp.fi\/en\/#organization\",\"name\":\"Swagykarp\",\"url\":\"https:\/\/swagykarp.fi\/en\/\",\"logo\":{\"@type\":\"ImageObject\",\"inLanguage\":\"en-GB\",\"@id\":\"https:\/\/swagykarp.fi\/en\/#\/schema\/logo\/image\/\",\"url\":\"https:\/\/swagykarp.fi\/wp-content\/uploads\/2025\/08\/logo-text.webp\",\"contentUrl\":\"https:\/\/swagykarp.fi\/wp-content\/uploads\/2025\/08\/logo-text.webp\",\"width\":1920,\"height\":1920,\"caption\":\"Swagykarp\"},\"image\":{\"@id\":\"https:\/\/swagykarp.fi\/en\/#\/schema\/logo\/image\/\"},\"sameAs\":[\"https:\/\/www.facebook.com\/swagykarp\",\"https:\/\/x.com\/Swagykarp\",\"https:\/\/www.instagram.com\/swagykarp\"]}]}<\/script>\n<!-- \/ Yoast SEO Premium plugin. -->","yoast_head_json":{"title":"Pok\u00e9mon Go! Elite Trainer Box - Swagykarp","robots":{"index":"index","follow":"follow","max-snippet":"max-snippet:-1","max-image-preview":"max-image-preview:large","max-video-preview":"max-video-preview:-1"},"canonical":"https:\/\/swagykarp.fi\/en\/product\/pokemon-go-elite-trainer-box\/","og_locale":"en_GB","og_type":"article","og_title":"Pok\u00e9mon Go! Elite Trainer Box","og_description":"Gear up for battle like never before as Pok\u00e9mon GO meets the Pok\u00e9mon Trading Card Game! Dragonite VSTAR and Mewtwo VSTAR show off immense powers, while Melmetal VMAX in its [&hellip;]","og_url":"https:\/\/swagykarp.fi\/en\/product\/pokemon-go-elite-trainer-box\/","og_site_name":"Swagykarp","article_publisher":"https:\/\/www.facebook.com\/swagykarp","article_modified_time":"2025-10-30T12:59:53+00:00","og_image":[{"width":1080,"height":1080,"url":"https:\/\/swagykarp.fi\/wp-content\/uploads\/2025\/10\/elite-trainer-box-pokemon-go.webp","type":"image\/webp"}],"twitter_card":"summary_large_image","twitter_site":"@Swagykarp","twitter_misc":{"Estimated reading time":"2 minutes"},"schema":{"@context":"https:\/\/schema.org","@graph":[{"@type":"WebPage","@id":"https:\/\/swagykarp.fi\/product\/pokemon-go-elite-trainer-box\/","url":"https:\/\/swagykarp.fi\/product\/pokemon-go-elite-trainer-box\/","name":"Pok\u00e9mon Go! Elite Trainer Box - Swagykarp","isPartOf":{"@id":"https:\/\/swagykarp.fi\/en\/#website"},"primaryImageOfPage":{"@id":"https:\/\/swagykarp.fi\/product\/pokemon-go-elite-trainer-box\/#primaryimage"},"image":{"@id":"https:\/\/swagykarp.fi\/product\/pokemon-go-elite-trainer-box\/#primaryimage"},"thumbnailUrl":"https:\/\/swagykarp.fi\/wp-content\/uploads\/2025\/10\/elite-trainer-box-pokemon-go.webp","datePublished":"2025-10-19T07:25:05+00:00","dateModified":"2025-10-30T12:59:53+00:00","breadcrumb":{"@id":"https:\/\/swagykarp.fi\/product\/pokemon-go-elite-trainer-box\/#breadcrumb"},"inLanguage":"en-GB","potentialAction":[{"@type":"ReadAction","target":["https:\/\/swagykarp.fi\/product\/pokemon-go-elite-trainer-box\/"]}]},{"@type":"ImageObject","inLanguage":"en-GB","@id":"https:\/\/swagykarp.fi\/product\/pokemon-go-elite-trainer-box\/#primaryimage","url":"https:\/\/swagykarp.fi\/wp-content\/uploads\/2025\/10\/elite-trainer-box-pokemon-go.webp","contentUrl":"https:\/\/swagykarp.fi\/wp-content\/uploads\/2025\/10\/elite-trainer-box-pokemon-go.webp","width":1080,"height":1080},{"@type":"BreadcrumbList","@id":"https:\/\/swagykarp.fi\/product\/pokemon-go-elite-trainer-box\/#breadcrumb","itemListElement":[{"@type":"ListItem","position":1,"name":"Home","item":"https:\/\/swagykarp.fi\/"},{"@type":"ListItem","position":2,"name":"Kauppa","item":"https:\/\/swagykarp.fi\/kauppa\/"},{"@type":"ListItem","position":3,"name":"Pok\u00e9mon Go! Elite Trainer Box"}]},{"@type":"WebSite","@id":"https:\/\/swagykarp.fi\/en\/#website","url":"https:\/\/swagykarp.fi\/en\/","name":"Swagykarp","description":"Pokemon TCG Store","publisher":{"@id":"https:\/\/swagykarp.fi\/en\/#organization"},"potentialAction":[{"@type":"SearchAction","target":{"@type":"EntryPoint","urlTemplate":"https:\/\/swagykarp.fi\/en\/?s={search_term_string}"},"query-input":{"@type":"PropertyValueSpecification","valueRequired":true,"valueName":"search_term_string"}}],"inLanguage":"en-GB"},{"@type":"Organization","@id":"https:\/\/swagykarp.fi\/en\/#organization","name":"Swagykarp","url":"https:\/\/swagykarp.fi\/en\/","logo":{"@type":"ImageObject","inLanguage":"en-GB","@id":"https:\/\/swagykarp.fi\/en\/#\/schema\/logo\/image\/","url":"https:\/\/swagykarp.fi\/wp-content\/uploads\/2025\/08\/logo-text.webp","contentUrl":"https:\/\/swagykarp.fi\/wp-content\/uploads\/2025\/08\/logo-text.webp","width":1920,"height":1920,"caption":"Swagykarp"},"image":{"@id":"https:\/\/swagykarp.fi\/en\/#\/schema\/logo\/image\/"},"sameAs":["https:\/\/www.facebook.com\/swagykarp","https:\/\/x.com\/Swagykarp","https:\/\/www.instagram.com\/swagykarp"]}]}},"_links":{"self":[{"href":"https:\/\/swagykarp.fi\/en\/wp-json\/wp\/v2\/product\/124","targetHints":{"allow":["GET"]}}],"collection":[{"href":"https:\/\/swagykarp.fi\/en\/wp-json\/wp\/v2\/product"}],"about":[{"href":"https:\/\/swagykarp.fi\/en\/wp-json\/wp\/v2\/types\/product"}],"wp:featuredmedia":[{"embeddable":true,"href":"https:\/\/swagykarp.fi\/en\/wp-json\/wp\/v2\/media\/1683"}],"wp:attachment":[{"href":"https:\/\/swagykarp.fi\/en\/wp-json\/wp\/v2\/media?parent=124"}],"wp:term":[{"taxonomy":"product_brand","embeddable":true,"href":"https:\/\/swagykarp.fi\/en\/wp-json\/wp\/v2\/product_brand?post=124"},{"taxonomy":"product_cat","embeddable":true,"href":"https:\/\/swagykarp.fi\/en\/wp-json\/wp\/v2\/product_cat?post=124"},{"taxonomy":"product_tag","embeddable":true,"href":"https:\/\/swagykarp.fi\/en\/wp-json\/wp\/v2\/product_tag?post=124"}],"curies":[{"name":"wp","href":"https:\/\/api.w.org\/{rel}","templated":true}]}}