{"id":12345,"date":"2025-11-04T20:35:02","date_gmt":"2025-11-04T18:35:02","guid":{"rendered":"https:\/\/swagykarp.fi\/?post_type=product&#038;p=12345"},"modified":"2026-01-09T00:47:26","modified_gmt":"2026-01-08T22:47:26","slug":"gengar-blind-box-shadow-of-the-blue-sea-simplified-chinese-pokemon","status":"publish","type":"product","link":"https:\/\/swagykarp.fi\/en\/product\/gengar-blind-box-shadow-of-the-blue-sea-simplified-chinese-pokemon\/","title":{"rendered":"Gengar Blind Box &#8211; Shadow of the Blue Sea &#8211; Simplified Chinese Pok\u00e9mon"},"content":{"rendered":"<p><strong>Gengar Blind Box &#8211; Shadow of the Blue Sea &#8211; Simplified Chinese Pok\u00e9mon<br \/>\nEach Blind Box Contains:<\/strong><\/p>\n<p>1x RANDOM Themed Rubber Card Holder<br \/>\n1x RANDOM Themed Pokemon Card (will match the card holder)<br \/>\n1x RANDOM Shadow of the Blue Sea Jumbo Booster Pack (25 cards)<\/p>\n<p>The Gengar Blind Box was released to commemorate the Shadow of the Blue Sea release in China. These exclusive blind boxes showcase beloved Pok\u00e9mon such as Gengar, Gardevoir, Hisuian Growlithe and Altaria. Each box is random from a total of 13x unique designs.<\/p>\n<p>Sword &amp; Shield: Shadow of the Blue Sea features the famous Lugia and Giratina on the booster pack design. The latest release from Pok\u00e9mon China includes cards from the Pok\u00e9mon Sword and Shield era, specifically from the Lost Abyss and Incandescent Arcana Japanese Pok\u00e9mon sets. Chase cards from the set include Lugia V alternate art and the Giratina V alternate art. This set also features never seen before artwork design of Zapdos, exclusive to Simplified Chinese Pok\u00e9mon.<\/p>","protected":false},"excerpt":{"rendered":"<p>Gengar Blind Box &#8211; Shadow of the Blue Sea &#8211; Simplified Chinese Pok\u00e9mon Each Blind Box Contains: 1x RANDOM Themed Rubber Card Holder 1x RANDOM Themed Pokemon Card (will match [&hellip;]<\/p>\n","protected":false},"featured_media":12357,"template":"","meta":[],"product_brand":[],"product_cat":[45],"product_tag":[237],"class_list":{"0":"post-12345","1":"product","2":"type-product","3":"status-publish","4":"has-post-thumbnail","6":"product_cat-collection-boxit","7":"product_tag-chinese","9":"first","10":"outofstock","11":"taxable","12":"shipping-taxable","13":"purchasable","14":"product-type-simple"},"yoast_head":"<!-- This site is optimized with the Yoast SEO Premium plugin v26.2 (Yoast SEO v27.4) - https:\/\/yoast.com\/product\/yoast-seo-premium-wordpress\/ -->\n<title>Gengar Blind Box - Shadow of the Blue Sea - Simplified Chinese Pok\u00e9mon - Swagykarp<\/title>\n<meta name=\"description\" content=\"1x RANDOM Themed Rubber Card Holder 1x RANDOM Themed Pokemon Card (will match the card holder) 1x RANDOM Brave Stars Jumbo Booster Pack (25 cards)\" \/>\n<meta name=\"robots\" content=\"index, follow, max-snippet:-1, max-image-preview:large, max-video-preview:-1\" \/>\n<link rel=\"canonical\" href=\"https:\/\/swagykarp.fi\/en\/product\/gengar-blind-box-shadow-of-the-blue-sea-simplified-chinese-pokemon\/\" \/>\n<meta property=\"og:locale\" content=\"en_GB\" \/>\n<meta property=\"og:type\" content=\"article\" \/>\n<meta property=\"og:title\" content=\"Gengar Blind Box - Shadow of the Blue Sea - Simplified Chinese Pok\u00e9mon\" \/>\n<meta property=\"og:description\" content=\"1x RANDOM Themed Rubber Card Holder 1x RANDOM Themed Pokemon Card (will match the card holder) 1x RANDOM Brave Stars Jumbo Booster Pack (25 cards)\" \/>\n<meta property=\"og:url\" content=\"https:\/\/swagykarp.fi\/en\/product\/gengar-blind-box-shadow-of-the-blue-sea-simplified-chinese-pokemon\/\" \/>\n<meta property=\"og:site_name\" content=\"Swagykarp\" \/>\n<meta property=\"article:publisher\" content=\"https:\/\/www.facebook.com\/swagykarp\" \/>\n<meta property=\"article:modified_time\" content=\"2026-01-08T22:47:26+00:00\" \/>\n<meta property=\"og:image\" content=\"https:\/\/swagykarp.fi\/wp-content\/uploads\/2025\/11\/blind-box-gengar-scaled.webp\" \/>\n\t<meta property=\"og:image:width\" content=\"2560\" \/>\n\t<meta property=\"og:image:height\" content=\"2560\" \/>\n\t<meta property=\"og:image:type\" content=\"image\/webp\" \/>\n<meta name=\"twitter:card\" content=\"summary_large_image\" \/>\n<meta name=\"twitter:site\" content=\"@Swagykarp\" \/>\n<meta name=\"twitter:label1\" content=\"Estimated reading time\" \/>\n\t<meta name=\"twitter:data1\" content=\"2 minutes\" \/>\n<script type=\"application\/ld+json\" class=\"yoast-schema-graph\">{\"@context\":\"https:\\\/\\\/schema.org\",\"@graph\":[{\"@type\":\"WebPage\",\"@id\":\"https:\\\/\\\/swagykarp.fi\\\/product\\\/gengar-blind-box-shadow-of-the-blue-sea-simplified-chinese-pokemon\\\/\",\"url\":\"https:\\\/\\\/swagykarp.fi\\\/product\\\/gengar-blind-box-shadow-of-the-blue-sea-simplified-chinese-pokemon\\\/\",\"name\":\"Gengar Blind Box - Shadow of the Blue Sea - Simplified Chinese Pok\u00e9mon - Swagykarp\",\"isPartOf\":{\"@id\":\"https:\\\/\\\/swagykarp.fi\\\/en\\\/#website\"},\"primaryImageOfPage\":{\"@id\":\"https:\\\/\\\/swagykarp.fi\\\/product\\\/gengar-blind-box-shadow-of-the-blue-sea-simplified-chinese-pokemon\\\/#primaryimage\"},\"image\":{\"@id\":\"https:\\\/\\\/swagykarp.fi\\\/product\\\/gengar-blind-box-shadow-of-the-blue-sea-simplified-chinese-pokemon\\\/#primaryimage\"},\"thumbnailUrl\":\"https:\\\/\\\/swagykarp.fi\\\/wp-content\\\/uploads\\\/2025\\\/11\\\/blind-box-gengar-scaled.webp\",\"datePublished\":\"2025-11-04T18:35:02+00:00\",\"dateModified\":\"2026-01-08T22:47:26+00:00\",\"description\":\"1x RANDOM Themed Rubber Card Holder 1x RANDOM Themed Pokemon Card (will match the card holder) 1x RANDOM Brave Stars Jumbo Booster Pack (25 cards)\",\"breadcrumb\":{\"@id\":\"https:\\\/\\\/swagykarp.fi\\\/product\\\/gengar-blind-box-shadow-of-the-blue-sea-simplified-chinese-pokemon\\\/#breadcrumb\"},\"inLanguage\":\"en-GB\",\"potentialAction\":[{\"@type\":\"ReadAction\",\"target\":[\"https:\\\/\\\/swagykarp.fi\\\/product\\\/gengar-blind-box-shadow-of-the-blue-sea-simplified-chinese-pokemon\\\/\"]}]},{\"@type\":\"ImageObject\",\"inLanguage\":\"en-GB\",\"@id\":\"https:\\\/\\\/swagykarp.fi\\\/product\\\/gengar-blind-box-shadow-of-the-blue-sea-simplified-chinese-pokemon\\\/#primaryimage\",\"url\":\"https:\\\/\\\/swagykarp.fi\\\/wp-content\\\/uploads\\\/2025\\\/11\\\/blind-box-gengar-scaled.webp\",\"contentUrl\":\"https:\\\/\\\/swagykarp.fi\\\/wp-content\\\/uploads\\\/2025\\\/11\\\/blind-box-gengar-scaled.webp\",\"width\":2560,\"height\":2560},{\"@type\":\"BreadcrumbList\",\"@id\":\"https:\\\/\\\/swagykarp.fi\\\/product\\\/gengar-blind-box-shadow-of-the-blue-sea-simplified-chinese-pokemon\\\/#breadcrumb\",\"itemListElement\":[{\"@type\":\"ListItem\",\"position\":1,\"name\":\"Home\",\"item\":\"https:\\\/\\\/swagykarp.fi\\\/\"},{\"@type\":\"ListItem\",\"position\":2,\"name\":\"Kauppa\",\"item\":\"https:\\\/\\\/swagykarp.fi\\\/kauppa\\\/\"},{\"@type\":\"ListItem\",\"position\":3,\"name\":\"Gengar Blind Box &#8211; Shadow of the Blue Sea &#8211; Simplified Chinese Pok\u00e9mon\"}]},{\"@type\":\"WebSite\",\"@id\":\"https:\\\/\\\/swagykarp.fi\\\/en\\\/#website\",\"url\":\"https:\\\/\\\/swagykarp.fi\\\/en\\\/\",\"name\":\"Swagykarp\",\"description\":\"Pokemon TCG Store\",\"publisher\":{\"@id\":\"https:\\\/\\\/swagykarp.fi\\\/en\\\/#organization\"},\"potentialAction\":[{\"@type\":\"SearchAction\",\"target\":{\"@type\":\"EntryPoint\",\"urlTemplate\":\"https:\\\/\\\/swagykarp.fi\\\/en\\\/?s={search_term_string}\"},\"query-input\":{\"@type\":\"PropertyValueSpecification\",\"valueRequired\":true,\"valueName\":\"search_term_string\"}}],\"inLanguage\":\"en-GB\"},{\"@type\":\"Organization\",\"@id\":\"https:\\\/\\\/swagykarp.fi\\\/en\\\/#organization\",\"name\":\"Swagykarp\",\"url\":\"https:\\\/\\\/swagykarp.fi\\\/en\\\/\",\"logo\":{\"@type\":\"ImageObject\",\"inLanguage\":\"en-GB\",\"@id\":\"https:\\\/\\\/swagykarp.fi\\\/en\\\/#\\\/schema\\\/logo\\\/image\\\/\",\"url\":\"https:\\\/\\\/swagykarp.fi\\\/wp-content\\\/uploads\\\/2025\\\/08\\\/logo-text.webp\",\"contentUrl\":\"https:\\\/\\\/swagykarp.fi\\\/wp-content\\\/uploads\\\/2025\\\/08\\\/logo-text.webp\",\"width\":1920,\"height\":1920,\"caption\":\"Swagykarp\"},\"image\":{\"@id\":\"https:\\\/\\\/swagykarp.fi\\\/en\\\/#\\\/schema\\\/logo\\\/image\\\/\"},\"sameAs\":[\"https:\\\/\\\/www.facebook.com\\\/swagykarp\",\"https:\\\/\\\/x.com\\\/Swagykarp\",\"https:\\\/\\\/www.instagram.com\\\/swagykarp\"]}]}<\/script>\n<!-- \/ Yoast SEO Premium plugin. -->","yoast_head_json":{"title":"Gengar Blind Box - Shadow of the Blue Sea - Simplified Chinese Pok\u00e9mon - Swagykarp","description":"1x RANDOM Themed Rubber Card Holder 1x RANDOM Themed Pokemon Card (will match the card holder) 1x RANDOM Brave Stars Jumbo Booster Pack (25 cards)","robots":{"index":"index","follow":"follow","max-snippet":"max-snippet:-1","max-image-preview":"max-image-preview:large","max-video-preview":"max-video-preview:-1"},"canonical":"https:\/\/swagykarp.fi\/en\/product\/gengar-blind-box-shadow-of-the-blue-sea-simplified-chinese-pokemon\/","og_locale":"en_GB","og_type":"article","og_title":"Gengar Blind Box - Shadow of the Blue Sea - Simplified Chinese Pok\u00e9mon","og_description":"1x RANDOM Themed Rubber Card Holder 1x RANDOM Themed Pokemon Card (will match the card holder) 1x RANDOM Brave Stars Jumbo Booster Pack (25 cards)","og_url":"https:\/\/swagykarp.fi\/en\/product\/gengar-blind-box-shadow-of-the-blue-sea-simplified-chinese-pokemon\/","og_site_name":"Swagykarp","article_publisher":"https:\/\/www.facebook.com\/swagykarp","article_modified_time":"2026-01-08T22:47:26+00:00","og_image":[{"width":2560,"height":2560,"url":"https:\/\/swagykarp.fi\/wp-content\/uploads\/2025\/11\/blind-box-gengar-scaled.webp","type":"image\/webp"}],"twitter_card":"summary_large_image","twitter_site":"@Swagykarp","twitter_misc":{"Estimated reading time":"2 minutes"},"schema":{"@context":"https:\/\/schema.org","@graph":[{"@type":"WebPage","@id":"https:\/\/swagykarp.fi\/product\/gengar-blind-box-shadow-of-the-blue-sea-simplified-chinese-pokemon\/","url":"https:\/\/swagykarp.fi\/product\/gengar-blind-box-shadow-of-the-blue-sea-simplified-chinese-pokemon\/","name":"Gengar Blind Box - Shadow of the Blue Sea - Simplified Chinese Pok\u00e9mon - Swagykarp","isPartOf":{"@id":"https:\/\/swagykarp.fi\/en\/#website"},"primaryImageOfPage":{"@id":"https:\/\/swagykarp.fi\/product\/gengar-blind-box-shadow-of-the-blue-sea-simplified-chinese-pokemon\/#primaryimage"},"image":{"@id":"https:\/\/swagykarp.fi\/product\/gengar-blind-box-shadow-of-the-blue-sea-simplified-chinese-pokemon\/#primaryimage"},"thumbnailUrl":"https:\/\/swagykarp.fi\/wp-content\/uploads\/2025\/11\/blind-box-gengar-scaled.webp","datePublished":"2025-11-04T18:35:02+00:00","dateModified":"2026-01-08T22:47:26+00:00","description":"1x RANDOM Themed Rubber Card Holder 1x RANDOM Themed Pokemon Card (will match the card holder) 1x RANDOM Brave Stars Jumbo Booster Pack (25 cards)","breadcrumb":{"@id":"https:\/\/swagykarp.fi\/product\/gengar-blind-box-shadow-of-the-blue-sea-simplified-chinese-pokemon\/#breadcrumb"},"inLanguage":"en-GB","potentialAction":[{"@type":"ReadAction","target":["https:\/\/swagykarp.fi\/product\/gengar-blind-box-shadow-of-the-blue-sea-simplified-chinese-pokemon\/"]}]},{"@type":"ImageObject","inLanguage":"en-GB","@id":"https:\/\/swagykarp.fi\/product\/gengar-blind-box-shadow-of-the-blue-sea-simplified-chinese-pokemon\/#primaryimage","url":"https:\/\/swagykarp.fi\/wp-content\/uploads\/2025\/11\/blind-box-gengar-scaled.webp","contentUrl":"https:\/\/swagykarp.fi\/wp-content\/uploads\/2025\/11\/blind-box-gengar-scaled.webp","width":2560,"height":2560},{"@type":"BreadcrumbList","@id":"https:\/\/swagykarp.fi\/product\/gengar-blind-box-shadow-of-the-blue-sea-simplified-chinese-pokemon\/#breadcrumb","itemListElement":[{"@type":"ListItem","position":1,"name":"Home","item":"https:\/\/swagykarp.fi\/"},{"@type":"ListItem","position":2,"name":"Kauppa","item":"https:\/\/swagykarp.fi\/kauppa\/"},{"@type":"ListItem","position":3,"name":"Gengar Blind Box &#8211; Shadow of the Blue Sea &#8211; Simplified Chinese Pok\u00e9mon"}]},{"@type":"WebSite","@id":"https:\/\/swagykarp.fi\/en\/#website","url":"https:\/\/swagykarp.fi\/en\/","name":"Swagykarp","description":"Pokemon TCG Store","publisher":{"@id":"https:\/\/swagykarp.fi\/en\/#organization"},"potentialAction":[{"@type":"SearchAction","target":{"@type":"EntryPoint","urlTemplate":"https:\/\/swagykarp.fi\/en\/?s={search_term_string}"},"query-input":{"@type":"PropertyValueSpecification","valueRequired":true,"valueName":"search_term_string"}}],"inLanguage":"en-GB"},{"@type":"Organization","@id":"https:\/\/swagykarp.fi\/en\/#organization","name":"Swagykarp","url":"https:\/\/swagykarp.fi\/en\/","logo":{"@type":"ImageObject","inLanguage":"en-GB","@id":"https:\/\/swagykarp.fi\/en\/#\/schema\/logo\/image\/","url":"https:\/\/swagykarp.fi\/wp-content\/uploads\/2025\/08\/logo-text.webp","contentUrl":"https:\/\/swagykarp.fi\/wp-content\/uploads\/2025\/08\/logo-text.webp","width":1920,"height":1920,"caption":"Swagykarp"},"image":{"@id":"https:\/\/swagykarp.fi\/en\/#\/schema\/logo\/image\/"},"sameAs":["https:\/\/www.facebook.com\/swagykarp","https:\/\/x.com\/Swagykarp","https:\/\/www.instagram.com\/swagykarp"]}]}},"_links":{"self":[{"href":"https:\/\/swagykarp.fi\/en\/wp-json\/wp\/v2\/product\/12345","targetHints":{"allow":["GET"]}}],"collection":[{"href":"https:\/\/swagykarp.fi\/en\/wp-json\/wp\/v2\/product"}],"about":[{"href":"https:\/\/swagykarp.fi\/en\/wp-json\/wp\/v2\/types\/product"}],"wp:featuredmedia":[{"embeddable":true,"href":"https:\/\/swagykarp.fi\/en\/wp-json\/wp\/v2\/media\/12357"}],"wp:attachment":[{"href":"https:\/\/swagykarp.fi\/en\/wp-json\/wp\/v2\/media?parent=12345"}],"wp:term":[{"taxonomy":"product_brand","embeddable":true,"href":"https:\/\/swagykarp.fi\/en\/wp-json\/wp\/v2\/product_brand?post=12345"},{"taxonomy":"product_cat","embeddable":true,"href":"https:\/\/swagykarp.fi\/en\/wp-json\/wp\/v2\/product_cat?post=12345"},{"taxonomy":"product_tag","embeddable":true,"href":"https:\/\/swagykarp.fi\/en\/wp-json\/wp\/v2\/product_tag?post=12345"}],"curies":[{"name":"wp","href":"https:\/\/api.w.org\/{rel}","templated":true}]}}