{"id":11613,"date":"2025-10-31T09:52:15","date_gmt":"2025-10-31T07:52:15","guid":{"rendered":"https:\/\/swagykarp.fi\/?post_type=product&#038;p=11613"},"modified":"2026-04-06T10:21:28","modified_gmt":"2026-04-06T07:21:28","slug":"stellar-crown-3-pack-blister-tinkaton-promo","status":"publish","type":"product","link":"https:\/\/swagykarp.fi\/en\/product\/stellar-crown-3-pack-blister-tinkaton-promo\/","title":{"rendered":"Stellar Crown 3-Pack Blister (Tinkaton Promo)"},"content":{"rendered":"<p><strong>Each Stellar Crown Blister Pack contains:<\/strong><\/p>\n<p>3 booster<br \/>\n1 foil promo card<\/p>\n<p><strong>An Adventure to Awaken the Power Within<\/strong><\/p>\n<p>Descend into a world below the surface and discover the true potential of the Terastal phenomenon! The Legendary Pok\u00e9mon Terapagos takes the throne, joined by Cinderace ex, Lapras ex, and Galvantula ex, all wielding brilliant new powers as Stellar Tera Pok\u00e9mon ex. The newly discovered Hydrapple ex leads even more Pok\u00e9mon ex into battle, and ACE SPEC cards continue to shake up the game in the Pok\u00e9mon TCG: Scarlet &amp; Violet\u2014 Stellar Crown expansion!<\/p>\n<ul>\n<li>Over 170 cards<\/li>\n<li>More than a dozen new Pok\u00e9mon ex<\/li>\n<li>More new ACE SPEC cards<\/li>\n<li>More than 20 Trainer cards<\/li>\n<li>More than 30 Pok\u00e9mon and Trainer cards with special illustrations<\/li>\n<\/ul>\n<p>You can find more products from this expansion <a href=\"https:\/\/swagykarp.fi\/en\/product-category\/stellar-crown\/\">here<\/a>.<\/p>","protected":false},"excerpt":{"rendered":"<p>Each Stellar Crown Blister Pack contains: 3 booster 1 foil promo card An Adventure to Awaken the Power Within Descend into a world below the surface and discover the true [&hellip;]<\/p>\n","protected":false},"featured_media":11614,"template":"","meta":[],"product_brand":[],"product_cat":[49],"product_tag":[],"class_list":{"0":"post-11613","1":"product","2":"type-product","3":"status-publish","4":"has-post-thumbnail","6":"product_cat-blisterit","8":"first","9":"outofstock","10":"taxable","11":"shipping-taxable","12":"purchasable","13":"product-type-simple"},"yoast_head":"<!-- This site is optimized with the Yoast SEO Premium plugin v26.2 (Yoast SEO v27.2) - https:\/\/yoast.com\/product\/yoast-seo-premium-wordpress\/ -->\n<title>Stellar Crown 3-Pack Blister (Tinkaton Promo) - Swagykarp<\/title>\n<meta name=\"robots\" content=\"index, follow, max-snippet:-1, max-image-preview:large, max-video-preview:-1\" \/>\n<link rel=\"canonical\" href=\"https:\/\/swagykarp.fi\/en\/product\/stellar-crown-3-pack-blister-tinkaton-promo\/\" \/>\n<meta property=\"og:locale\" content=\"en_GB\" \/>\n<meta property=\"og:type\" content=\"article\" \/>\n<meta property=\"og:title\" content=\"Stellar Crown 3-Pack Blister (Tinkaton Promo)\" \/>\n<meta property=\"og:description\" content=\"Each Stellar Crown Blister Pack contains: 3 booster 1 foil promo card An Adventure to Awaken the Power Within Descend into a world below the surface and discover the true [&hellip;]\" \/>\n<meta property=\"og:url\" content=\"https:\/\/swagykarp.fi\/en\/product\/stellar-crown-3-pack-blister-tinkaton-promo\/\" \/>\n<meta property=\"og:site_name\" content=\"Swagykarp\" \/>\n<meta property=\"article:publisher\" content=\"https:\/\/www.facebook.com\/swagykarp\" \/>\n<meta property=\"article:modified_time\" content=\"2026-04-06T07:21:28+00:00\" \/>\n<meta property=\"og:image\" content=\"https:\/\/swagykarp.fi\/wp-content\/uploads\/2025\/10\/blister-stellar-crown-tinkaton-scaled-2.webp\" \/>\n\t<meta property=\"og:image:width\" content=\"1920\" \/>\n\t<meta property=\"og:image:height\" content=\"1920\" \/>\n\t<meta property=\"og:image:type\" content=\"image\/webp\" \/>\n<meta name=\"twitter:card\" content=\"summary_large_image\" \/>\n<meta name=\"twitter:site\" content=\"@Swagykarp\" \/>\n<meta name=\"twitter:label1\" content=\"Estimated reading time\" \/>\n\t<meta name=\"twitter:data1\" content=\"1 minute\" \/>\n<script type=\"application\/ld+json\" class=\"yoast-schema-graph\">{\"@context\":\"https:\/\/schema.org\",\"@graph\":[{\"@type\":\"WebPage\",\"@id\":\"https:\/\/swagykarp.fi\/product\/stellar-crown-3-pack-blister-tinkaton-promo\/\",\"url\":\"https:\/\/swagykarp.fi\/product\/stellar-crown-3-pack-blister-tinkaton-promo\/\",\"name\":\"Stellar Crown 3-Pack Blister (Tinkaton Promo) - Swagykarp\",\"isPartOf\":{\"@id\":\"https:\/\/swagykarp.fi\/en\/#website\"},\"primaryImageOfPage\":{\"@id\":\"https:\/\/swagykarp.fi\/product\/stellar-crown-3-pack-blister-tinkaton-promo\/#primaryimage\"},\"image\":{\"@id\":\"https:\/\/swagykarp.fi\/product\/stellar-crown-3-pack-blister-tinkaton-promo\/#primaryimage\"},\"thumbnailUrl\":\"https:\/\/swagykarp.fi\/wp-content\/uploads\/2025\/10\/blister-stellar-crown-tinkaton-scaled-2.webp\",\"datePublished\":\"2025-10-31T07:52:15+00:00\",\"dateModified\":\"2026-04-06T07:21:28+00:00\",\"breadcrumb\":{\"@id\":\"https:\/\/swagykarp.fi\/product\/stellar-crown-3-pack-blister-tinkaton-promo\/#breadcrumb\"},\"inLanguage\":\"en-GB\",\"potentialAction\":[{\"@type\":\"ReadAction\",\"target\":[\"https:\/\/swagykarp.fi\/product\/stellar-crown-3-pack-blister-tinkaton-promo\/\"]}]},{\"@type\":\"ImageObject\",\"inLanguage\":\"en-GB\",\"@id\":\"https:\/\/swagykarp.fi\/product\/stellar-crown-3-pack-blister-tinkaton-promo\/#primaryimage\",\"url\":\"https:\/\/swagykarp.fi\/wp-content\/uploads\/2025\/10\/blister-stellar-crown-tinkaton-scaled-2.webp\",\"contentUrl\":\"https:\/\/swagykarp.fi\/wp-content\/uploads\/2025\/10\/blister-stellar-crown-tinkaton-scaled-2.webp\",\"width\":1920,\"height\":1920},{\"@type\":\"BreadcrumbList\",\"@id\":\"https:\/\/swagykarp.fi\/product\/stellar-crown-3-pack-blister-tinkaton-promo\/#breadcrumb\",\"itemListElement\":[{\"@type\":\"ListItem\",\"position\":1,\"name\":\"Home\",\"item\":\"https:\/\/swagykarp.fi\/\"},{\"@type\":\"ListItem\",\"position\":2,\"name\":\"Kauppa\",\"item\":\"https:\/\/swagykarp.fi\/kauppa\/\"},{\"@type\":\"ListItem\",\"position\":3,\"name\":\"Stellar Crown 3-Pack Blister (Tinkaton Promo)\"}]},{\"@type\":\"WebSite\",\"@id\":\"https:\/\/swagykarp.fi\/en\/#website\",\"url\":\"https:\/\/swagykarp.fi\/en\/\",\"name\":\"Swagykarp\",\"description\":\"Pokemon TCG Store\",\"publisher\":{\"@id\":\"https:\/\/swagykarp.fi\/en\/#organization\"},\"potentialAction\":[{\"@type\":\"SearchAction\",\"target\":{\"@type\":\"EntryPoint\",\"urlTemplate\":\"https:\/\/swagykarp.fi\/en\/?s={search_term_string}\"},\"query-input\":{\"@type\":\"PropertyValueSpecification\",\"valueRequired\":true,\"valueName\":\"search_term_string\"}}],\"inLanguage\":\"en-GB\"},{\"@type\":\"Organization\",\"@id\":\"https:\/\/swagykarp.fi\/en\/#organization\",\"name\":\"Swagykarp\",\"url\":\"https:\/\/swagykarp.fi\/en\/\",\"logo\":{\"@type\":\"ImageObject\",\"inLanguage\":\"en-GB\",\"@id\":\"https:\/\/swagykarp.fi\/en\/#\/schema\/logo\/image\/\",\"url\":\"https:\/\/swagykarp.fi\/wp-content\/uploads\/2025\/08\/logo-text.webp\",\"contentUrl\":\"https:\/\/swagykarp.fi\/wp-content\/uploads\/2025\/08\/logo-text.webp\",\"width\":1920,\"height\":1920,\"caption\":\"Swagykarp\"},\"image\":{\"@id\":\"https:\/\/swagykarp.fi\/en\/#\/schema\/logo\/image\/\"},\"sameAs\":[\"https:\/\/www.facebook.com\/swagykarp\",\"https:\/\/x.com\/Swagykarp\",\"https:\/\/www.instagram.com\/swagykarp\"]}]}<\/script>\n<!-- \/ Yoast SEO Premium plugin. -->","yoast_head_json":{"title":"Stellar Crown 3-Pack Blister (Tinkaton Promo) - Swagykarp","robots":{"index":"index","follow":"follow","max-snippet":"max-snippet:-1","max-image-preview":"max-image-preview:large","max-video-preview":"max-video-preview:-1"},"canonical":"https:\/\/swagykarp.fi\/en\/product\/stellar-crown-3-pack-blister-tinkaton-promo\/","og_locale":"en_GB","og_type":"article","og_title":"Stellar Crown 3-Pack Blister (Tinkaton Promo)","og_description":"Each Stellar Crown Blister Pack contains: 3 booster 1 foil promo card An Adventure to Awaken the Power Within Descend into a world below the surface and discover the true [&hellip;]","og_url":"https:\/\/swagykarp.fi\/en\/product\/stellar-crown-3-pack-blister-tinkaton-promo\/","og_site_name":"Swagykarp","article_publisher":"https:\/\/www.facebook.com\/swagykarp","article_modified_time":"2026-04-06T07:21:28+00:00","og_image":[{"width":1920,"height":1920,"url":"https:\/\/swagykarp.fi\/wp-content\/uploads\/2025\/10\/blister-stellar-crown-tinkaton-scaled-2.webp","type":"image\/webp"}],"twitter_card":"summary_large_image","twitter_site":"@Swagykarp","twitter_misc":{"Estimated reading time":"1 minute"},"schema":{"@context":"https:\/\/schema.org","@graph":[{"@type":"WebPage","@id":"https:\/\/swagykarp.fi\/product\/stellar-crown-3-pack-blister-tinkaton-promo\/","url":"https:\/\/swagykarp.fi\/product\/stellar-crown-3-pack-blister-tinkaton-promo\/","name":"Stellar Crown 3-Pack Blister (Tinkaton Promo) - Swagykarp","isPartOf":{"@id":"https:\/\/swagykarp.fi\/en\/#website"},"primaryImageOfPage":{"@id":"https:\/\/swagykarp.fi\/product\/stellar-crown-3-pack-blister-tinkaton-promo\/#primaryimage"},"image":{"@id":"https:\/\/swagykarp.fi\/product\/stellar-crown-3-pack-blister-tinkaton-promo\/#primaryimage"},"thumbnailUrl":"https:\/\/swagykarp.fi\/wp-content\/uploads\/2025\/10\/blister-stellar-crown-tinkaton-scaled-2.webp","datePublished":"2025-10-31T07:52:15+00:00","dateModified":"2026-04-06T07:21:28+00:00","breadcrumb":{"@id":"https:\/\/swagykarp.fi\/product\/stellar-crown-3-pack-blister-tinkaton-promo\/#breadcrumb"},"inLanguage":"en-GB","potentialAction":[{"@type":"ReadAction","target":["https:\/\/swagykarp.fi\/product\/stellar-crown-3-pack-blister-tinkaton-promo\/"]}]},{"@type":"ImageObject","inLanguage":"en-GB","@id":"https:\/\/swagykarp.fi\/product\/stellar-crown-3-pack-blister-tinkaton-promo\/#primaryimage","url":"https:\/\/swagykarp.fi\/wp-content\/uploads\/2025\/10\/blister-stellar-crown-tinkaton-scaled-2.webp","contentUrl":"https:\/\/swagykarp.fi\/wp-content\/uploads\/2025\/10\/blister-stellar-crown-tinkaton-scaled-2.webp","width":1920,"height":1920},{"@type":"BreadcrumbList","@id":"https:\/\/swagykarp.fi\/product\/stellar-crown-3-pack-blister-tinkaton-promo\/#breadcrumb","itemListElement":[{"@type":"ListItem","position":1,"name":"Home","item":"https:\/\/swagykarp.fi\/"},{"@type":"ListItem","position":2,"name":"Kauppa","item":"https:\/\/swagykarp.fi\/kauppa\/"},{"@type":"ListItem","position":3,"name":"Stellar Crown 3-Pack Blister (Tinkaton Promo)"}]},{"@type":"WebSite","@id":"https:\/\/swagykarp.fi\/en\/#website","url":"https:\/\/swagykarp.fi\/en\/","name":"Swagykarp","description":"Pokemon TCG Store","publisher":{"@id":"https:\/\/swagykarp.fi\/en\/#organization"},"potentialAction":[{"@type":"SearchAction","target":{"@type":"EntryPoint","urlTemplate":"https:\/\/swagykarp.fi\/en\/?s={search_term_string}"},"query-input":{"@type":"PropertyValueSpecification","valueRequired":true,"valueName":"search_term_string"}}],"inLanguage":"en-GB"},{"@type":"Organization","@id":"https:\/\/swagykarp.fi\/en\/#organization","name":"Swagykarp","url":"https:\/\/swagykarp.fi\/en\/","logo":{"@type":"ImageObject","inLanguage":"en-GB","@id":"https:\/\/swagykarp.fi\/en\/#\/schema\/logo\/image\/","url":"https:\/\/swagykarp.fi\/wp-content\/uploads\/2025\/08\/logo-text.webp","contentUrl":"https:\/\/swagykarp.fi\/wp-content\/uploads\/2025\/08\/logo-text.webp","width":1920,"height":1920,"caption":"Swagykarp"},"image":{"@id":"https:\/\/swagykarp.fi\/en\/#\/schema\/logo\/image\/"},"sameAs":["https:\/\/www.facebook.com\/swagykarp","https:\/\/x.com\/Swagykarp","https:\/\/www.instagram.com\/swagykarp"]}]}},"_links":{"self":[{"href":"https:\/\/swagykarp.fi\/en\/wp-json\/wp\/v2\/product\/11613","targetHints":{"allow":["GET"]}}],"collection":[{"href":"https:\/\/swagykarp.fi\/en\/wp-json\/wp\/v2\/product"}],"about":[{"href":"https:\/\/swagykarp.fi\/en\/wp-json\/wp\/v2\/types\/product"}],"wp:featuredmedia":[{"embeddable":true,"href":"https:\/\/swagykarp.fi\/en\/wp-json\/wp\/v2\/media\/11614"}],"wp:attachment":[{"href":"https:\/\/swagykarp.fi\/en\/wp-json\/wp\/v2\/media?parent=11613"}],"wp:term":[{"taxonomy":"product_brand","embeddable":true,"href":"https:\/\/swagykarp.fi\/en\/wp-json\/wp\/v2\/product_brand?post=11613"},{"taxonomy":"product_cat","embeddable":true,"href":"https:\/\/swagykarp.fi\/en\/wp-json\/wp\/v2\/product_cat?post=11613"},{"taxonomy":"product_tag","embeddable":true,"href":"https:\/\/swagykarp.fi\/en\/wp-json\/wp\/v2\/product_tag?post=11613"}],"curies":[{"name":"wp","href":"https:\/\/api.w.org\/{rel}","templated":true}]}}