{"id":11610,"date":"2025-10-31T09:45:39","date_gmt":"2025-10-31T07:45:39","guid":{"rendered":"https:\/\/swagykarp.fi\/?post_type=product&#038;p=11610"},"modified":"2026-03-17T09:10:31","modified_gmt":"2026-03-17T07:10:31","slug":"scarlet-violet-black-bolt-binder-collection-2","status":"publish","type":"product","link":"https:\/\/swagykarp.fi\/en\/product\/scarlet-violet-black-bolt-binder-collection-2\/","title":{"rendered":"Scarlet &#038; Violet &#8211; Black Bolt: Binder Collection"},"content":{"rendered":"<p><strong>Scarlet &amp; Violet &#8211; Black Bolt: Binder Collection<br \/>\nRelease Date: July 18th 2025<br \/>\nEarly Bird Sale ends at 25.6.2025<br \/>\n<\/strong><\/p>\n<p><strong>Explore a Region of Harmony &amp; Ideals!<\/strong><br \/>\nReunite with the Pok\u00e9mon of Unova and rise to the top as a Trainer in a land of unity and legends! Evolve first partner Snivy all the way to Serperior ex, and discover the inspiring power of ideals with the region\u2019s Legendary and Mythical Pok\u00e9mon, including Zekrom ex and Meloetta ex. As you fill out your Pok\u00e9dex, keep an eye out for special illustrations of each Pok\u00e9mon and parallel cards with Pok\u00e9 Ball patterns in the Pok\u00e9mon TCG: Scarlet &amp; Violet\u2014Black Bolt expansion!<\/p>\n<p><strong>The Scarlet &amp; Violet &#8211; Black Bolt: Binder Collection contains:<br \/>\n<\/strong>5 Scarlet &amp; Violet &#8211; Black Bolt Booster Packs<br \/>\none nine-pocket album that holds up to 378 Pok\u00e9mon TCG cards<\/p>","protected":false},"excerpt":{"rendered":"<p>Scarlet &amp; Violet &#8211; Black Bolt: Binder Collection Release Date: July 18th 2025 Early Bird Sale ends at 25.6.2025 Explore a Region of Harmony &amp; Ideals! Reunite with the Pok\u00e9mon [&hellip;]<\/p>\n","protected":false},"featured_media":11611,"template":"","meta":[],"product_brand":[],"product_cat":[353,45,308],"product_tag":[],"class_list":{"0":"post-11610","1":"product","2":"type-product","3":"status-publish","4":"has-post-thumbnail","6":"product_cat-black-bolt","7":"product_cat-collection-boxit","8":"product_cat-kansiot","10":"first","11":"instock","12":"taxable","13":"shipping-taxable","14":"purchasable","15":"product-type-simple"},"yoast_head":"<!-- This site is optimized with the Yoast SEO Premium plugin v26.2 (Yoast SEO v27.2) - https:\/\/yoast.com\/product\/yoast-seo-premium-wordpress\/ -->\n<title>Scarlet &amp; Violet - Black Bolt: Binder Collection - Swagykarp<\/title>\n<meta name=\"robots\" content=\"index, follow, max-snippet:-1, max-image-preview:large, max-video-preview:-1\" \/>\n<link rel=\"canonical\" href=\"https:\/\/swagykarp.fi\/en\/product\/scarlet-violet-black-bolt-binder-collection-2\/\" \/>\n<meta property=\"og:locale\" content=\"en_GB\" \/>\n<meta property=\"og:type\" content=\"article\" \/>\n<meta property=\"og:title\" content=\"Scarlet &amp; Violet - Black Bolt: Binder Collection\" \/>\n<meta property=\"og:description\" content=\"Scarlet &amp; Violet &#8211; Black Bolt: Binder Collection Release Date: July 18th 2025 Early Bird Sale ends at 25.6.2025 Explore a Region of Harmony &amp; Ideals! Reunite with the Pok\u00e9mon [&hellip;]\" \/>\n<meta property=\"og:url\" content=\"https:\/\/swagykarp.fi\/en\/product\/scarlet-violet-black-bolt-binder-collection-2\/\" \/>\n<meta property=\"og:site_name\" content=\"Swagykarp\" \/>\n<meta property=\"article:publisher\" content=\"https:\/\/www.facebook.com\/swagykarp\" \/>\n<meta property=\"article:modified_time\" content=\"2026-03-17T07:10:31+00:00\" \/>\n<meta property=\"og:image\" content=\"https:\/\/swagykarp.fi\/wp-content\/uploads\/2025\/10\/collection-binder-black-bolt-scaled-2.webp\" \/>\n\t<meta property=\"og:image:width\" content=\"1920\" \/>\n\t<meta property=\"og:image:height\" content=\"1920\" \/>\n\t<meta property=\"og:image:type\" content=\"image\/webp\" \/>\n<meta name=\"twitter:card\" content=\"summary_large_image\" \/>\n<meta name=\"twitter:site\" content=\"@Swagykarp\" \/>\n<meta name=\"twitter:label1\" content=\"Estimated reading time\" \/>\n\t<meta name=\"twitter:data1\" content=\"2 minutes\" \/>\n<script type=\"application\/ld+json\" class=\"yoast-schema-graph\">{\"@context\":\"https:\/\/schema.org\",\"@graph\":[{\"@type\":\"WebPage\",\"@id\":\"https:\/\/swagykarp.fi\/product\/scarlet-violet-black-bolt-binder-collection-2\/\",\"url\":\"https:\/\/swagykarp.fi\/product\/scarlet-violet-black-bolt-binder-collection-2\/\",\"name\":\"Scarlet & Violet - Black Bolt: Binder Collection - Swagykarp\",\"isPartOf\":{\"@id\":\"https:\/\/swagykarp.fi\/en\/#website\"},\"primaryImageOfPage\":{\"@id\":\"https:\/\/swagykarp.fi\/product\/scarlet-violet-black-bolt-binder-collection-2\/#primaryimage\"},\"image\":{\"@id\":\"https:\/\/swagykarp.fi\/product\/scarlet-violet-black-bolt-binder-collection-2\/#primaryimage\"},\"thumbnailUrl\":\"https:\/\/swagykarp.fi\/wp-content\/uploads\/2025\/10\/collection-binder-black-bolt-scaled-2.webp\",\"datePublished\":\"2025-10-31T07:45:39+00:00\",\"dateModified\":\"2026-03-17T07:10:31+00:00\",\"breadcrumb\":{\"@id\":\"https:\/\/swagykarp.fi\/product\/scarlet-violet-black-bolt-binder-collection-2\/#breadcrumb\"},\"inLanguage\":\"en-GB\",\"potentialAction\":[{\"@type\":\"ReadAction\",\"target\":[\"https:\/\/swagykarp.fi\/product\/scarlet-violet-black-bolt-binder-collection-2\/\"]}]},{\"@type\":\"ImageObject\",\"inLanguage\":\"en-GB\",\"@id\":\"https:\/\/swagykarp.fi\/product\/scarlet-violet-black-bolt-binder-collection-2\/#primaryimage\",\"url\":\"https:\/\/swagykarp.fi\/wp-content\/uploads\/2025\/10\/collection-binder-black-bolt-scaled-2.webp\",\"contentUrl\":\"https:\/\/swagykarp.fi\/wp-content\/uploads\/2025\/10\/collection-binder-black-bolt-scaled-2.webp\",\"width\":1920,\"height\":1920},{\"@type\":\"BreadcrumbList\",\"@id\":\"https:\/\/swagykarp.fi\/product\/scarlet-violet-black-bolt-binder-collection-2\/#breadcrumb\",\"itemListElement\":[{\"@type\":\"ListItem\",\"position\":1,\"name\":\"Home\",\"item\":\"https:\/\/swagykarp.fi\/\"},{\"@type\":\"ListItem\",\"position\":2,\"name\":\"Kauppa\",\"item\":\"https:\/\/swagykarp.fi\/kauppa\/\"},{\"@type\":\"ListItem\",\"position\":3,\"name\":\"Scarlet &#038; Violet &#8211; Black Bolt: Binder Collection\"}]},{\"@type\":\"WebSite\",\"@id\":\"https:\/\/swagykarp.fi\/en\/#website\",\"url\":\"https:\/\/swagykarp.fi\/en\/\",\"name\":\"Swagykarp\",\"description\":\"Pokemon TCG Store\",\"publisher\":{\"@id\":\"https:\/\/swagykarp.fi\/en\/#organization\"},\"potentialAction\":[{\"@type\":\"SearchAction\",\"target\":{\"@type\":\"EntryPoint\",\"urlTemplate\":\"https:\/\/swagykarp.fi\/en\/?s={search_term_string}\"},\"query-input\":{\"@type\":\"PropertyValueSpecification\",\"valueRequired\":true,\"valueName\":\"search_term_string\"}}],\"inLanguage\":\"en-GB\"},{\"@type\":\"Organization\",\"@id\":\"https:\/\/swagykarp.fi\/en\/#organization\",\"name\":\"Swagykarp\",\"url\":\"https:\/\/swagykarp.fi\/en\/\",\"logo\":{\"@type\":\"ImageObject\",\"inLanguage\":\"en-GB\",\"@id\":\"https:\/\/swagykarp.fi\/en\/#\/schema\/logo\/image\/\",\"url\":\"https:\/\/swagykarp.fi\/wp-content\/uploads\/2025\/08\/logo-text.webp\",\"contentUrl\":\"https:\/\/swagykarp.fi\/wp-content\/uploads\/2025\/08\/logo-text.webp\",\"width\":1920,\"height\":1920,\"caption\":\"Swagykarp\"},\"image\":{\"@id\":\"https:\/\/swagykarp.fi\/en\/#\/schema\/logo\/image\/\"},\"sameAs\":[\"https:\/\/www.facebook.com\/swagykarp\",\"https:\/\/x.com\/Swagykarp\",\"https:\/\/www.instagram.com\/swagykarp\"]}]}<\/script>\n<!-- \/ Yoast SEO Premium plugin. -->","yoast_head_json":{"title":"Scarlet & Violet - Black Bolt: Binder Collection - Swagykarp","robots":{"index":"index","follow":"follow","max-snippet":"max-snippet:-1","max-image-preview":"max-image-preview:large","max-video-preview":"max-video-preview:-1"},"canonical":"https:\/\/swagykarp.fi\/en\/product\/scarlet-violet-black-bolt-binder-collection-2\/","og_locale":"en_GB","og_type":"article","og_title":"Scarlet & Violet - Black Bolt: Binder Collection","og_description":"Scarlet &amp; Violet &#8211; Black Bolt: Binder Collection Release Date: July 18th 2025 Early Bird Sale ends at 25.6.2025 Explore a Region of Harmony &amp; Ideals! Reunite with the Pok\u00e9mon [&hellip;]","og_url":"https:\/\/swagykarp.fi\/en\/product\/scarlet-violet-black-bolt-binder-collection-2\/","og_site_name":"Swagykarp","article_publisher":"https:\/\/www.facebook.com\/swagykarp","article_modified_time":"2026-03-17T07:10:31+00:00","og_image":[{"width":1920,"height":1920,"url":"https:\/\/swagykarp.fi\/wp-content\/uploads\/2025\/10\/collection-binder-black-bolt-scaled-2.webp","type":"image\/webp"}],"twitter_card":"summary_large_image","twitter_site":"@Swagykarp","twitter_misc":{"Estimated reading time":"2 minutes"},"schema":{"@context":"https:\/\/schema.org","@graph":[{"@type":"WebPage","@id":"https:\/\/swagykarp.fi\/product\/scarlet-violet-black-bolt-binder-collection-2\/","url":"https:\/\/swagykarp.fi\/product\/scarlet-violet-black-bolt-binder-collection-2\/","name":"Scarlet & Violet - Black Bolt: Binder Collection - Swagykarp","isPartOf":{"@id":"https:\/\/swagykarp.fi\/en\/#website"},"primaryImageOfPage":{"@id":"https:\/\/swagykarp.fi\/product\/scarlet-violet-black-bolt-binder-collection-2\/#primaryimage"},"image":{"@id":"https:\/\/swagykarp.fi\/product\/scarlet-violet-black-bolt-binder-collection-2\/#primaryimage"},"thumbnailUrl":"https:\/\/swagykarp.fi\/wp-content\/uploads\/2025\/10\/collection-binder-black-bolt-scaled-2.webp","datePublished":"2025-10-31T07:45:39+00:00","dateModified":"2026-03-17T07:10:31+00:00","breadcrumb":{"@id":"https:\/\/swagykarp.fi\/product\/scarlet-violet-black-bolt-binder-collection-2\/#breadcrumb"},"inLanguage":"en-GB","potentialAction":[{"@type":"ReadAction","target":["https:\/\/swagykarp.fi\/product\/scarlet-violet-black-bolt-binder-collection-2\/"]}]},{"@type":"ImageObject","inLanguage":"en-GB","@id":"https:\/\/swagykarp.fi\/product\/scarlet-violet-black-bolt-binder-collection-2\/#primaryimage","url":"https:\/\/swagykarp.fi\/wp-content\/uploads\/2025\/10\/collection-binder-black-bolt-scaled-2.webp","contentUrl":"https:\/\/swagykarp.fi\/wp-content\/uploads\/2025\/10\/collection-binder-black-bolt-scaled-2.webp","width":1920,"height":1920},{"@type":"BreadcrumbList","@id":"https:\/\/swagykarp.fi\/product\/scarlet-violet-black-bolt-binder-collection-2\/#breadcrumb","itemListElement":[{"@type":"ListItem","position":1,"name":"Home","item":"https:\/\/swagykarp.fi\/"},{"@type":"ListItem","position":2,"name":"Kauppa","item":"https:\/\/swagykarp.fi\/kauppa\/"},{"@type":"ListItem","position":3,"name":"Scarlet &#038; Violet &#8211; Black Bolt: Binder Collection"}]},{"@type":"WebSite","@id":"https:\/\/swagykarp.fi\/en\/#website","url":"https:\/\/swagykarp.fi\/en\/","name":"Swagykarp","description":"Pokemon TCG Store","publisher":{"@id":"https:\/\/swagykarp.fi\/en\/#organization"},"potentialAction":[{"@type":"SearchAction","target":{"@type":"EntryPoint","urlTemplate":"https:\/\/swagykarp.fi\/en\/?s={search_term_string}"},"query-input":{"@type":"PropertyValueSpecification","valueRequired":true,"valueName":"search_term_string"}}],"inLanguage":"en-GB"},{"@type":"Organization","@id":"https:\/\/swagykarp.fi\/en\/#organization","name":"Swagykarp","url":"https:\/\/swagykarp.fi\/en\/","logo":{"@type":"ImageObject","inLanguage":"en-GB","@id":"https:\/\/swagykarp.fi\/en\/#\/schema\/logo\/image\/","url":"https:\/\/swagykarp.fi\/wp-content\/uploads\/2025\/08\/logo-text.webp","contentUrl":"https:\/\/swagykarp.fi\/wp-content\/uploads\/2025\/08\/logo-text.webp","width":1920,"height":1920,"caption":"Swagykarp"},"image":{"@id":"https:\/\/swagykarp.fi\/en\/#\/schema\/logo\/image\/"},"sameAs":["https:\/\/www.facebook.com\/swagykarp","https:\/\/x.com\/Swagykarp","https:\/\/www.instagram.com\/swagykarp"]}]}},"_links":{"self":[{"href":"https:\/\/swagykarp.fi\/en\/wp-json\/wp\/v2\/product\/11610","targetHints":{"allow":["GET"]}}],"collection":[{"href":"https:\/\/swagykarp.fi\/en\/wp-json\/wp\/v2\/product"}],"about":[{"href":"https:\/\/swagykarp.fi\/en\/wp-json\/wp\/v2\/types\/product"}],"wp:featuredmedia":[{"embeddable":true,"href":"https:\/\/swagykarp.fi\/en\/wp-json\/wp\/v2\/media\/11611"}],"wp:attachment":[{"href":"https:\/\/swagykarp.fi\/en\/wp-json\/wp\/v2\/media?parent=11610"}],"wp:term":[{"taxonomy":"product_brand","embeddable":true,"href":"https:\/\/swagykarp.fi\/en\/wp-json\/wp\/v2\/product_brand?post=11610"},{"taxonomy":"product_cat","embeddable":true,"href":"https:\/\/swagykarp.fi\/en\/wp-json\/wp\/v2\/product_cat?post=11610"},{"taxonomy":"product_tag","embeddable":true,"href":"https:\/\/swagykarp.fi\/en\/wp-json\/wp\/v2\/product_tag?post=11610"}],"curies":[{"name":"wp","href":"https:\/\/api.w.org\/{rel}","templated":true}]}}