{"id":10435,"date":"2025-10-19T11:13:27","date_gmt":"2025-10-19T08:13:27","guid":{"rendered":"https:\/\/swagykarp.fi\/?post_type=product&#038;p=10435"},"modified":"2025-11-21T10:21:08","modified_gmt":"2025-11-21T08:21:08","slug":"phantasmal-flames-3-pack-blister-weavile-promo","status":"publish","type":"product","link":"https:\/\/swagykarp.fi\/en\/product\/phantasmal-flames-3-pack-blister-weavile-promo\/","title":{"rendered":"Phantasmal Flames 3-Pack Blister (Weavile Promo)"},"content":{"rendered":"<p><strong>Phantasmal Flames 3-Pack Blister (Weavile Promo)<br \/>\nRelease Date: November 14th<br \/>\nLimited to 1 Per Customer \/ Household\u00a0<\/strong><\/p>\n<p><strong>Each Phantasmal Flames Blister Pack contains:<\/strong><\/p>\n<p>3 booster packs<br \/>\n1 foil promo card<\/p>\n<p><strong>Ignite a Burning Spirit of Battle!<\/strong><br \/>\nSearing blue flames rip across a dark battlefield as Mega Charizard X ex soars up and looks down upon its opponents! With a deep chill to rival the heat, the shadowy figure of Mega Gengar ex slowly rises into view, and both Pok\u00e9mon prepare to attack. Determined to prove their mettle, Mega Heracross ex, Mega Lopunny ex, and even more Pok\u00e9mon line up to give it their all in the Pok\u00e9mon TCG: Mega Evolution\u2014Phantasmal Flames expansion!<\/p>\n<p><strong>Each booster pack contains 10 cards, 1 Basic Energy, and 1 Pok\u00e9mon TCG Live code card. Cards vary by pack.<\/strong><\/p>","protected":false},"excerpt":{"rendered":"<p>Phantasmal Flames 3-Pack Blister (Weavile Promo) Release Date: November 14th Limited to 1 Per Customer \/ Household\u00a0 Each Phantasmal Flames Blister Pack contains: 3 booster packs 1 foil promo card [&hellip;]<\/p>\n","protected":false},"featured_media":10436,"template":"","meta":[],"product_brand":[],"product_cat":[49,323],"product_tag":[],"class_list":{"0":"post-10435","1":"product","2":"type-product","3":"status-publish","4":"has-post-thumbnail","6":"product_cat-blisterit","7":"product_cat-phantasmal-flames","9":"first","10":"outofstock","11":"taxable","12":"shipping-taxable","13":"purchasable","14":"product-type-simple"},"yoast_head":"<!-- This site is optimized with the Yoast SEO Premium plugin v26.2 (Yoast SEO v27.4) - https:\/\/yoast.com\/product\/yoast-seo-premium-wordpress\/ -->\n<title>Phantasmal Flames 3-Pack Blister (Weavile Promo) - Swagykarp<\/title>\n<meta name=\"robots\" content=\"index, follow, max-snippet:-1, max-image-preview:large, max-video-preview:-1\" \/>\n<link rel=\"canonical\" href=\"https:\/\/swagykarp.fi\/en\/product\/phantasmal-flames-3-pack-blister-weavile-promo\/\" \/>\n<meta property=\"og:locale\" content=\"en_GB\" \/>\n<meta property=\"og:type\" content=\"article\" \/>\n<meta property=\"og:title\" content=\"Phantasmal Flames 3-Pack Blister (Weavile Promo)\" \/>\n<meta property=\"og:description\" content=\"Phantasmal Flames 3-Pack Blister (Weavile Promo) Release Date: November 14th Limited to 1 Per Customer \/ Household\u00a0 Each Phantasmal Flames Blister Pack contains: 3 booster packs 1 foil promo card [&hellip;]\" \/>\n<meta property=\"og:url\" content=\"https:\/\/swagykarp.fi\/en\/product\/phantasmal-flames-3-pack-blister-weavile-promo\/\" \/>\n<meta property=\"og:site_name\" content=\"Swagykarp\" \/>\n<meta property=\"article:publisher\" content=\"https:\/\/www.facebook.com\/swagykarp\" \/>\n<meta property=\"article:modified_time\" content=\"2025-11-21T08:21:08+00:00\" \/>\n<meta property=\"og:image\" content=\"https:\/\/swagykarp.fi\/wp-content\/uploads\/2025\/10\/blister-phantasmal-flames-weavile-scaled-1.webp\" \/>\n\t<meta property=\"og:image:width\" content=\"2560\" \/>\n\t<meta property=\"og:image:height\" content=\"2560\" \/>\n\t<meta property=\"og:image:type\" content=\"image\/webp\" \/>\n<meta name=\"twitter:card\" content=\"summary_large_image\" \/>\n<meta name=\"twitter:site\" content=\"@Swagykarp\" \/>\n<meta name=\"twitter:label1\" content=\"Estimated reading time\" \/>\n\t<meta name=\"twitter:data1\" content=\"1 minute\" \/>\n<script type=\"application\/ld+json\" class=\"yoast-schema-graph\">{\"@context\":\"https:\\\/\\\/schema.org\",\"@graph\":[{\"@type\":\"WebPage\",\"@id\":\"https:\\\/\\\/swagykarp.fi\\\/product\\\/phantasmal-flames-3-pack-blister-weavile-promo\\\/\",\"url\":\"https:\\\/\\\/swagykarp.fi\\\/product\\\/phantasmal-flames-3-pack-blister-weavile-promo\\\/\",\"name\":\"Phantasmal Flames 3-Pack Blister (Weavile Promo) - Swagykarp\",\"isPartOf\":{\"@id\":\"https:\\\/\\\/swagykarp.fi\\\/en\\\/#website\"},\"primaryImageOfPage\":{\"@id\":\"https:\\\/\\\/swagykarp.fi\\\/product\\\/phantasmal-flames-3-pack-blister-weavile-promo\\\/#primaryimage\"},\"image\":{\"@id\":\"https:\\\/\\\/swagykarp.fi\\\/product\\\/phantasmal-flames-3-pack-blister-weavile-promo\\\/#primaryimage\"},\"thumbnailUrl\":\"https:\\\/\\\/swagykarp.fi\\\/wp-content\\\/uploads\\\/2025\\\/10\\\/blister-phantasmal-flames-weavile-scaled-1.webp\",\"datePublished\":\"2025-10-19T08:13:27+00:00\",\"dateModified\":\"2025-11-21T08:21:08+00:00\",\"breadcrumb\":{\"@id\":\"https:\\\/\\\/swagykarp.fi\\\/product\\\/phantasmal-flames-3-pack-blister-weavile-promo\\\/#breadcrumb\"},\"inLanguage\":\"en-GB\",\"potentialAction\":[{\"@type\":\"ReadAction\",\"target\":[\"https:\\\/\\\/swagykarp.fi\\\/product\\\/phantasmal-flames-3-pack-blister-weavile-promo\\\/\"]}]},{\"@type\":\"ImageObject\",\"inLanguage\":\"en-GB\",\"@id\":\"https:\\\/\\\/swagykarp.fi\\\/product\\\/phantasmal-flames-3-pack-blister-weavile-promo\\\/#primaryimage\",\"url\":\"https:\\\/\\\/swagykarp.fi\\\/wp-content\\\/uploads\\\/2025\\\/10\\\/blister-phantasmal-flames-weavile-scaled-1.webp\",\"contentUrl\":\"https:\\\/\\\/swagykarp.fi\\\/wp-content\\\/uploads\\\/2025\\\/10\\\/blister-phantasmal-flames-weavile-scaled-1.webp\",\"width\":2560,\"height\":2560},{\"@type\":\"BreadcrumbList\",\"@id\":\"https:\\\/\\\/swagykarp.fi\\\/product\\\/phantasmal-flames-3-pack-blister-weavile-promo\\\/#breadcrumb\",\"itemListElement\":[{\"@type\":\"ListItem\",\"position\":1,\"name\":\"Home\",\"item\":\"https:\\\/\\\/swagykarp.fi\\\/\"},{\"@type\":\"ListItem\",\"position\":2,\"name\":\"Kauppa\",\"item\":\"https:\\\/\\\/swagykarp.fi\\\/kauppa\\\/\"},{\"@type\":\"ListItem\",\"position\":3,\"name\":\"Phantasmal Flames 3-Pack Blister (Weavile Promo)\"}]},{\"@type\":\"WebSite\",\"@id\":\"https:\\\/\\\/swagykarp.fi\\\/en\\\/#website\",\"url\":\"https:\\\/\\\/swagykarp.fi\\\/en\\\/\",\"name\":\"Swagykarp\",\"description\":\"Pokemon TCG Store\",\"publisher\":{\"@id\":\"https:\\\/\\\/swagykarp.fi\\\/en\\\/#organization\"},\"potentialAction\":[{\"@type\":\"SearchAction\",\"target\":{\"@type\":\"EntryPoint\",\"urlTemplate\":\"https:\\\/\\\/swagykarp.fi\\\/en\\\/?s={search_term_string}\"},\"query-input\":{\"@type\":\"PropertyValueSpecification\",\"valueRequired\":true,\"valueName\":\"search_term_string\"}}],\"inLanguage\":\"en-GB\"},{\"@type\":\"Organization\",\"@id\":\"https:\\\/\\\/swagykarp.fi\\\/en\\\/#organization\",\"name\":\"Swagykarp\",\"url\":\"https:\\\/\\\/swagykarp.fi\\\/en\\\/\",\"logo\":{\"@type\":\"ImageObject\",\"inLanguage\":\"en-GB\",\"@id\":\"https:\\\/\\\/swagykarp.fi\\\/en\\\/#\\\/schema\\\/logo\\\/image\\\/\",\"url\":\"https:\\\/\\\/swagykarp.fi\\\/wp-content\\\/uploads\\\/2025\\\/08\\\/logo-text.webp\",\"contentUrl\":\"https:\\\/\\\/swagykarp.fi\\\/wp-content\\\/uploads\\\/2025\\\/08\\\/logo-text.webp\",\"width\":1920,\"height\":1920,\"caption\":\"Swagykarp\"},\"image\":{\"@id\":\"https:\\\/\\\/swagykarp.fi\\\/en\\\/#\\\/schema\\\/logo\\\/image\\\/\"},\"sameAs\":[\"https:\\\/\\\/www.facebook.com\\\/swagykarp\",\"https:\\\/\\\/x.com\\\/Swagykarp\",\"https:\\\/\\\/www.instagram.com\\\/swagykarp\"]}]}<\/script>\n<!-- \/ Yoast SEO Premium plugin. -->","yoast_head_json":{"title":"Phantasmal Flames 3-Pack Blister (Weavile Promo) - Swagykarp","robots":{"index":"index","follow":"follow","max-snippet":"max-snippet:-1","max-image-preview":"max-image-preview:large","max-video-preview":"max-video-preview:-1"},"canonical":"https:\/\/swagykarp.fi\/en\/product\/phantasmal-flames-3-pack-blister-weavile-promo\/","og_locale":"en_GB","og_type":"article","og_title":"Phantasmal Flames 3-Pack Blister (Weavile Promo)","og_description":"Phantasmal Flames 3-Pack Blister (Weavile Promo) Release Date: November 14th Limited to 1 Per Customer \/ Household\u00a0 Each Phantasmal Flames Blister Pack contains: 3 booster packs 1 foil promo card [&hellip;]","og_url":"https:\/\/swagykarp.fi\/en\/product\/phantasmal-flames-3-pack-blister-weavile-promo\/","og_site_name":"Swagykarp","article_publisher":"https:\/\/www.facebook.com\/swagykarp","article_modified_time":"2025-11-21T08:21:08+00:00","og_image":[{"width":2560,"height":2560,"url":"https:\/\/swagykarp.fi\/wp-content\/uploads\/2025\/10\/blister-phantasmal-flames-weavile-scaled-1.webp","type":"image\/webp"}],"twitter_card":"summary_large_image","twitter_site":"@Swagykarp","twitter_misc":{"Estimated reading time":"1 minute"},"schema":{"@context":"https:\/\/schema.org","@graph":[{"@type":"WebPage","@id":"https:\/\/swagykarp.fi\/product\/phantasmal-flames-3-pack-blister-weavile-promo\/","url":"https:\/\/swagykarp.fi\/product\/phantasmal-flames-3-pack-blister-weavile-promo\/","name":"Phantasmal Flames 3-Pack Blister (Weavile Promo) - Swagykarp","isPartOf":{"@id":"https:\/\/swagykarp.fi\/en\/#website"},"primaryImageOfPage":{"@id":"https:\/\/swagykarp.fi\/product\/phantasmal-flames-3-pack-blister-weavile-promo\/#primaryimage"},"image":{"@id":"https:\/\/swagykarp.fi\/product\/phantasmal-flames-3-pack-blister-weavile-promo\/#primaryimage"},"thumbnailUrl":"https:\/\/swagykarp.fi\/wp-content\/uploads\/2025\/10\/blister-phantasmal-flames-weavile-scaled-1.webp","datePublished":"2025-10-19T08:13:27+00:00","dateModified":"2025-11-21T08:21:08+00:00","breadcrumb":{"@id":"https:\/\/swagykarp.fi\/product\/phantasmal-flames-3-pack-blister-weavile-promo\/#breadcrumb"},"inLanguage":"en-GB","potentialAction":[{"@type":"ReadAction","target":["https:\/\/swagykarp.fi\/product\/phantasmal-flames-3-pack-blister-weavile-promo\/"]}]},{"@type":"ImageObject","inLanguage":"en-GB","@id":"https:\/\/swagykarp.fi\/product\/phantasmal-flames-3-pack-blister-weavile-promo\/#primaryimage","url":"https:\/\/swagykarp.fi\/wp-content\/uploads\/2025\/10\/blister-phantasmal-flames-weavile-scaled-1.webp","contentUrl":"https:\/\/swagykarp.fi\/wp-content\/uploads\/2025\/10\/blister-phantasmal-flames-weavile-scaled-1.webp","width":2560,"height":2560},{"@type":"BreadcrumbList","@id":"https:\/\/swagykarp.fi\/product\/phantasmal-flames-3-pack-blister-weavile-promo\/#breadcrumb","itemListElement":[{"@type":"ListItem","position":1,"name":"Home","item":"https:\/\/swagykarp.fi\/"},{"@type":"ListItem","position":2,"name":"Kauppa","item":"https:\/\/swagykarp.fi\/kauppa\/"},{"@type":"ListItem","position":3,"name":"Phantasmal Flames 3-Pack Blister (Weavile Promo)"}]},{"@type":"WebSite","@id":"https:\/\/swagykarp.fi\/en\/#website","url":"https:\/\/swagykarp.fi\/en\/","name":"Swagykarp","description":"Pokemon TCG Store","publisher":{"@id":"https:\/\/swagykarp.fi\/en\/#organization"},"potentialAction":[{"@type":"SearchAction","target":{"@type":"EntryPoint","urlTemplate":"https:\/\/swagykarp.fi\/en\/?s={search_term_string}"},"query-input":{"@type":"PropertyValueSpecification","valueRequired":true,"valueName":"search_term_string"}}],"inLanguage":"en-GB"},{"@type":"Organization","@id":"https:\/\/swagykarp.fi\/en\/#organization","name":"Swagykarp","url":"https:\/\/swagykarp.fi\/en\/","logo":{"@type":"ImageObject","inLanguage":"en-GB","@id":"https:\/\/swagykarp.fi\/en\/#\/schema\/logo\/image\/","url":"https:\/\/swagykarp.fi\/wp-content\/uploads\/2025\/08\/logo-text.webp","contentUrl":"https:\/\/swagykarp.fi\/wp-content\/uploads\/2025\/08\/logo-text.webp","width":1920,"height":1920,"caption":"Swagykarp"},"image":{"@id":"https:\/\/swagykarp.fi\/en\/#\/schema\/logo\/image\/"},"sameAs":["https:\/\/www.facebook.com\/swagykarp","https:\/\/x.com\/Swagykarp","https:\/\/www.instagram.com\/swagykarp"]}]}},"_links":{"self":[{"href":"https:\/\/swagykarp.fi\/en\/wp-json\/wp\/v2\/product\/10435","targetHints":{"allow":["GET"]}}],"collection":[{"href":"https:\/\/swagykarp.fi\/en\/wp-json\/wp\/v2\/product"}],"about":[{"href":"https:\/\/swagykarp.fi\/en\/wp-json\/wp\/v2\/types\/product"}],"wp:featuredmedia":[{"embeddable":true,"href":"https:\/\/swagykarp.fi\/en\/wp-json\/wp\/v2\/media\/10436"}],"wp:attachment":[{"href":"https:\/\/swagykarp.fi\/en\/wp-json\/wp\/v2\/media?parent=10435"}],"wp:term":[{"taxonomy":"product_brand","embeddable":true,"href":"https:\/\/swagykarp.fi\/en\/wp-json\/wp\/v2\/product_brand?post=10435"},{"taxonomy":"product_cat","embeddable":true,"href":"https:\/\/swagykarp.fi\/en\/wp-json\/wp\/v2\/product_cat?post=10435"},{"taxonomy":"product_tag","embeddable":true,"href":"https:\/\/swagykarp.fi\/en\/wp-json\/wp\/v2\/product_tag?post=10435"}],"curies":[{"name":"wp","href":"https:\/\/api.w.org\/{rel}","templated":true}]}}